{"id":20319,"date":"2023-11-10T20:46:17","date_gmt":"2023-11-10T18:46:17","guid":{"rendered":"https:\/\/dev2.pallasdesign.ee\/kasitoopood\/maaratlemata\/rintalappuesiliina-urban\/"},"modified":"2025-11-23T23:09:50","modified_gmt":"2025-11-23T21:09:50","slug":"rintalappuesiliina-urban","status":"publish","type":"product","link":"https:\/\/dev2.pallasdesign.ee\/fi\/rintalappuesiliina-urban\/","title":{"rendered":"Rintalappuesiliina Urban"},"content":{"rendered":"<h2>Rintalappuesiliina<\/h2>\n<p>Moderni ja rennon tyylinen rintalappuesiliina, jossa on samasta kankaasta valmistetut olkahihnat.<br \/>\nRintalapun pituutta voi s\u00e4\u00e4t\u00e4\u00e4 helposti ja joustavasti soljella.<br \/>\nPronssinv\u00e4riset niitit ja kontrastiv\u00e4riset p\u00e4\u00e4llitikkaukset korostavat urbaania tyyli\u00e4.<br \/>\nK\u00e4yt\u00e4nn\u00f6llinen kangaslenkki oikealla puolella.<br \/>\nSivutasku vasemmalla puolella (19 \u00d7 21 cm).<\/p>\n<p><a href=\"https:\/\/dev2.pallasdesign.ee\/fi\/esiliinat\/\"><b>Kaikki tarjoamamme esiliinat l\u00f6yd\u00e4t t\u00e4\u00e4lt\u00e4<\/b><\/a><\/p>\n<h3>Tuotetiedot<\/h3>\n<ul>\n<li>Tavaramerkki: Karlowsky PASSION<\/li>\n<li>Tuotetyyppi: Rintalappuesiliina Urban soljella ja taskulla<\/li>\n<li>Materiaali: 100 % puuvillainen twillkangas<\/li>\n<li>Kankaan paino: 273 g\/m\u00b2<\/li>\n<li>Mitat: leveys 68 cm \u00d7 pituus 80 cm<\/li>\n<li>Pesu: 60\u00b0C<\/li>\n<li>Sertifikaatti: \u00d6ko-Tex Standard 100<\/li>\n<li>Toimitustapa: Toimitus l\u00e4himp\u00e4\u00e4n pakettiautomaattiin<\/li>\n<\/ul>\n","protected":false},"excerpt":{"rendered":"<p>Vapaa-ajan esiliina Karlowsky Urban Casual-Style<\/p>\n<p>T\u00e4m\u00e4 esiliina sopii erinomaisesti sek\u00e4 tupaantuliaislahjaksi ett\u00e4 logolla varustetuksi yrityslahjaksi.<br \/>Kirjottu nimi tai monogrammi tekee lahjasta ainutlaatuisen \u2013 konekirjonta on ylellinen ja pitk\u00e4ik\u00e4inen. <\/p>\n<p><b>Huom! Brodeeraus tehd\u00e4\u00e4n esiliinan oikealle rintapuolelle! <\/b><br \/>\nJos haluatte kirjonnan muuhun kohtaan, kirjoittakaa se tilauksen huomautuksiin tai ottakaa meihin yhteytt\u00e4.<\/p>\n","protected":false},"featured_media":12681,"template":"","meta":[],"product_brand":[],"product_cat":[867,811,812,961,865,866,868,869],"product_tag":[969],"class_list":{"0":"post-20319","1":"product","2":"type-product","3":"status-publish","4":"has-post-thumbnail","6":"product_cat-esiliinat","7":"product_cat-nimikoidut-lahjat","8":"product_cat-brodeeratut-lahjat","9":"product_cat-karlowsky-fi","10":"product_cat-kokin-esiliinat","11":"product_cat-keittioesiliinat","12":"product_cat-esiliinat-miehille","13":"product_cat-esiliinat-naisille","14":"product_tag-karlowsky-passion-fi","15":"no-featured-image-padding","16":"sales-flash-overlay","17":"woocommerce-text-align-center","18":"woocommerce-image-align-center","19":"do-quantity-buttons","21":"first","22":"instock","23":"taxable","24":"shipping-taxable","25":"purchasable","26":"product-type-variable"},"_links":{"self":[{"href":"https:\/\/dev2.pallasdesign.ee\/fi\/wp-json\/wp\/v2\/product\/20319","targetHints":{"allow":["GET"]}}],"collection":[{"href":"https:\/\/dev2.pallasdesign.ee\/fi\/wp-json\/wp\/v2\/product"}],"about":[{"href":"https:\/\/dev2.pallasdesign.ee\/fi\/wp-json\/wp\/v2\/types\/product"}],"wp:featuredmedia":[{"embeddable":true,"href":"https:\/\/dev2.pallasdesign.ee\/fi\/wp-json\/wp\/v2\/media\/12681"}],"wp:attachment":[{"href":"https:\/\/dev2.pallasdesign.ee\/fi\/wp-json\/wp\/v2\/media?parent=20319"}],"wp:term":[{"taxonomy":"product_brand","embeddable":true,"href":"https:\/\/dev2.pallasdesign.ee\/fi\/wp-json\/wp\/v2\/product_brand?post=20319"},{"taxonomy":"product_cat","embeddable":true,"href":"https:\/\/dev2.pallasdesign.ee\/fi\/wp-json\/wp\/v2\/product_cat?post=20319"},{"taxonomy":"product_tag","embeddable":true,"href":"https:\/\/dev2.pallasdesign.ee\/fi\/wp-json\/wp\/v2\/product_tag?post=20319"}],"curies":[{"name":"wp","href":"https:\/\/api.w.org\/{rel}","templated":true}]}}