{"id":20328,"date":"2023-11-10T16:58:13","date_gmt":"2023-11-10T14:58:13","guid":{"rendered":"https:\/\/dev2.pallasdesign.ee\/kasitoopood\/maaratlemata\/pitka-rintalappuesiliina-basic\/"},"modified":"2025-11-23T23:11:17","modified_gmt":"2025-11-23T21:11:17","slug":"esiliina-miehille-basic","status":"publish","type":"product","link":"https:\/\/dev2.pallasdesign.ee\/fi\/esiliina-miehille-basic\/","title":{"rendered":"Pitk\u00e4 rintalappuesiliina Basic"},"content":{"rendered":"<h2>Pitk\u00e4 esiliina miehille ja naisille<\/h2>\n<p>Pitk\u00e4 rintalappuesiliina, jossa on samasta kankaasta valmistetut olkahihnat.<br \/>\nRintalapun pituutta voi s\u00e4\u00e4t\u00e4\u00e4 helposti ja joustavasti soljella.<br \/>\nEsiliinassa on k\u00e4yt\u00e4nn\u00f6llinen kaksiosainen tasku (40 \u00d7 20 cm).<\/p>\n<p><a href=\"https:\/\/dev2.pallasdesign.ee\/fi\/esiliinat\/\"><b>Kaikki tarjoamamme esiliinat l\u00f6yd\u00e4t t\u00e4\u00e4lt\u00e4<\/b><\/a><\/p>\n<h3>Tuotetiedot<\/h3>\n<ul>\n<li>Tuotemerkki: Karlowsky PURE<\/li>\n<li>Tuotetyyppi: Pitk\u00e4 rintalappu-esiliina Basic soljella ja taskulla<\/li>\n<li>Materiaali: Twillkangasta \u2013 65 % polyesteri\u00e4 \/ 35 % puuvillaa<\/li>\n<li>Kankaan paino: 215 g\/m\u00b2<\/li>\n<li>Mitat: leveys 75 cm \u00d7 pituus 90 cm<\/li>\n<li>Pesu: 60\u00b0C<\/li>\n<li>Sertifikaatti: \u00d6ko-Tex Standard 100<\/li>\n<li>Toimitustapa: Toimitus l\u00e4himp\u00e4\u00e4n pakettiautomaattiin<\/li>\n<\/ul>\n","protected":false},"excerpt":{"rendered":"<p>Esiliina miehille ja naisille Karlowsky Basic<\/p>\n<p>Pitk\u00e4 esiliina on saatavilla monissa v\u00e4reiss\u00e4 ja se sopii lahjaksi sek\u00e4 miehelle ett\u00e4 naiselle, niin is\u00e4np\u00e4iv\u00e4ksi kuin \u00e4itienp\u00e4iv\u00e4ksi. Kirjomme esiliinaan lahjansaajan nimen tai muun viestin laadukkaana kirjontana. <\/p>\n<p><b>Huom! Brodeeraus tehd\u00e4\u00e4n esiliinan rintalappuun! <\/b><br \/>\nJos haluatte kirjonnan muuhun kohtaan, kirjoittakaa se tilauksen huomautuksiin tai ottakaa meihin yhteytt\u00e4.<\/p>\n","protected":false},"featured_media":12677,"template":"","meta":[],"product_brand":[],"product_cat":[867,811,812,961,865,866,868,869],"product_tag":[970],"class_list":{"0":"post-20328","1":"product","2":"type-product","3":"status-publish","4":"has-post-thumbnail","6":"product_cat-esiliinat","7":"product_cat-nimikoidut-lahjat","8":"product_cat-brodeeratut-lahjat","9":"product_cat-karlowsky-fi","10":"product_cat-kokin-esiliinat","11":"product_cat-keittioesiliinat","12":"product_cat-esiliinat-miehille","13":"product_cat-esiliinat-naisille","14":"product_tag-karlowsky-pure-fi","15":"no-featured-image-padding","16":"sales-flash-overlay","17":"woocommerce-text-align-center","18":"woocommerce-image-align-center","19":"do-quantity-buttons","21":"first","22":"instock","23":"taxable","24":"shipping-taxable","25":"purchasable","26":"product-type-variable"},"_links":{"self":[{"href":"https:\/\/dev2.pallasdesign.ee\/fi\/wp-json\/wp\/v2\/product\/20328","targetHints":{"allow":["GET"]}}],"collection":[{"href":"https:\/\/dev2.pallasdesign.ee\/fi\/wp-json\/wp\/v2\/product"}],"about":[{"href":"https:\/\/dev2.pallasdesign.ee\/fi\/wp-json\/wp\/v2\/types\/product"}],"wp:featuredmedia":[{"embeddable":true,"href":"https:\/\/dev2.pallasdesign.ee\/fi\/wp-json\/wp\/v2\/media\/12677"}],"wp:attachment":[{"href":"https:\/\/dev2.pallasdesign.ee\/fi\/wp-json\/wp\/v2\/media?parent=20328"}],"wp:term":[{"taxonomy":"product_brand","embeddable":true,"href":"https:\/\/dev2.pallasdesign.ee\/fi\/wp-json\/wp\/v2\/product_brand?post=20328"},{"taxonomy":"product_cat","embeddable":true,"href":"https:\/\/dev2.pallasdesign.ee\/fi\/wp-json\/wp\/v2\/product_cat?post=20328"},{"taxonomy":"product_tag","embeddable":true,"href":"https:\/\/dev2.pallasdesign.ee\/fi\/wp-json\/wp\/v2\/product_tag?post=20328"}],"curies":[{"name":"wp","href":"https:\/\/api.w.org\/{rel}","templated":true}]}}