{"id":20339,"date":"2023-11-10T10:14:30","date_gmt":"2023-11-10T08:14:30","guid":{"rendered":"https:\/\/dev2.pallasdesign.ee\/kasitoopood\/maaratlemata\/lyhyt-rintalappuesiliina-basic\/"},"modified":"2025-11-23T23:12:24","modified_gmt":"2025-11-23T21:12:24","slug":"esiliina-naisille-basic","status":"publish","type":"product","link":"https:\/\/dev2.pallasdesign.ee\/fi\/esiliina-naisille-basic\/","title":{"rendered":"Lyhyt rintalappuesiliina Basic"},"content":{"rendered":"<h2>Lyhyt esiliina naisille ja miehille<\/h2>\n<p>Lyhyt rintalappuesiliina, jossa on samasta kankaasta valmistetut olkahihnat.<br \/>\nRintalapun pituutta voi s\u00e4\u00e4t\u00e4\u00e4 helposti ja joustavasti soljella.<br \/>\nEsiliinassa on k\u00e4yt\u00e4nn\u00f6llinen kaksiosainen tasku (40 \u00d7 20 cm)<\/p>\n<p><a href=\"https:\/\/dev2.pallasdesign.ee\/fi\/esiliinat\/\"><b>Kaikki tarjoamamme esiliinat l\u00f6yd\u00e4t t\u00e4\u00e4lt\u00e4<\/b><\/a><\/p>\n<h3>Tuotetiedot<\/h3>\n<ul>\n<li>Tuotemerkki: Karlowsky PURE<\/li>\n<li>Tuotetyyppi: Lyhyt rintalappuesiliina Basic soljella ja taskulla<\/li>\n<li>Materiaali: Twillkangasta \u2013 65 % polyesteri\u00e4 \/ 35 % puuvillaa<\/li>\n<li>Kankaan paino: 215 g\/m\u00b2<\/li>\n<li>Mitat: leveys 75 cm \u00d7 pituus 60 cm<\/li>\n<li>Pesu: 60\u00b0C<\/li>\n<li>Sertifikaatti: \u00d6ko-Tex Standard 100<\/li>\n<li>Toimitustapa: Toimitus l\u00e4himp\u00e4\u00e4n pakettiautomaattiin<\/li>\n<\/ul>\n","protected":false},"excerpt":{"rendered":"<p>Esiliina naisille ja miehille Karlowsky Basic (Short)<\/p>\n<p>Lyhyt esiliina kirjotulla nimell\u00e4 tai nimikirjaimilla on ihana lahja jokaiseen juhlap\u00e4iv\u00e4\u00e4n.<br \/>Se sopii sek\u00e4 \u00e4idille ett\u00e4 is\u00e4lle, ja my\u00f6s lahjaksi ty\u00f6ntekij\u00e4lle, kollegalle, opettajalle tai lastentarhanopettajalle<\/p>\n<p><b>Huom! Brodeeraus tehd\u00e4\u00e4n esiliinan rintalappuun! <\/b><br \/>\nJos haluatte kirjonnan muuhun kohtaan, kirjoittakaa se tilauksen huomautuksiin tai ottakaa meihin yhteytt\u00e4.<\/p>\n","protected":false},"featured_media":12679,"template":"","meta":[],"product_brand":[],"product_cat":[867,811,812,961,865,866,868,869],"product_tag":[970],"class_list":{"0":"post-20339","1":"product","2":"type-product","3":"status-publish","4":"has-post-thumbnail","6":"product_cat-esiliinat","7":"product_cat-nimikoidut-lahjat","8":"product_cat-brodeeratut-lahjat","9":"product_cat-karlowsky-fi","10":"product_cat-kokin-esiliinat","11":"product_cat-keittioesiliinat","12":"product_cat-esiliinat-miehille","13":"product_cat-esiliinat-naisille","14":"product_tag-karlowsky-pure-fi","15":"no-featured-image-padding","16":"sales-flash-overlay","17":"woocommerce-text-align-center","18":"woocommerce-image-align-center","19":"do-quantity-buttons","21":"first","22":"instock","23":"taxable","24":"shipping-taxable","25":"purchasable","26":"product-type-variable"},"_links":{"self":[{"href":"https:\/\/dev2.pallasdesign.ee\/fi\/wp-json\/wp\/v2\/product\/20339","targetHints":{"allow":["GET"]}}],"collection":[{"href":"https:\/\/dev2.pallasdesign.ee\/fi\/wp-json\/wp\/v2\/product"}],"about":[{"href":"https:\/\/dev2.pallasdesign.ee\/fi\/wp-json\/wp\/v2\/types\/product"}],"wp:featuredmedia":[{"embeddable":true,"href":"https:\/\/dev2.pallasdesign.ee\/fi\/wp-json\/wp\/v2\/media\/12679"}],"wp:attachment":[{"href":"https:\/\/dev2.pallasdesign.ee\/fi\/wp-json\/wp\/v2\/media?parent=20339"}],"wp:term":[{"taxonomy":"product_brand","embeddable":true,"href":"https:\/\/dev2.pallasdesign.ee\/fi\/wp-json\/wp\/v2\/product_brand?post=20339"},{"taxonomy":"product_cat","embeddable":true,"href":"https:\/\/dev2.pallasdesign.ee\/fi\/wp-json\/wp\/v2\/product_cat?post=20339"},{"taxonomy":"product_tag","embeddable":true,"href":"https:\/\/dev2.pallasdesign.ee\/fi\/wp-json\/wp\/v2\/product_tag?post=20339"}],"curies":[{"name":"wp","href":"https:\/\/api.w.org\/{rel}","templated":true}]}}