{"id":20347,"date":"2023-11-10T20:50:27","date_gmt":"2023-11-10T18:50:27","guid":{"rendered":"https:\/\/dev2.pallasdesign.ee\/kasitoopood\/maaratlemata\/lasten-esiliina-basic\/"},"modified":"2025-11-23T23:09:19","modified_gmt":"2025-11-23T21:09:19","slug":"lasten-esiliina-basic","status":"publish","type":"product","link":"https:\/\/dev2.pallasdesign.ee\/fi\/lasten-esiliina-basic\/","title":{"rendered":"Lasten esiliina Basic"},"content":{"rendered":"<h2>Lasten esiliina<\/h2>\n<p>Lasten rintalappuesiliina, jossa on samasta kankaasta valmistetut olkahihnat, saatavana kahdessa koossa.<br \/>\nMonik\u00e4ytt\u00f6inen esiliina, joka innostaa lapsia osallistumaan erilaisiin puuhiin: askarteluun ja maalaamiseen, ruoanlaittoon ja leivontaan, puutarhat\u00f6ihin sek\u00e4 luoviin projekteihin kouluissa tai p\u00e4iv\u00e4kodeissa.<br \/>\nRintalapun pituutta voi s\u00e4\u00e4t\u00e4\u00e4 mukavasti ja joustavasti soljella.<\/p>\n<p>Koko S \u2013 sopii noin 3-vuotiaasta alkaen<x id=\"gid_0\"><\/x>Koko M \u2013 sopii lapsille noin 14-vuotiaaksi saakka  <\/p>\n<p><a href=\"https:\/\/dev2.pallasdesign.ee\/fi\/esiliinat\/\"><b>Kaikki tarjoamamme esiliinat l\u00f6yd\u00e4t t\u00e4\u00e4lt\u00e4<\/b><\/a><\/p>\n<h3>Tuotetiedot<\/h3>\n<ul>\n<li>Tuotemerkki: Karlowsky PURE<\/li>\n<li>Tuotetyyppi: Lasten rintalappu-esiliina Basic soljella<\/li>\n<li>Materiaali: Twillkangasta \u2013 65 % polyesteri\u00e4 \/ 35 % puuvillaa<\/li>\n<li>Kankaan paino: 215 g\/m\u00b2<\/li>\n<li>Mitat (leveys \u00d7 pituus): S \u2013 45 cm \u00d7 55 cm; M \u2013 50 cm \u00d7 65 cm<\/li>\n<li>Pesu: 60\u00b0C<\/li>\n<li>Sertifikaatti: \u00d6ko-Tex Standard 100<\/li>\n<li>Toimitustapa: Toimitus l\u00e4himp\u00e4\u00e4n pakettiautomaattiin<\/li>\n<\/ul>\n","protected":false},"excerpt":{"rendered":"<p>Lasten esiliina Karlowsky Basic<\/p>\n<p>Kirjotulla nimell\u00e4 tai nimikirjaimilla varustettu esiliina on lapselle ihana lahja.<\/p>\n<p><b>Huom! Brodeeraus tehd\u00e4\u00e4n esiliinan rintalappuun! <\/b><br \/>\nJos haluatte kirjonnan muuhun kohtaan, kirjoittakaa se tilauksen huomautuksiin tai ottakaa meihin yhteytt\u00e4.<\/p>\n","protected":false},"featured_media":18967,"template":"","meta":[],"product_brand":[],"product_cat":[867,811,812,961,1472],"product_tag":[970],"class_list":{"0":"post-20347","1":"product","2":"type-product","3":"status-publish","4":"has-post-thumbnail","6":"product_cat-esiliinat","7":"product_cat-nimikoidut-lahjat","8":"product_cat-brodeeratut-lahjat","9":"product_cat-karlowsky-fi","10":"product_cat-lasten-esiliinat","11":"product_tag-karlowsky-pure-fi","12":"no-featured-image-padding","13":"sales-flash-overlay","14":"woocommerce-text-align-center","15":"woocommerce-image-align-center","16":"do-quantity-buttons","18":"first","19":"instock","20":"taxable","21":"shipping-taxable","22":"purchasable","23":"product-type-variable"},"_links":{"self":[{"href":"https:\/\/dev2.pallasdesign.ee\/fi\/wp-json\/wp\/v2\/product\/20347","targetHints":{"allow":["GET"]}}],"collection":[{"href":"https:\/\/dev2.pallasdesign.ee\/fi\/wp-json\/wp\/v2\/product"}],"about":[{"href":"https:\/\/dev2.pallasdesign.ee\/fi\/wp-json\/wp\/v2\/types\/product"}],"wp:featuredmedia":[{"embeddable":true,"href":"https:\/\/dev2.pallasdesign.ee\/fi\/wp-json\/wp\/v2\/media\/18967"}],"wp:attachment":[{"href":"https:\/\/dev2.pallasdesign.ee\/fi\/wp-json\/wp\/v2\/media?parent=20347"}],"wp:term":[{"taxonomy":"product_brand","embeddable":true,"href":"https:\/\/dev2.pallasdesign.ee\/fi\/wp-json\/wp\/v2\/product_brand?post=20347"},{"taxonomy":"product_cat","embeddable":true,"href":"https:\/\/dev2.pallasdesign.ee\/fi\/wp-json\/wp\/v2\/product_cat?post=20347"},{"taxonomy":"product_tag","embeddable":true,"href":"https:\/\/dev2.pallasdesign.ee\/fi\/wp-json\/wp\/v2\/product_tag?post=20347"}],"curies":[{"name":"wp","href":"https:\/\/api.w.org\/{rel}","templated":true}]}}