{"id":20746,"date":"2024-05-25T09:55:28","date_gmt":"2024-05-25T06:55:28","guid":{"rendered":"https:\/\/dev2.pallasdesign.ee\/?post_type=product&#038;p=20746"},"modified":"2025-12-20T12:37:35","modified_gmt":"2025-12-20T10:37:35","slug":"leikkipeitto","status":"publish","type":"product","link":"https:\/\/dev2.pallasdesign.ee\/fi\/leikkipeitto\/","title":{"rendered":"Leikkipeitto 100x100cm (Medi Partners)"},"content":{"rendered":"<h2>Leikkipeitto<\/h2>\n<p>Monia k\u00e4ytt\u00f6tapoja \u2013 leikkipeitto sopii erinomaisesti kotiin vauvan ensiaskeleita varten, ja sit\u00e4 voidaan k\u00e4ytt\u00e4\u00e4 my\u00f6s leikkikeh\u00e4n peittona. Poikkeuksellisen paksu, jopa 4 cm pehmuste suojaa lasta kylm\u00e4lt\u00e4 lattialta ja tarjoaa runsaasti tilaa ensimm\u00e4isiin yhteisiin leikkihetkiin. Yleiskoko 100 \u00d7 100 cm takaa pitk\u00e4aikaisen k\u00e4yt\u00f6n.  <\/p>\n<p>Korkein laatu \u2013 huolellisesti k\u00e4sin ommeltu. Matossa ei ole tarpeettomia yksityiskohtia, jotka voisivat olla lapselle vaarallisia (esimerkiksi ulkonevia nauhoja tai ny\u00f6rej\u00e4). Peitto ei sis\u00e4ll\u00e4 tarpeettomia yksityiskohtia, jotka voisivat olla vaarallisia lapselle (esimerkiksi ulkonevia nauhoja tai ny\u00f6rej\u00e4).<\/p>\n<p>Tuote sopii erinomaisesti herk\u00e4n vauvan ihon kosketukseen, ja k\u00e4ytetyill\u00e4 materiaaleilla on allergiaa ehk\u00e4isevi\u00e4 ominaisuuksia. Kuvioitu puuvilla antaa leikkipeitolle keveytt\u00e4 ja hienostuneisuutta, kun taas peitto itse tarjoaa uskomattoman pehme\u00e4n tunteen. <\/p>\n<p>Kaikki vauvalle \u2013 kirkkaat v\u00e4rit ja kuviot tarjoavat runsaasti tutkittavaa ja stimuloivat vauvan n\u00e4k\u00f6aistia. Leikkipeitot ovat arvokas v\u00e4line lapsen motoristen taitojen, silm\u00e4\u2013k\u00e4si-koordinaation ja kognitiivisen kehityksen tukemiseen. <\/p>\n<p>Ihana lahja jokaiselle lapselle \u2013 v\u00e4rien yhdistelm\u00e4t stimuloivat lapsen kehityst\u00e4 ja parantavat v\u00e4rien hahmottamista. Peitto on erinomainen vaihtoehto lasten kanssa ulkoiluun, tai sen voi ottaa mukaan puutarhaan ja nauttia leikkihetkist\u00e4 raikkaassa ulkoilmassa. <\/p>\n<p><a href=\"https:\/\/dev2.pallasdesign.ee\/fi\/vauvan-peitot\/\"><b>Tutustu kaikkiin vauvanpeittoihimme t\u00e4\u00e4ll\u00e4<\/b><\/a><\/p>\n<h3>Tuotetiedot<\/h3>\n<ul>\n<li>Tavaramerkki: MEDI PARTNERS<\/li>\n<li>Tuotetyyppi: Leikkipeitto<\/li>\n<li>Materiaali: Puuvilla ja sametti<\/li>\n<li>Mitat: 100x100cm<\/li>\n<li>K\u00e4sinpesu: 30\u00b0C<\/li>\n<li>Sertifikaatti: \u00d6ko-Tex Standard 100<\/li>\n<li>Toimitustapa: Toimitus l\u00e4himp\u00e4\u00e4n pakettiautomaattiin<\/li>\n<\/ul>\n","protected":false},"excerpt":{"rendered":"<p>Leikkipeittoja myyd\u00e4\u00e4n ilman kirjontaa.<\/p>\n<p>Halutessasi voimme valmistaa yhteensopivan s\u00e4vyisen huopapohjaisen nimikirjonnan aplikaatiotekniikalla ja ommella sen leikkipeittoon.<\/p>\n","protected":false},"featured_media":20780,"template":"","meta":[],"product_brand":[],"product_cat":[777,799,804,805,955,778,779,780,781,789,790,794],"product_tag":[],"class_list":{"0":"post-20746","1":"product","2":"type-product","3":"status-publish","4":"has-post-thumbnail","6":"product_cat-vauvan-peitot","7":"product_cat-vauvatuotteet","8":"product_cat-ristiaislahja","9":"product_cat-nimiaislahjat","10":"product_cat-medi-partners-fi","11":"product_cat-leikkialustat","12":"product_cat-tilkkupeitot","13":"product_cat-lastenpeitot","14":"product_cat-lasten-peitot","15":"product_cat-leikkimatot","16":"product_cat-leikkipeitot","17":"product_cat-aktiviteettipeitot","18":"no-featured-image-padding","19":"sales-flash-overlay","20":"woocommerce-text-align-center","21":"woocommerce-image-align-center","22":"do-quantity-buttons","24":"first","25":"instock","26":"taxable","27":"shipping-taxable","28":"purchasable","29":"product-type-variable"},"_links":{"self":[{"href":"https:\/\/dev2.pallasdesign.ee\/fi\/wp-json\/wp\/v2\/product\/20746","targetHints":{"allow":["GET"]}}],"collection":[{"href":"https:\/\/dev2.pallasdesign.ee\/fi\/wp-json\/wp\/v2\/product"}],"about":[{"href":"https:\/\/dev2.pallasdesign.ee\/fi\/wp-json\/wp\/v2\/types\/product"}],"wp:featuredmedia":[{"embeddable":true,"href":"https:\/\/dev2.pallasdesign.ee\/fi\/wp-json\/wp\/v2\/media\/20780"}],"wp:attachment":[{"href":"https:\/\/dev2.pallasdesign.ee\/fi\/wp-json\/wp\/v2\/media?parent=20746"}],"wp:term":[{"taxonomy":"product_brand","embeddable":true,"href":"https:\/\/dev2.pallasdesign.ee\/fi\/wp-json\/wp\/v2\/product_brand?post=20746"},{"taxonomy":"product_cat","embeddable":true,"href":"https:\/\/dev2.pallasdesign.ee\/fi\/wp-json\/wp\/v2\/product_cat?post=20746"},{"taxonomy":"product_tag","embeddable":true,"href":"https:\/\/dev2.pallasdesign.ee\/fi\/wp-json\/wp\/v2\/product_tag?post=20746"}],"curies":[{"name":"wp","href":"https:\/\/api.w.org\/{rel}","templated":true}]}}