{"id":20795,"date":"2023-12-15T10:16:07","date_gmt":"2023-12-15T08:16:07","guid":{"rendered":"https:\/\/dev2.pallasdesign.ee\/kasitoopood\/maaratlemata\/haakortti-onnentahden-suuntaan\/"},"modified":"2025-11-23T16:13:47","modified_gmt":"2025-11-23T14:13:47","slug":"haakortti-onnentahden-suuntaan","status":"publish","type":"product","link":"https:\/\/dev2.pallasdesign.ee\/fi\/haakortti-onnentahden-suuntaan\/","title":{"rendered":"H\u00e4\u00e4kortti &#8221;ONNENT\u00c4HDEN SUUNTAAN&#8221;"},"content":{"rendered":"<h2>H\u00e4\u00e4kortti Onnent\u00e4hden suuntaan<\/h2>\n<p>Kermanv\u00e4risess\u00e4 kortissa on k\u00e4ytetty kermanv\u00e4rist\u00e4 metallinhohtoista k\u00e4sintehty\u00e4 paperia. T\u00e4m\u00e4 kaunis, harmonisen s\u00e4vyinen kortti on koristeltu k\u00e4sin tehdyill\u00e4 ja maalatuilla kukilla. Korttiin on mahdollista lis\u00e4t\u00e4 rahalokero.<br \/>\nKortin sis\u00e4- ja takasivut ovat kermanv\u00e4riset.  <\/p>\n<p><a href=\"https:\/\/dev2.pallasdesign.ee\/fi\/kasintehdyt-kortit\/\"><b>Tutustu Pallas Designin k\u00e4sintehtyjen korttien valikoimaan t\u00e4\u00e4ll\u00e4<\/b><\/a><\/p>\n<h2>Tuotetiedot<\/h2>\n<ul>\n<li>Tavaramerkki: PALLAS DESIGN<\/li>\n<li>Tuotetyyppi: H\u00e4\u00e4kortti<\/li>\n<li>Mitat: 210\u00d7105 mm<\/li>\n<li>Valmistettu design-k\u00e4sity\u00f6n\u00e4<\/li>\n<li>Paketointu ylelliseen, ikkunalliseen metallinhohtoiseen tilavuuskuoreen<\/li>\n<li>Toimitustapa: Toimitus l\u00e4himp\u00e4\u00e4n pakettiautomaattiin<\/li>\n<\/ul>\n","protected":false},"excerpt":{"rendered":"<p>Onnent\u00e4hden suuntaan -h\u00e4\u00e4kortti on ylellisesti koristeltu kortti ja ihastuttavan kaunis tapa v\u00e4litt\u00e4\u00e4 omat parhaat toivotukset. Herkk\u00e4 ja ilmava, kauniin vaaleanpunaisen ja valkoisen s\u00e4vyinen k\u00e4sintehty kortti on luotu h\u00e4\u00e4parille. T\u00e4ss\u00e4 kortissa on taikaa, aitoa eleganssia ja ainutlaatuista omaper\u00e4isyytt\u00e4 \u2013 se muistuttaa paria siit\u00e4 erityisest\u00e4 p\u00e4iv\u00e4st\u00e4, joka oli t\u00e4ynn\u00e4 aitoja tunteita.  <\/p>\n","protected":false},"featured_media":12053,"template":"","meta":[],"product_brand":[],"product_cat":[874,870,962,872,873,875,876,877,880,894,923],"product_tag":[1035,1046],"class_list":{"0":"post-20795","1":"product","2":"type-product","3":"status-publish","4":"has-post-thumbnail","6":"product_cat-haakortit","7":"product_cat-kasintehdyt-kortit","8":"product_cat-pallas-design-fi","9":"product_cat-kasintehdyt-kortit-tallinnassa","10":"product_cat-kasintehtyjen-korttien-valmistus","11":"product_cat-haakortti","12":"product_cat-kasintehdyt-haakortit","13":"product_cat-haapaivakortit","14":"product_cat-onnittelukortti-haaparille","15":"product_cat-setelitaskuhaakortti","16":"product_cat-haat","17":"product_tag-haapari","18":"product_tag-ruusu","19":"no-featured-image-padding","20":"sales-flash-overlay","21":"woocommerce-text-align-center","22":"woocommerce-image-align-center","23":"do-quantity-buttons","25":"first","26":"instock","27":"sold-individually","28":"taxable","29":"shipping-taxable","30":"purchasable","31":"product-type-simple"},"_links":{"self":[{"href":"https:\/\/dev2.pallasdesign.ee\/fi\/wp-json\/wp\/v2\/product\/20795","targetHints":{"allow":["GET"]}}],"collection":[{"href":"https:\/\/dev2.pallasdesign.ee\/fi\/wp-json\/wp\/v2\/product"}],"about":[{"href":"https:\/\/dev2.pallasdesign.ee\/fi\/wp-json\/wp\/v2\/types\/product"}],"wp:featuredmedia":[{"embeddable":true,"href":"https:\/\/dev2.pallasdesign.ee\/fi\/wp-json\/wp\/v2\/media\/12053"}],"wp:attachment":[{"href":"https:\/\/dev2.pallasdesign.ee\/fi\/wp-json\/wp\/v2\/media?parent=20795"}],"wp:term":[{"taxonomy":"product_brand","embeddable":true,"href":"https:\/\/dev2.pallasdesign.ee\/fi\/wp-json\/wp\/v2\/product_brand?post=20795"},{"taxonomy":"product_cat","embeddable":true,"href":"https:\/\/dev2.pallasdesign.ee\/fi\/wp-json\/wp\/v2\/product_cat?post=20795"},{"taxonomy":"product_tag","embeddable":true,"href":"https:\/\/dev2.pallasdesign.ee\/fi\/wp-json\/wp\/v2\/product_tag?post=20795"}],"curies":[{"name":"wp","href":"https:\/\/api.w.org\/{rel}","templated":true}]}}