{"id":20988,"date":"2025-09-19T10:00:55","date_gmt":"2025-09-19T07:00:55","guid":{"rendered":"https:\/\/dev2.pallasdesign.ee\/kasitoopood\/maaratlemata\/uutuus-iso-nalle-vaaleanpunainen\/"},"modified":"2025-12-20T12:18:37","modified_gmt":"2025-12-20T10:18:37","slug":"iso-pehmoelain-vaaleanpunainen","status":"publish","type":"product","link":"https:\/\/dev2.pallasdesign.ee\/fi\/iso-pehmoelain\/","title":{"rendered":"Suuri nalle \u2013 vaaleanpunainen"},"content":{"rendered":"<h2>Iso pehmoel\u00e4in<\/h2>\n<p>Suurempi nalle, jonka tassunpohjat ovat riitt\u00e4v\u00e4n suuret, jotta niihin voidaan halutessa lis\u00e4t\u00e4 syntym\u00e4tiedot.<\/p>\n<p><a href=\"https:\/\/dev2.pallasdesign.ee\/fi\/pehmokarhut\/\"><b>Kaikki nallemme l\u00f6yd\u00e4t t\u00e4\u00e4lt\u00e4<\/b><\/a><\/p>\n<p>&nbsp;<\/p>\n<h2>Tuotetiedot<\/h2>\n<ul>\n<li>Tavaramerkki: KR\u00c4SS<\/li>\n<li>Kirjonta on mahdollista lis\u00e4t\u00e4 pehmolelun tassunpohjiin<\/li>\n<li>Pituus istuma-asennossa 42 cm (kokonaispituus 52 cm)<\/li>\n<li>Toimitustapa: Toimitus l\u00e4himp\u00e4\u00e4n pakettiautomaattiin<\/li>\n<\/ul>\n<p>&nbsp;<\/p>\n","protected":false},"excerpt":{"rendered":"<p>Suur kaisukaru &#8211; roosat v\u00e4rvi kaisukaru lapsele kingituseks ja tikandiga personaliseerimiseks<\/p>\n<p>Huom! T\u00e4h\u00e4n nalleen ei voida tehd\u00e4 kirjontaa suoraan. Kirjomme syntym\u00e4tiedot erilliselle vaalealle kankaalle ja ompelemme applikaation k\u00e4sin nallen vatsaan tai tassunpohjiin.  <\/p>\n","protected":false},"featured_media":14779,"template":"","meta":[],"product_brand":[],"product_cat":[761,760,799,800,804,805,809,768,769,771,772,773,774,775,953,776],"product_tag":[1001],"class_list":{"0":"post-20988","1":"product","2":"type-product","3":"status-publish","4":"has-post-thumbnail","6":"product_cat-pehmoelaimet","7":"product_cat-pehmolelut","8":"product_cat-vauvatuotteet","9":"product_cat-vauvalahja","10":"product_cat-ristiaislahja","11":"product_cat-nimiaislahjat","12":"product_cat-lastentuotteet","13":"product_cat-pehmokarhut","14":"product_cat-nalle","15":"product_cat-unilelu","16":"product_cat-elainlelut","17":"product_cat-pehmolelu-nimella","18":"product_cat-pehmot","19":"product_cat-pehmeat-lelut","20":"product_cat-krass-fi","21":"product_cat-isot-pehmolelut","22":"product_tag-karhu","23":"no-featured-image-padding","24":"sales-flash-overlay","25":"woocommerce-text-align-center","26":"woocommerce-image-align-center","27":"do-quantity-buttons","29":"first","30":"instock","31":"taxable","32":"shipping-taxable","33":"purchasable","34":"product-type-simple"},"_links":{"self":[{"href":"https:\/\/dev2.pallasdesign.ee\/fi\/wp-json\/wp\/v2\/product\/20988","targetHints":{"allow":["GET"]}}],"collection":[{"href":"https:\/\/dev2.pallasdesign.ee\/fi\/wp-json\/wp\/v2\/product"}],"about":[{"href":"https:\/\/dev2.pallasdesign.ee\/fi\/wp-json\/wp\/v2\/types\/product"}],"wp:featuredmedia":[{"embeddable":true,"href":"https:\/\/dev2.pallasdesign.ee\/fi\/wp-json\/wp\/v2\/media\/14779"}],"wp:attachment":[{"href":"https:\/\/dev2.pallasdesign.ee\/fi\/wp-json\/wp\/v2\/media?parent=20988"}],"wp:term":[{"taxonomy":"product_brand","embeddable":true,"href":"https:\/\/dev2.pallasdesign.ee\/fi\/wp-json\/wp\/v2\/product_brand?post=20988"},{"taxonomy":"product_cat","embeddable":true,"href":"https:\/\/dev2.pallasdesign.ee\/fi\/wp-json\/wp\/v2\/product_cat?post=20988"},{"taxonomy":"product_tag","embeddable":true,"href":"https:\/\/dev2.pallasdesign.ee\/fi\/wp-json\/wp\/v2\/product_tag?post=20988"}],"curies":[{"name":"wp","href":"https:\/\/api.w.org\/{rel}","templated":true}]}}