{"id":21006,"date":"2025-03-12T14:13:37","date_gmt":"2025-03-12T12:13:37","guid":{"rendered":"https:\/\/dev2.pallasdesign.ee\/kasitoopood\/Ei-luokiteltu\/pehmolelu-ajokoira\/"},"modified":"2025-11-17T08:35:05","modified_gmt":"2025-11-17T06:35:05","slug":"pehmolelu-ajokoira","status":"publish","type":"product","link":"https:\/\/dev2.pallasdesign.ee\/fi\/pehmolelu-ajokoira\/","title":{"rendered":"Pehmolelu Ajokoira"},"content":{"rendered":"<h2>Pehmolelu Ajokoira<\/h2>\n<p>Ajokoiralla on tummanruskea p\u00e4\u00e4, ruskea vartalo h\u00e4nn\u00e4ll\u00e4 sek\u00e4 valkoiset tassut ja kuono.<\/p>\n<p><a href=\"https:\/\/dev2.pallasdesign.ee\/fi\/pehmolelut\/\"><b>Kaikki pehmolelumme l\u00f6yd\u00e4t t\u00e4\u00e4lt\u00e4<\/b><\/a><\/p>\n<h2>Tuotetiedot<\/h2>\n<ul>\n<li>Virallinen Cubbies-pehmolelun malli<\/li>\n<li>Rakkaudella k\u00e4sity\u00f6n\u00e4 valmistettu<\/li>\n<li>Personoi sit\u00e4 erilaisilla kirjailluilla kuvioilla.<\/li>\n<li>Ainutlaatuinen vetoketjullinen malli \u2013 mahdollistaa sisuksen poistamisen, pehmolelun kirjonnan sek\u00e4 Cubbies-pehmolelun turvallisen pesun.<\/li>\n<li>Konepest\u00e4v\u00e4<\/li>\n<li>Turvallinen kaikenik\u00e4isille<\/li>\n<li>Mitat: Istuma-asennossa 33cm (kokonaispituus 40cm)<\/li>\n<li>Toimitustapa: Toimitus l\u00e4himp\u00e4\u00e4n pakettiautomaattiin<\/li>\n<\/ul>\n","protected":false},"excerpt":{"rendered":"<p>Kaisuloom Hagijas &#8211; Cubbies Beagle Dog Maple &#8211; kaisukas lapsele kingituseks ja tikandiga personaliseerimiseks.<br \/>Kui sul on omal idee, kuidas sooviksid m\u00f5nda kaisukat kingituseks kujundada, v\u00f5ta meiega \u00fchendust &#8211; Me tikime sinu m\u00f5tte teoks!<\/p>\n","protected":false},"featured_media":15201,"template":"","meta":[],"product_brand":[],"product_cat":[761,760,799,800,804,805,809,952,771,772,773,774,775],"product_tag":[984,1006],"class_list":{"0":"post-21006","1":"product","2":"type-product","3":"status-publish","4":"has-post-thumbnail","6":"product_cat-pehmoelaimet","7":"product_cat-pehmolelut","8":"product_cat-vauvatuotteet","9":"product_cat-vauvalahja","10":"product_cat-ristiaislahja","11":"product_cat-nimiaislahjat","12":"product_cat-lastentuotteet","13":"product_cat-cubbies-fi","14":"product_cat-unilelu","15":"product_cat-elainlelut","16":"product_cat-pehmolelu-nimella","17":"product_cat-pehmot","18":"product_cat-pehmeat-lelut","19":"product_tag-ajokoira","20":"product_tag-koira","21":"no-featured-image-padding","22":"sales-flash-overlay","23":"woocommerce-text-align-center","24":"woocommerce-image-align-center","25":"do-quantity-buttons","27":"first","28":"instock","29":"taxable","30":"shipping-taxable","31":"purchasable","32":"product-type-simple"},"_links":{"self":[{"href":"https:\/\/dev2.pallasdesign.ee\/fi\/wp-json\/wp\/v2\/product\/21006","targetHints":{"allow":["GET"]}}],"collection":[{"href":"https:\/\/dev2.pallasdesign.ee\/fi\/wp-json\/wp\/v2\/product"}],"about":[{"href":"https:\/\/dev2.pallasdesign.ee\/fi\/wp-json\/wp\/v2\/types\/product"}],"wp:featuredmedia":[{"embeddable":true,"href":"https:\/\/dev2.pallasdesign.ee\/fi\/wp-json\/wp\/v2\/media\/15201"}],"wp:attachment":[{"href":"https:\/\/dev2.pallasdesign.ee\/fi\/wp-json\/wp\/v2\/media?parent=21006"}],"wp:term":[{"taxonomy":"product_brand","embeddable":true,"href":"https:\/\/dev2.pallasdesign.ee\/fi\/wp-json\/wp\/v2\/product_brand?post=21006"},{"taxonomy":"product_cat","embeddable":true,"href":"https:\/\/dev2.pallasdesign.ee\/fi\/wp-json\/wp\/v2\/product_cat?post=21006"},{"taxonomy":"product_tag","embeddable":true,"href":"https:\/\/dev2.pallasdesign.ee\/fi\/wp-json\/wp\/v2\/product_tag?post=21006"}],"curies":[{"name":"wp","href":"https:\/\/api.w.org\/{rel}","templated":true}]}}