{"id":21028,"date":"2024-04-08T22:48:26","date_gmt":"2024-04-08T19:48:26","guid":{"rendered":"https:\/\/dev2.pallasdesign.ee\/kasitoopood\/maaratlemata\/pehmolelu-sininen-pupu-polka-dot\/"},"modified":"2025-11-22T16:11:42","modified_gmt":"2025-11-22T14:11:42","slug":"lahja-pojalle-pehmolelu-sininen-pupu","status":"publish","type":"product","link":"https:\/\/dev2.pallasdesign.ee\/fi\/lahja-pojalle-pehmolelu-sininen-pupu\/","title":{"rendered":"Pehmolelu Sininen pupu (Polka Dot)"},"content":{"rendered":"<h2>Lahja pojalle<\/h2>\n<p>Sininen pupu &#8211; Classic-kokoelma. Pehmolelu Clovis Bramptonilla on sininen p\u00f6rr\u00f6h\u00e4nt\u00e4inen vartalo, mukava turkki, suuret pilkulliset korvat, s\u00f6p\u00f6t paksut posket ja suuret siniset silm\u00e4t. <\/p>\n<p><a href=\"https:\/\/dev2.pallasdesign.ee\/fi\/pehmopuput\/\"><b>Kaikkiin pehmopupuihimme voit tutustua t\u00e4\u00e4ll\u00e4<\/b><\/a><\/p>\n<h2>Tuotetiedot<\/h2>\n<ul>\n<li>Virallinen Cubbies-pehmolelun malli<\/li>\n<li>Rakkaudella k\u00e4sity\u00f6n\u00e4 valmistettu<\/li>\n<li>Personoi sit\u00e4 erilaisilla kirjailluilla kuvioilla.<\/li>\n<li>Ainutlaatuinen vetoketjullinen malli \u2013 mahdollistaa sisuksen poistamisen, pehmolelun kirjonnan sek\u00e4 Cubbies-pehmolelun turvallisen pesun.<\/li>\n<li>Konepest\u00e4v\u00e4<\/li>\n<li>Turvallinen kaikenik\u00e4isille<\/li>\n<li>Mitat: Istuma-asennossa 33cm (kokonaispituus 40cm)<\/li>\n<li>Toimitustapa: Toimitus l\u00e4himp\u00e4\u00e4n pakettiautomaattiin<\/li>\n<\/ul>\n","protected":false},"excerpt":{"rendered":"<p>Lahja pojalle Cubbies Blue Bunny &#8211; Polka Dot &#8211; pehmolelupupu vauvalle lahjaksi ja personoitavaksi kirjonnalla<\/p>\n<p>Jos sinulla on oma idea, miten haluaisit suunnitella jonkin pehmolelun lahjaksi, ota meihin yhteytt\u00e4 &#8211; Me kirjomme ideasi todeksi!<\/p>\n","protected":false},"featured_media":12419,"template":"","meta":[],"product_brand":[],"product_cat":[761,760,799,800,804,805,809,952,767,771,772,773,774,775],"product_tag":[992],"class_list":{"0":"post-21028","1":"product","2":"type-product","3":"status-publish","4":"has-post-thumbnail","6":"product_cat-pehmoelaimet","7":"product_cat-pehmolelut","8":"product_cat-vauvatuotteet","9":"product_cat-vauvalahja","10":"product_cat-ristiaislahja","11":"product_cat-nimiaislahjat","12":"product_cat-lastentuotteet","13":"product_cat-cubbies-fi","14":"product_cat-pehmopuput","15":"product_cat-unilelu","16":"product_cat-elainlelut","17":"product_cat-pehmolelu-nimella","18":"product_cat-pehmot","19":"product_cat-pehmeat-lelut","20":"product_tag-janis","21":"no-featured-image-padding","22":"sales-flash-overlay","23":"woocommerce-text-align-center","24":"woocommerce-image-align-center","25":"do-quantity-buttons","27":"first","28":"instock","29":"taxable","30":"shipping-taxable","31":"purchasable","32":"product-type-simple"},"_links":{"self":[{"href":"https:\/\/dev2.pallasdesign.ee\/fi\/wp-json\/wp\/v2\/product\/21028","targetHints":{"allow":["GET"]}}],"collection":[{"href":"https:\/\/dev2.pallasdesign.ee\/fi\/wp-json\/wp\/v2\/product"}],"about":[{"href":"https:\/\/dev2.pallasdesign.ee\/fi\/wp-json\/wp\/v2\/types\/product"}],"wp:featuredmedia":[{"embeddable":true,"href":"https:\/\/dev2.pallasdesign.ee\/fi\/wp-json\/wp\/v2\/media\/12419"}],"wp:attachment":[{"href":"https:\/\/dev2.pallasdesign.ee\/fi\/wp-json\/wp\/v2\/media?parent=21028"}],"wp:term":[{"taxonomy":"product_brand","embeddable":true,"href":"https:\/\/dev2.pallasdesign.ee\/fi\/wp-json\/wp\/v2\/product_brand?post=21028"},{"taxonomy":"product_cat","embeddable":true,"href":"https:\/\/dev2.pallasdesign.ee\/fi\/wp-json\/wp\/v2\/product_cat?post=21028"},{"taxonomy":"product_tag","embeddable":true,"href":"https:\/\/dev2.pallasdesign.ee\/fi\/wp-json\/wp\/v2\/product_tag?post=21028"}],"curies":[{"name":"wp","href":"https:\/\/api.w.org\/{rel}","templated":true}]}}