{"id":21033,"date":"2024-03-07T18:09:09","date_gmt":"2024-03-07T16:09:09","guid":{"rendered":"https:\/\/dev2.pallasdesign.ee\/kasitoopood\/maaratlemata\/pehmolelu-pollo\/"},"modified":"2025-11-22T16:30:57","modified_gmt":"2025-11-22T14:30:57","slug":"pehmolelu-pollo","status":"publish","type":"product","link":"https:\/\/dev2.pallasdesign.ee\/fi\/pehmolelu-pollo\/","title":{"rendered":"Pehmolelu P\u00f6ll\u00f6"},"content":{"rendered":"<h2>Pehmolelu P\u00f6ll\u00f6<\/h2>\n<p>Hooty Loulla on p\u00f6rr\u00f6inen harmaa vartalo, pienet mustat silm\u00e4t, oranssi nokka ja oranssit jalat.<\/p>\n<p><a href=\"https:\/\/dev2.pallasdesign.ee\/fi\/pehmolelut\/\"><b>Kaikki pehmolelumme l\u00f6yd\u00e4t t\u00e4\u00e4lt\u00e4<\/b><\/a><\/p>\n<h2>Tuotetiedot<\/h2>\n<ul>\n<li>Virallinen Cubbies-pehmolelun malli<\/li>\n<li>Rakkaudella k\u00e4sity\u00f6n\u00e4 valmistettu<\/li>\n<li>Personoi sit\u00e4 erilaisilla kirjailluilla kuvioilla.<\/li>\n<li>Ainutlaatuinen vetoketjullinen malli \u2013 mahdollistaa sisuksen poistamisen, pehmolelun kirjonnan sek\u00e4 Cubbies-pehmolelun turvallisen pesun.<\/li>\n<li>Konepest\u00e4v\u00e4<\/li>\n<li>Turvallinen kaikenik\u00e4isille<\/li>\n<li>Mitat: Istuma-asennossa 33cm (kokonaispituus 40cm)<\/li>\n<li>Toimitustapa: Toimitus l\u00e4himp\u00e4\u00e4n pakettiautomaattiin<\/li>\n<\/ul>\n","protected":false},"excerpt":{"rendered":"<p>Pehmolelu P\u00f6ll\u00f6 &#8211; Cubbies Owl Hooty Lou &#8211; pehmolelulintu lapselle lahjaksi ja kirjonnalla personoitavaksi<\/p>\n<p>Jos sinulla on oma idea, miten haluaisit suunnitella Pehmolelun lahjaksi, ota meihin yhteytt\u00e4 &#8211; Me kirjomme ajatuksesi todeksi!<\/p>\n","protected":false},"featured_media":12093,"template":"","meta":[],"product_brand":[],"product_cat":[761,760,799,800,804,805,809,952,771,772,773,774,775],"product_tag":[1015,1060],"class_list":{"0":"post-21033","1":"product","2":"type-product","3":"status-publish","4":"has-post-thumbnail","6":"product_cat-pehmoelaimet","7":"product_cat-pehmolelut","8":"product_cat-vauvatuotteet","9":"product_cat-vauvalahja","10":"product_cat-ristiaislahja","11":"product_cat-nimiaislahjat","12":"product_cat-lastentuotteet","13":"product_cat-cubbies-fi","14":"product_cat-unilelu","15":"product_cat-elainlelut","16":"product_cat-pehmolelu-nimella","17":"product_cat-pehmot","18":"product_cat-pehmeat-lelut","19":"product_tag-lintu","20":"product_tag-pollo","21":"no-featured-image-padding","22":"sales-flash-overlay","23":"woocommerce-text-align-center","24":"woocommerce-image-align-center","25":"do-quantity-buttons","27":"first","28":"instock","29":"taxable","30":"shipping-taxable","31":"purchasable","32":"product-type-simple"},"_links":{"self":[{"href":"https:\/\/dev2.pallasdesign.ee\/fi\/wp-json\/wp\/v2\/product\/21033","targetHints":{"allow":["GET"]}}],"collection":[{"href":"https:\/\/dev2.pallasdesign.ee\/fi\/wp-json\/wp\/v2\/product"}],"about":[{"href":"https:\/\/dev2.pallasdesign.ee\/fi\/wp-json\/wp\/v2\/types\/product"}],"wp:featuredmedia":[{"embeddable":true,"href":"https:\/\/dev2.pallasdesign.ee\/fi\/wp-json\/wp\/v2\/media\/12093"}],"wp:attachment":[{"href":"https:\/\/dev2.pallasdesign.ee\/fi\/wp-json\/wp\/v2\/media?parent=21033"}],"wp:term":[{"taxonomy":"product_brand","embeddable":true,"href":"https:\/\/dev2.pallasdesign.ee\/fi\/wp-json\/wp\/v2\/product_brand?post=21033"},{"taxonomy":"product_cat","embeddable":true,"href":"https:\/\/dev2.pallasdesign.ee\/fi\/wp-json\/wp\/v2\/product_cat?post=21033"},{"taxonomy":"product_tag","embeddable":true,"href":"https:\/\/dev2.pallasdesign.ee\/fi\/wp-json\/wp\/v2\/product_tag?post=21033"}],"curies":[{"name":"wp","href":"https:\/\/api.w.org\/{rel}","templated":true}]}}