{"id":21039,"date":"2023-12-05T10:59:58","date_gmt":"2023-12-05T08:59:58","guid":{"rendered":"https:\/\/dev2.pallasdesign.ee\/kasitoopood\/maaratlemata\/pehmolelu-harmaa-pupu-bubblegum\/"},"modified":"2025-11-30T22:05:38","modified_gmt":"2025-11-30T20:05:38","slug":"tyton-lahja-pehmolelu-harmaa-pupu-bubblegum","status":"publish","type":"product","link":"https:\/\/dev2.pallasdesign.ee\/fi\/tyton-lahja\/","title":{"rendered":"Pehmolelu Harmaa pupu (Bubblegum)"},"content":{"rendered":"<h2>Tyt\u00f6n lahja<\/h2>\n<p>Harmaa Pupu &#8211; Classic-mallisto. Pehmolelu Clovis Bramptonilla on p\u00f6rr\u00f6h\u00e4nt\u00e4inen harmaa vartalo, miellytt\u00e4v\u00e4 turkki, suuret ja roikkuvat korvat, suloiset paksut posket ja suuret siniset silm\u00e4t. <\/p>\n<p><a href=\"https:\/\/dev2.pallasdesign.ee\/fi\/pehmopuput\/\"><b>Kaikkiin pehmopupuihimme voit tutustua t\u00e4\u00e4ll\u00e4<\/b><\/a><\/p>\n<h2>Tuotetiedot<\/h2>\n<ul>\n<li>Virallinen Cubbies-pehmolelun malli<\/li>\n<li>Rakkaudella k\u00e4sity\u00f6n\u00e4 valmistettu<\/li>\n<li>Personoi sit\u00e4 erilaisilla kirjailluilla kuvioilla.<\/li>\n<li>Ainutlaatuinen vetoketjullinen malli \u2013 mahdollistaa sisuksen poistamisen, pehmolelun kirjonnan sek\u00e4 Cubbies-pehmolelun turvallisen pesun.<\/li>\n<li>Konepest\u00e4v\u00e4<\/li>\n<li>Turvallinen kaikenik\u00e4isille<\/li>\n<li>Mitat: Istuma-asennossa 33cm (kokonaispituus 40cm)<\/li>\n<li>Toimitustapa: Toimitus l\u00e4himp\u00e4\u00e4n pakettiautomaattiin<\/li>\n<\/ul>\n","protected":false},"excerpt":{"rendered":"<p>Tyt\u00f6n lahja Cubbies Grey Bunny &#8211; Bubblegum &#8211; pehmolelupupu vauvalle lahjaksi ja kirjonnalla personoitavaksi<\/p>\n<p>Jos sinulla on oma idea, miten haluaisit suunnitella jonkin pehmolelun lahjaksi, ota meihin yhteytt\u00e4 \u2013 Me kirjomme ajatuksesi todeksi!<\/p>\n","protected":false},"featured_media":11525,"template":"","meta":[],"product_brand":[],"product_cat":[761,760,799,800,804,805,809,952,767,771,772,773,774,775],"product_tag":[992],"class_list":{"0":"post-21039","1":"product","2":"type-product","3":"status-publish","4":"has-post-thumbnail","6":"product_cat-pehmoelaimet","7":"product_cat-pehmolelut","8":"product_cat-vauvatuotteet","9":"product_cat-vauvalahja","10":"product_cat-ristiaislahja","11":"product_cat-nimiaislahjat","12":"product_cat-lastentuotteet","13":"product_cat-cubbies-fi","14":"product_cat-pehmopuput","15":"product_cat-unilelu","16":"product_cat-elainlelut","17":"product_cat-pehmolelu-nimella","18":"product_cat-pehmot","19":"product_cat-pehmeat-lelut","20":"product_tag-janis","21":"no-featured-image-padding","22":"sales-flash-overlay","23":"woocommerce-text-align-center","24":"woocommerce-image-align-center","25":"do-quantity-buttons","27":"first","28":"outofstock","29":"taxable","30":"shipping-taxable","31":"purchasable","32":"product-type-simple"},"_links":{"self":[{"href":"https:\/\/dev2.pallasdesign.ee\/fi\/wp-json\/wp\/v2\/product\/21039","targetHints":{"allow":["GET"]}}],"collection":[{"href":"https:\/\/dev2.pallasdesign.ee\/fi\/wp-json\/wp\/v2\/product"}],"about":[{"href":"https:\/\/dev2.pallasdesign.ee\/fi\/wp-json\/wp\/v2\/types\/product"}],"wp:featuredmedia":[{"embeddable":true,"href":"https:\/\/dev2.pallasdesign.ee\/fi\/wp-json\/wp\/v2\/media\/11525"}],"wp:attachment":[{"href":"https:\/\/dev2.pallasdesign.ee\/fi\/wp-json\/wp\/v2\/media?parent=21039"}],"wp:term":[{"taxonomy":"product_brand","embeddable":true,"href":"https:\/\/dev2.pallasdesign.ee\/fi\/wp-json\/wp\/v2\/product_brand?post=21039"},{"taxonomy":"product_cat","embeddable":true,"href":"https:\/\/dev2.pallasdesign.ee\/fi\/wp-json\/wp\/v2\/product_cat?post=21039"},{"taxonomy":"product_tag","embeddable":true,"href":"https:\/\/dev2.pallasdesign.ee\/fi\/wp-json\/wp\/v2\/product_tag?post=21039"}],"curies":[{"name":"wp","href":"https:\/\/api.w.org\/{rel}","templated":true}]}}