{"id":21052,"date":"2023-12-05T09:04:53","date_gmt":"2023-12-05T07:04:53","guid":{"rendered":"https:\/\/dev2.pallasdesign.ee\/kasitoopood\/maaratlemata\/pehmokoira\/"},"modified":"2025-11-22T17:00:58","modified_gmt":"2025-11-22T15:00:58","slug":"koira-lahjaksi","status":"publish","type":"product","link":"https:\/\/dev2.pallasdesign.ee\/fi\/koira-lahjaksi\/","title":{"rendered":"Pehmokoira"},"content":{"rendered":"<h2>Pehmoel\u00e4in Koira lahjaksi<\/h2>\n<p>Classic-mallisto. Koiralla on beige vartalo, yksi ruskea ja yksi beige tassu, kaksi korvaa, joista toinen on beige ja toinen ruskea, kaksi mustaa silm\u00e4\u00e4, joista toisen takana on ruskea l\u00e4isk\u00e4, pehme\u00e4 ruskea nen\u00e4 ja suu. <\/p>\n<p><a href=\"https:\/\/dev2.pallasdesign.ee\/fi\/pehmolelut\/\"><b>Kaikki pehmolelumme l\u00f6yd\u00e4t t\u00e4\u00e4lt\u00e4<\/b><\/a><\/p>\n<h2>Tuotetiedot<\/h2>\n<ul>\n<li>Virallinen Cubbies-pehmolelun malli<\/li>\n<li>Rakkaudella k\u00e4sity\u00f6n\u00e4 valmistettu<\/li>\n<li>Personoi sit\u00e4 erilaisilla kirjailluilla kuvioilla.<\/li>\n<li>Ainutlaatuinen vetoketjullinen malli \u2013 mahdollistaa sisuksen poistamisen, pehmolelun kirjonnan sek\u00e4 Cubbies-pehmolelun turvallisen pesun.<\/li>\n<li>Konepest\u00e4v\u00e4<\/li>\n<li>Turvallinen kaikenik\u00e4isille<\/li>\n<li>Mitat: Istuma-asennossa 33cm (kokonaispituus 40cm)<\/li>\n<li>Toimitustapa: Toimitus l\u00e4himp\u00e4\u00e4n pakettiautomaattiin<\/li>\n<\/ul>\n","protected":false},"excerpt":{"rendered":"<p>Cubbies Dog &#8211; pehmoel\u00e4inkoira lahjaksi ja kirjonnalla personointiin<\/p>\n<p>Jos sinulla on oma idea, miten haluaisit suunnitella jonkin pehmolelun lahjaksi, ota meihin yhteytt\u00e4 &#8211; Me kirjomme ideasi todeksi!<\/p>\n","protected":false},"featured_media":11479,"template":"","meta":[],"product_brand":[],"product_cat":[761,760,799,800,804,805,809,952,771,772,773,774,775],"product_tag":[1006],"class_list":{"0":"post-21052","1":"product","2":"type-product","3":"status-publish","4":"has-post-thumbnail","6":"product_cat-pehmoelaimet","7":"product_cat-pehmolelut","8":"product_cat-vauvatuotteet","9":"product_cat-vauvalahja","10":"product_cat-ristiaislahja","11":"product_cat-nimiaislahjat","12":"product_cat-lastentuotteet","13":"product_cat-cubbies-fi","14":"product_cat-unilelu","15":"product_cat-elainlelut","16":"product_cat-pehmolelu-nimella","17":"product_cat-pehmot","18":"product_cat-pehmeat-lelut","19":"product_tag-koira","20":"no-featured-image-padding","21":"sales-flash-overlay","22":"woocommerce-text-align-center","23":"woocommerce-image-align-center","24":"do-quantity-buttons","26":"first","27":"instock","28":"taxable","29":"shipping-taxable","30":"purchasable","31":"product-type-simple"},"_links":{"self":[{"href":"https:\/\/dev2.pallasdesign.ee\/fi\/wp-json\/wp\/v2\/product\/21052","targetHints":{"allow":["GET"]}}],"collection":[{"href":"https:\/\/dev2.pallasdesign.ee\/fi\/wp-json\/wp\/v2\/product"}],"about":[{"href":"https:\/\/dev2.pallasdesign.ee\/fi\/wp-json\/wp\/v2\/types\/product"}],"wp:featuredmedia":[{"embeddable":true,"href":"https:\/\/dev2.pallasdesign.ee\/fi\/wp-json\/wp\/v2\/media\/11479"}],"wp:attachment":[{"href":"https:\/\/dev2.pallasdesign.ee\/fi\/wp-json\/wp\/v2\/media?parent=21052"}],"wp:term":[{"taxonomy":"product_brand","embeddable":true,"href":"https:\/\/dev2.pallasdesign.ee\/fi\/wp-json\/wp\/v2\/product_brand?post=21052"},{"taxonomy":"product_cat","embeddable":true,"href":"https:\/\/dev2.pallasdesign.ee\/fi\/wp-json\/wp\/v2\/product_cat?post=21052"},{"taxonomy":"product_tag","embeddable":true,"href":"https:\/\/dev2.pallasdesign.ee\/fi\/wp-json\/wp\/v2\/product_tag?post=21052"}],"curies":[{"name":"wp","href":"https:\/\/api.w.org\/{rel}","templated":true}]}}