{"id":21095,"date":"2023-12-03T18:22:03","date_gmt":"2023-12-03T16:22:03","guid":{"rendered":"https:\/\/dev2.pallasdesign.ee\/kasitoopood\/maaratlemata\/pehmolelu-robotti\/"},"modified":"2025-11-22T21:25:07","modified_gmt":"2025-11-22T19:25:07","slug":"pehmolelu-robotti","status":"publish","type":"product","link":"https:\/\/dev2.pallasdesign.ee\/fi\/pehmolelu-robotti\/","title":{"rendered":"Pehmolelu Robotti"},"content":{"rendered":"<h2>Pehmolelu Robotti<\/h2>\n<p>Signature-kokoelma. Robotti D.A.V.E:ll\u00e4 on punainen\/keltainen runko, jossa on pieni\u00e4 ruuviyksityiskohtia, raidalliset k\u00e4det ja jalat sek\u00e4 yksityiskohtaiset kasvonpiirteet. Robotin k\u00e4det py\u00f6riv\u00e4t nivelest\u00e4.  <\/p>\n<p><a href=\"https:\/\/dev2.pallasdesign.ee\/fi\/pehmolelut\/\"><b>Kaikki pehmolelumme l\u00f6yd\u00e4t t\u00e4\u00e4lt\u00e4<\/b><\/a><\/p>\n<h2>Tuotetiedot<\/h2>\n<ul>\n<li>Virallinen Cubbies-pehmolelun malli<\/li>\n<li>Rakkaudella k\u00e4sity\u00f6n\u00e4 valmistettu<\/li>\n<li>Personoi sit\u00e4 erilaisilla kirjailluilla kuvioilla.<\/li>\n<li>Ainutlaatuinen vetoketjullinen muotoilu \u2013 mahdollistaa t\u00e4ytteen poistamisen, kirjonnan tekemisen pehmoleluun sek\u00e4 Cubbies-halikoiran turvallisen pesemisen.<\/li>\n<li>Konepest\u00e4v\u00e4<\/li>\n<li>Turvallinen kaikenik\u00e4isille<\/li>\n<li>Mitat: istuma-asennossa 33 cm (kokonaispituus 55 cm)<\/li>\n<li>Toimitustapa: Toimitus l\u00e4himp\u00e4\u00e4n pakettiautomaattiin<\/li>\n<\/ul>\n","protected":false},"excerpt":{"rendered":"<p>Pehmolelu pojalle Cubbies Signature Robotti D.A.V.E. &#8211; pehmo lapselle lahjaksi ja kirjonnalla personointiin<\/p>\n<p>Jos sinulla on oma idea, miten haluaisit suunnitella jonkin pehmon lahjaksi, ota meihin yhteytt\u00e4 \u2013 Me kirjomme ajatuksesi todeksi!<\/p>\n","protected":false},"featured_media":11359,"template":"","meta":[],"product_brand":[],"product_cat":[761,760,799,800,804,805,809,952,771,772,773,774,775],"product_tag":[1045],"class_list":{"0":"post-21095","1":"product","2":"type-product","3":"status-publish","4":"has-post-thumbnail","6":"product_cat-pehmoelaimet","7":"product_cat-pehmolelut","8":"product_cat-vauvatuotteet","9":"product_cat-vauvalahja","10":"product_cat-ristiaislahja","11":"product_cat-nimiaislahjat","12":"product_cat-lastentuotteet","13":"product_cat-cubbies-fi","14":"product_cat-unilelu","15":"product_cat-elainlelut","16":"product_cat-pehmolelu-nimella","17":"product_cat-pehmot","18":"product_cat-pehmeat-lelut","19":"product_tag-robotti","20":"no-featured-image-padding","21":"sales-flash-overlay","22":"woocommerce-text-align-center","23":"woocommerce-image-align-center","24":"do-quantity-buttons","26":"first","27":"instock","28":"taxable","29":"shipping-taxable","30":"purchasable","31":"product-type-simple"},"_links":{"self":[{"href":"https:\/\/dev2.pallasdesign.ee\/fi\/wp-json\/wp\/v2\/product\/21095","targetHints":{"allow":["GET"]}}],"collection":[{"href":"https:\/\/dev2.pallasdesign.ee\/fi\/wp-json\/wp\/v2\/product"}],"about":[{"href":"https:\/\/dev2.pallasdesign.ee\/fi\/wp-json\/wp\/v2\/types\/product"}],"wp:featuredmedia":[{"embeddable":true,"href":"https:\/\/dev2.pallasdesign.ee\/fi\/wp-json\/wp\/v2\/media\/11359"}],"wp:attachment":[{"href":"https:\/\/dev2.pallasdesign.ee\/fi\/wp-json\/wp\/v2\/media?parent=21095"}],"wp:term":[{"taxonomy":"product_brand","embeddable":true,"href":"https:\/\/dev2.pallasdesign.ee\/fi\/wp-json\/wp\/v2\/product_brand?post=21095"},{"taxonomy":"product_cat","embeddable":true,"href":"https:\/\/dev2.pallasdesign.ee\/fi\/wp-json\/wp\/v2\/product_cat?post=21095"},{"taxonomy":"product_tag","embeddable":true,"href":"https:\/\/dev2.pallasdesign.ee\/fi\/wp-json\/wp\/v2\/product_tag?post=21095"}],"curies":[{"name":"wp","href":"https:\/\/api.w.org\/{rel}","templated":true}]}}