{"id":21102,"date":"2023-12-03T16:21:18","date_gmt":"2023-12-03T14:21:18","guid":{"rendered":"https:\/\/dev2.pallasdesign.ee\/kasitoopood\/maaratlemata\/pehmolelu-kirahvi\/"},"modified":"2025-11-22T23:21:31","modified_gmt":"2025-11-22T21:21:31","slug":"pehmolelu-kirahvi","status":"publish","type":"product","link":"https:\/\/dev2.pallasdesign.ee\/fi\/pehmolelu-kirahvi\/","title":{"rendered":"Pehmolelu Kirahvi"},"content":{"rendered":"<h2>Pehmolelu Kirahvi<\/h2>\n<p>Signature-kokoelma. Pehmolelu Tumbleberryll\u00e4 on keltainen vartalo ruskeilla t\u00e4plill\u00e4, kaksi tuuheaa korvaa, kaksi keltaista ja tupsuk\u00e4rkist\u00e4 ruskeaa ossikonia, pitk\u00e4 t\u00e4plik\u00e4s h\u00e4nt\u00e4, suuret mustat silm\u00e4t, pitk\u00e4 suu ja hieman oransseja hiuksia. <\/p>\n<p><a href=\"https:\/\/dev2.pallasdesign.ee\/fi\/pehmolelut\/\"><b>Kaikki pehmolelumme l\u00f6yd\u00e4t t\u00e4\u00e4lt\u00e4<\/b><\/a><\/p>\n<h2>Tuotetiedot<\/h2>\n<ul>\n<li>Virallinen Cubbies-pehmolelun malli<\/li>\n<li>Rakkaudella k\u00e4sity\u00f6n\u00e4 valmistettu<\/li>\n<li>Personoi sit\u00e4 erilaisilla kirjailluilla kuvioilla.<\/li>\n<li>Ainutlaatuinen vetoketjullinen muotoilu \u2013 mahdollistaa t\u00e4ytteen poistamisen, kirjonnan tekemisen pehmoleluun sek\u00e4 Cubbies-halikoiran turvallisen pesemisen.<\/li>\n<li>Konepest\u00e4v\u00e4<\/li>\n<li>Turvallinen kaikenik\u00e4isille<\/li>\n<li>Mitat: istuma-asennossa 40cm (kokonaispituus 47cm)<\/li>\n<li>Toimitustapa: Toimitus l\u00e4himp\u00e4\u00e4n pakettiautomaattiin<\/li>\n<\/ul>\n","protected":false},"excerpt":{"rendered":"<p>Pehmolelu Kirahvi kirjontaan Cubbies Signature Giraffe Tumbleberry &#8211; pehmoel\u00e4in lahjaksi ja kirjonnalla personointiin<\/p>\n<p>Jos sinulla on oma idea, miten haluaisit suunnitella pehmolelun lahjaksi, ota meihin yhteytt\u00e4 \u2013 Me kirjomme ideasi todeksi!<\/p>\n","protected":false},"featured_media":11307,"template":"","meta":[],"product_brand":[],"product_cat":[761,760,799,800,804,805,809,952,771,772,773,774,775],"product_tag":[997],"class_list":{"0":"post-21102","1":"product","2":"type-product","3":"status-publish","4":"has-post-thumbnail","6":"product_cat-pehmoelaimet","7":"product_cat-pehmolelut","8":"product_cat-vauvatuotteet","9":"product_cat-vauvalahja","10":"product_cat-ristiaislahja","11":"product_cat-nimiaislahjat","12":"product_cat-lastentuotteet","13":"product_cat-cubbies-fi","14":"product_cat-unilelu","15":"product_cat-elainlelut","16":"product_cat-pehmolelu-nimella","17":"product_cat-pehmot","18":"product_cat-pehmeat-lelut","19":"product_tag-kirahvi","20":"no-featured-image-padding","21":"sales-flash-overlay","22":"woocommerce-text-align-center","23":"woocommerce-image-align-center","24":"do-quantity-buttons","26":"first","27":"outofstock","28":"taxable","29":"shipping-taxable","30":"purchasable","31":"product-type-simple"},"_links":{"self":[{"href":"https:\/\/dev2.pallasdesign.ee\/fi\/wp-json\/wp\/v2\/product\/21102","targetHints":{"allow":["GET"]}}],"collection":[{"href":"https:\/\/dev2.pallasdesign.ee\/fi\/wp-json\/wp\/v2\/product"}],"about":[{"href":"https:\/\/dev2.pallasdesign.ee\/fi\/wp-json\/wp\/v2\/types\/product"}],"wp:featuredmedia":[{"embeddable":true,"href":"https:\/\/dev2.pallasdesign.ee\/fi\/wp-json\/wp\/v2\/media\/11307"}],"wp:attachment":[{"href":"https:\/\/dev2.pallasdesign.ee\/fi\/wp-json\/wp\/v2\/media?parent=21102"}],"wp:term":[{"taxonomy":"product_brand","embeddable":true,"href":"https:\/\/dev2.pallasdesign.ee\/fi\/wp-json\/wp\/v2\/product_brand?post=21102"},{"taxonomy":"product_cat","embeddable":true,"href":"https:\/\/dev2.pallasdesign.ee\/fi\/wp-json\/wp\/v2\/product_cat?post=21102"},{"taxonomy":"product_tag","embeddable":true,"href":"https:\/\/dev2.pallasdesign.ee\/fi\/wp-json\/wp\/v2\/product_tag?post=21102"}],"curies":[{"name":"wp","href":"https:\/\/api.w.org\/{rel}","templated":true}]}}