{"id":21116,"date":"2023-11-28T21:41:24","date_gmt":"2023-11-28T19:41:24","guid":{"rendered":"https:\/\/dev2.pallasdesign.ee\/kasitoopood\/maaratlemata\/amigurumi-koira\/"},"modified":"2025-11-23T12:29:12","modified_gmt":"2025-11-23T10:29:12","slug":"virkattu-pehmoelain-amigurumi-koira","status":"publish","type":"product","link":"https:\/\/dev2.pallasdesign.ee\/fi\/virkattu-pehmoelain-amigurumi-koira\/","title":{"rendered":"Amigurumi Koira"},"content":{"rendered":"<h2>Virkattu pehmoel\u00e4in koira \u2013 Crochet-mallisto<\/h2>\n<p>K\u00e4sin virkattu puuvillainen pehmolelu (Amigurumi). Jokaisen Crochet Cubbyn valmistaminen voi vied\u00e4 yli kolme tuntia, ja sill\u00e4 on paljon suurempi koettu arvo kuin tavallisella pehmolelulla. 25 cm korkea, ihanteellinen koko pienelle lapselle.  <\/p>\n<p><a href=\"https:\/\/dev2.pallasdesign.ee\/fi\/virkatut-elaimet\/\"><b>Kaikkiin amigurumi-el\u00e4imiimme voit tutustua t\u00e4\u00e4ll\u00e4<\/b><\/a><\/p>\n<h2>Tuotetiedot<\/h2>\n<ul>\n<li>Virallinen Cubbies-pehmolelun malli<\/li>\n<li>Rakkaudella k\u00e4sin virkattu<\/li>\n<li>Turvallinen kaikenik\u00e4isille<\/li>\n<li>Pituus: 25 cm, istuma-asennossa 20 cm<\/li>\n<li>Pakkaus: Pehmolelua vastaavalla kuvalla varustettu laatikko<\/li>\n<li>Toimitustapa: Toimitus l\u00e4himp\u00e4\u00e4n pakettiautomaattiin<\/li>\n<\/ul>\n","protected":false},"excerpt":{"rendered":"<p>Virkattu pehmoel\u00e4in Koira Cubbies Crochet Dog &#8211; pehmolelu lahjaksi lapselle.<\/p>\n<p>Myymme amigurumi-pehmoleluja ilman kirjontaa.<\/p>\n<p>Halutessasi voimme valmistaa sopivan v\u00e4riselle huovalle applikaatiotekniikalla nimikirjonnan, jonka ompelemme el\u00e4imen vatsaan.<\/p>\n","protected":false},"featured_media":11201,"template":"","meta":[],"product_brand":[],"product_cat":[770,760,799,800,804,805,809,952,761,771,772,773,774,775],"product_tag":[1006],"class_list":{"0":"post-21116","1":"product","2":"type-product","3":"status-publish","4":"has-post-thumbnail","6":"product_cat-virkatut-elaimet","7":"product_cat-pehmolelut","8":"product_cat-vauvatuotteet","9":"product_cat-vauvalahja","10":"product_cat-ristiaislahja","11":"product_cat-nimiaislahjat","12":"product_cat-lastentuotteet","13":"product_cat-cubbies-fi","14":"product_cat-pehmoelaimet","15":"product_cat-unilelu","16":"product_cat-elainlelut","17":"product_cat-pehmolelu-nimella","18":"product_cat-pehmot","19":"product_cat-pehmeat-lelut","20":"product_tag-koira","21":"no-featured-image-padding","22":"sales-flash-overlay","23":"woocommerce-text-align-center","24":"woocommerce-image-align-center","25":"do-quantity-buttons","27":"first","28":"instock","29":"taxable","30":"shipping-taxable","31":"purchasable","32":"product-type-simple"},"_links":{"self":[{"href":"https:\/\/dev2.pallasdesign.ee\/fi\/wp-json\/wp\/v2\/product\/21116","targetHints":{"allow":["GET"]}}],"collection":[{"href":"https:\/\/dev2.pallasdesign.ee\/fi\/wp-json\/wp\/v2\/product"}],"about":[{"href":"https:\/\/dev2.pallasdesign.ee\/fi\/wp-json\/wp\/v2\/types\/product"}],"wp:featuredmedia":[{"embeddable":true,"href":"https:\/\/dev2.pallasdesign.ee\/fi\/wp-json\/wp\/v2\/media\/11201"}],"wp:attachment":[{"href":"https:\/\/dev2.pallasdesign.ee\/fi\/wp-json\/wp\/v2\/media?parent=21116"}],"wp:term":[{"taxonomy":"product_brand","embeddable":true,"href":"https:\/\/dev2.pallasdesign.ee\/fi\/wp-json\/wp\/v2\/product_brand?post=21116"},{"taxonomy":"product_cat","embeddable":true,"href":"https:\/\/dev2.pallasdesign.ee\/fi\/wp-json\/wp\/v2\/product_cat?post=21116"},{"taxonomy":"product_tag","embeddable":true,"href":"https:\/\/dev2.pallasdesign.ee\/fi\/wp-json\/wp\/v2\/product_tag?post=21116"}],"curies":[{"name":"wp","href":"https:\/\/api.w.org\/{rel}","templated":true}]}}