{"id":21126,"date":"2025-03-08T20:06:02","date_gmt":"2025-03-08T18:06:02","guid":{"rendered":"https:\/\/dev2.pallasdesign.ee\/kasitoopood\/maaratlemata\/uniriepu-possu\/"},"modified":"2025-11-21T07:31:43","modified_gmt":"2025-11-21T05:31:43","slug":"uniriepu-possu","status":"publish","type":"product","link":"https:\/\/dev2.pallasdesign.ee\/fi\/uniriepu-possu\/","title":{"rendered":"Uniriepu Possu"},"content":{"rendered":"<h2>Uniriepu Possu<\/h2>\n<p>Uniriepu Possu lahjaksi &#8211; Blankies-kokoelma. Pudding Popilla on p\u00f6rr\u00f6inen vaaleanpunainen vartalo, pienet korvat, mustat silm\u00e4t ja vaaleanpunainen k\u00e4rs\u00e4. <\/p>\n<p><a href=\"https:\/\/dev2.pallasdesign.ee\/fi\/unirievut\/\"><b>Kaikki unirieppumme l\u00f6yd\u00e4t t\u00e4\u00e4lt\u00e4<\/b><\/a><\/p>\n<h2>Tuotetiedot<\/h2>\n<ul>\n<li>Virallinen Cubbies vauvan uniriepumalli<\/li>\n<li>Rakkaudella k\u00e4sity\u00f6n\u00e4 valmistettu<\/li>\n<li>Personoi sit\u00e4 erilaisilla kirjailluilla kuvioilla.<\/li>\n<li>Konepest\u00e4v\u00e4<\/li>\n<li>Turvallinen kaikenik\u00e4isille<\/li>\n<li>Mitat: 40x40cm<\/li>\n<li>Huom! Brodeeraus n\u00e4kyy tuotteen takapuolella (lis\u00e4palveluna tilattavissa) <\/li>\n<li>Toimitustapa: Toimitus l\u00e4himp\u00e4\u00e4n pakettiautomaattiin<\/li>\n<\/ul>\n","protected":false},"excerpt":{"rendered":"<p>Uniriepu kirjonnalla Cubbies Pig Blankie Pudding Pop &#8211; uniriepu lapselle lahjaksi ja kirjonnalla koristeltavaksi<\/p>\n<p>Jos sinulla on oma idea, miten haluaisit suunnitella jonkin uniriepun lahjaksi, ota meihin yhteytt\u00e4 \u2013 Me kirjomme ajatuksesi todeksi!<\/p>\n","protected":false},"featured_media":15187,"template":"","meta":[],"product_brand":[],"product_cat":[762,760,799,800,804,805,809,952,771,772,773,774,775],"product_tag":[1025],"class_list":{"0":"post-21126","1":"product","2":"type-product","3":"status-publish","4":"has-post-thumbnail","6":"product_cat-unirievut","7":"product_cat-pehmolelut","8":"product_cat-vauvatuotteet","9":"product_cat-vauvalahja","10":"product_cat-ristiaislahja","11":"product_cat-nimiaislahjat","12":"product_cat-lastentuotteet","13":"product_cat-cubbies-fi","14":"product_cat-unilelu","15":"product_cat-elainlelut","16":"product_cat-pehmolelu-nimella","17":"product_cat-pehmot","18":"product_cat-pehmeat-lelut","19":"product_tag-possu","20":"no-featured-image-padding","21":"sales-flash-overlay","22":"woocommerce-text-align-center","23":"woocommerce-image-align-center","24":"do-quantity-buttons","26":"first","27":"instock","28":"taxable","29":"shipping-taxable","30":"purchasable","31":"product-type-simple"},"_links":{"self":[{"href":"https:\/\/dev2.pallasdesign.ee\/fi\/wp-json\/wp\/v2\/product\/21126","targetHints":{"allow":["GET"]}}],"collection":[{"href":"https:\/\/dev2.pallasdesign.ee\/fi\/wp-json\/wp\/v2\/product"}],"about":[{"href":"https:\/\/dev2.pallasdesign.ee\/fi\/wp-json\/wp\/v2\/types\/product"}],"wp:featuredmedia":[{"embeddable":true,"href":"https:\/\/dev2.pallasdesign.ee\/fi\/wp-json\/wp\/v2\/media\/15187"}],"wp:attachment":[{"href":"https:\/\/dev2.pallasdesign.ee\/fi\/wp-json\/wp\/v2\/media?parent=21126"}],"wp:term":[{"taxonomy":"product_brand","embeddable":true,"href":"https:\/\/dev2.pallasdesign.ee\/fi\/wp-json\/wp\/v2\/product_brand?post=21126"},{"taxonomy":"product_cat","embeddable":true,"href":"https:\/\/dev2.pallasdesign.ee\/fi\/wp-json\/wp\/v2\/product_cat?post=21126"},{"taxonomy":"product_tag","embeddable":true,"href":"https:\/\/dev2.pallasdesign.ee\/fi\/wp-json\/wp\/v2\/product_tag?post=21126"}],"curies":[{"name":"wp","href":"https:\/\/api.w.org\/{rel}","templated":true}]}}