{"id":21137,"date":"2023-11-29T23:12:03","date_gmt":"2023-11-29T21:12:03","guid":{"rendered":"https:\/\/dev2.pallasdesign.ee\/kasitoopood\/maaratlemata\/uniriepu-vihrea-dinosaurus\/"},"modified":"2025-11-23T12:02:09","modified_gmt":"2025-11-23T10:02:09","slug":"nimikoitu-uniriepu","status":"publish","type":"product","link":"https:\/\/dev2.pallasdesign.ee\/fi\/nimikoitu-uniriepu\/","title":{"rendered":"Uniriepu Vihre\u00e4 dinosaurus"},"content":{"rendered":"<h2>Nimikoitu uniriepu<\/h2>\n<p>Nimikoitu uniriepu Vihre\u00e4 dinosaurus &#8211; Blankie-kokoelma. Sir Montylla on vihre\u00e4\/valkoinen vartalo, pehme\u00e4 turkki, suuret mustat silm\u00e4t ja pienet oranssit sarvet. <\/p>\n<p><a href=\"https:\/\/dev2.pallasdesign.ee\/fi\/unirievut\/\"><b>Kaikki unirieppumme l\u00f6yd\u00e4t t\u00e4\u00e4lt\u00e4<\/b><\/a><\/p>\n<h2>Tuotetiedot<\/h2>\n<ul>\n<li>Virallinen Cubbies vauvan uniriepumalli<\/li>\n<li>Rakkaudella k\u00e4sity\u00f6n\u00e4 valmistettu<\/li>\n<li>Personoi sit\u00e4 erilaisilla kirjailluilla kuvioilla.<\/li>\n<li>Konepest\u00e4v\u00e4<\/li>\n<li>Turvallinen kaikenik\u00e4isille<\/li>\n<li>Mitat: 40x40cm<\/li>\n<li>Huom! Brodeeraus n\u00e4kyy tuotteen takapuolella (lis\u00e4palveluna tilattavissa) <\/li>\n<li>Toimitustapa: Toimitus l\u00e4himp\u00e4\u00e4n pakettiautomaattiin<\/li>\n<\/ul>\n","protected":false},"excerpt":{"rendered":"<p>Uniriepu kirjontaan Cubbies Green Dinosaur Blankie &#8211; uniriepu lapselle lahjaksi ja kirjonnalla koristeluun<\/p>\n<p>Jos sinulla on oma idea, miten haluaisit suunnitella jonkin uniriepun lahjaksi, ota meihin yhteytt\u00e4 \u2013 Me kirjomme ajatuksesi todeksi!<\/p>\n","protected":false},"featured_media":11253,"template":"","meta":[],"product_brand":[],"product_cat":[762,760,799,800,804,805,809,952,771,772,773,774,775],"product_tag":[979],"class_list":{"0":"post-21137","1":"product","2":"type-product","3":"status-publish","4":"has-post-thumbnail","6":"product_cat-unirievut","7":"product_cat-pehmolelut","8":"product_cat-vauvatuotteet","9":"product_cat-vauvalahja","10":"product_cat-ristiaislahja","11":"product_cat-nimiaislahjat","12":"product_cat-lastentuotteet","13":"product_cat-cubbies-fi","14":"product_cat-unilelu","15":"product_cat-elainlelut","16":"product_cat-pehmolelu-nimella","17":"product_cat-pehmot","18":"product_cat-pehmeat-lelut","19":"product_tag-dinosaurus-fi","20":"no-featured-image-padding","21":"sales-flash-overlay","22":"woocommerce-text-align-center","23":"woocommerce-image-align-center","24":"do-quantity-buttons","26":"first","27":"instock","28":"taxable","29":"shipping-taxable","30":"purchasable","31":"product-type-simple"},"_links":{"self":[{"href":"https:\/\/dev2.pallasdesign.ee\/fi\/wp-json\/wp\/v2\/product\/21137","targetHints":{"allow":["GET"]}}],"collection":[{"href":"https:\/\/dev2.pallasdesign.ee\/fi\/wp-json\/wp\/v2\/product"}],"about":[{"href":"https:\/\/dev2.pallasdesign.ee\/fi\/wp-json\/wp\/v2\/types\/product"}],"wp:featuredmedia":[{"embeddable":true,"href":"https:\/\/dev2.pallasdesign.ee\/fi\/wp-json\/wp\/v2\/media\/11253"}],"wp:attachment":[{"href":"https:\/\/dev2.pallasdesign.ee\/fi\/wp-json\/wp\/v2\/media?parent=21137"}],"wp:term":[{"taxonomy":"product_brand","embeddable":true,"href":"https:\/\/dev2.pallasdesign.ee\/fi\/wp-json\/wp\/v2\/product_brand?post=21137"},{"taxonomy":"product_cat","embeddable":true,"href":"https:\/\/dev2.pallasdesign.ee\/fi\/wp-json\/wp\/v2\/product_cat?post=21137"},{"taxonomy":"product_tag","embeddable":true,"href":"https:\/\/dev2.pallasdesign.ee\/fi\/wp-json\/wp\/v2\/product_tag?post=21137"}],"curies":[{"name":"wp","href":"https:\/\/api.w.org\/{rel}","templated":true}]}}