{"id":21143,"date":"2023-11-29T22:17:16","date_gmt":"2023-11-29T20:17:16","guid":{"rendered":"https:\/\/dev2.pallasdesign.ee\/kasitoopood\/maaratlemata\/uniriepu-suojelunalle-edessa-siipibrodeeraus\/"},"modified":"2025-11-23T12:07:53","modified_gmt":"2025-11-23T10:07:53","slug":"uniriepu-nimibrodeerausta-varten","status":"publish","type":"product","link":"https:\/\/dev2.pallasdesign.ee\/fi\/uniriepu-nimibrodeerausta-varten\/","title":{"rendered":"Uniriepu Suojelunalle (edess\u00e4 siipibrodeeraus)"},"content":{"rendered":"<h2>Uniriepu nimibrodeerausta varten<\/h2>\n<p>Uniriepu nimibrodeerausta varten Suojelukarhu &#8211; Blankie-kokoelma. Uniriepulla on kermainen ja valkoinen vartalo, pehme\u00e4 turkki, suuret yksityiskohtaiset siivet ja suljetut silm\u00e4t. Unipeiton etupuolta koristaa siipibrodeeraus.  <\/p>\n<p><a href=\"https:\/\/dev2.pallasdesign.ee\/fi\/unirievut\/\"><b>Kaikki unirieppumme l\u00f6yd\u00e4t t\u00e4\u00e4lt\u00e4<\/b><\/a><\/p>\n<h2>Tuotetiedot<\/h2>\n<ul>\n<li>Virallinen Cubbies vauvan uniriepumalli<\/li>\n<li>Rakkaudella k\u00e4sity\u00f6n\u00e4 valmistettu<\/li>\n<li>Personoi sit\u00e4 erilaisilla kirjailluilla kuvioilla.<\/li>\n<li>Konepest\u00e4v\u00e4<\/li>\n<li>Turvallinen kaikenik\u00e4isille<\/li>\n<li>Mitat: 40x40cm<\/li>\n<li>Huom! Brodeeraus n\u00e4kyy tuotteen takapuolella (lis\u00e4palveluna tilattavissa) <\/li>\n<li>Toimitustapa: Toimitus l\u00e4himp\u00e4\u00e4n pakettiautomaattiin<\/li>\n<\/ul>\n","protected":false},"excerpt":{"rendered":"<p>Cubbies Guardian Blankie &#8211; uniriepu lahjaksi ja nimen brodeeraamiseen<\/p>\n<p>Jos sinulla on oma idea, miten haluaisit suunnitella uniriepun lahjaksi, ota meihin yhteytt\u00e4 \u2013 Me brodeeraamme ideasi todeksi!<\/p>\n","protected":false},"featured_media":11239,"template":"","meta":[],"product_brand":[],"product_cat":[762,760,799,800,804,805,809,813,952,768,769,771,772,773,774,775],"product_tag":[1001],"class_list":{"0":"post-21143","1":"product","2":"type-product","3":"status-publish","4":"has-post-thumbnail","6":"product_cat-unirievut","7":"product_cat-pehmolelut","8":"product_cat-vauvatuotteet","9":"product_cat-vauvalahja","10":"product_cat-ristiaislahja","11":"product_cat-nimiaislahjat","12":"product_cat-lastentuotteet","13":"product_cat-brodeeratut-tuotteet","14":"product_cat-cubbies-fi","15":"product_cat-pehmokarhut","16":"product_cat-nalle","17":"product_cat-unilelu","18":"product_cat-elainlelut","19":"product_cat-pehmolelu-nimella","20":"product_cat-pehmot","21":"product_cat-pehmeat-lelut","22":"product_tag-karhu","23":"no-featured-image-padding","24":"sales-flash-overlay","25":"woocommerce-text-align-center","26":"woocommerce-image-align-center","27":"do-quantity-buttons","29":"first","30":"instock","31":"taxable","32":"shipping-taxable","33":"purchasable","34":"product-type-simple"},"_links":{"self":[{"href":"https:\/\/dev2.pallasdesign.ee\/fi\/wp-json\/wp\/v2\/product\/21143","targetHints":{"allow":["GET"]}}],"collection":[{"href":"https:\/\/dev2.pallasdesign.ee\/fi\/wp-json\/wp\/v2\/product"}],"about":[{"href":"https:\/\/dev2.pallasdesign.ee\/fi\/wp-json\/wp\/v2\/types\/product"}],"wp:featuredmedia":[{"embeddable":true,"href":"https:\/\/dev2.pallasdesign.ee\/fi\/wp-json\/wp\/v2\/media\/11239"}],"wp:attachment":[{"href":"https:\/\/dev2.pallasdesign.ee\/fi\/wp-json\/wp\/v2\/media?parent=21143"}],"wp:term":[{"taxonomy":"product_brand","embeddable":true,"href":"https:\/\/dev2.pallasdesign.ee\/fi\/wp-json\/wp\/v2\/product_brand?post=21143"},{"taxonomy":"product_cat","embeddable":true,"href":"https:\/\/dev2.pallasdesign.ee\/fi\/wp-json\/wp\/v2\/product_cat?post=21143"},{"taxonomy":"product_tag","embeddable":true,"href":"https:\/\/dev2.pallasdesign.ee\/fi\/wp-json\/wp\/v2\/product_tag?post=21143"}],"curies":[{"name":"wp","href":"https:\/\/api.w.org\/{rel}","templated":true}]}}