{"id":21152,"date":"2023-11-29T21:00:13","date_gmt":"2023-11-29T19:00:13","guid":{"rendered":"https:\/\/dev2.pallasdesign.ee\/kasitoopood\/maaratlemata\/uniriepu-pupu-starry-night\/"},"modified":"2025-11-23T12:19:46","modified_gmt":"2025-11-23T10:19:46","slug":"uniriepu-pupu","status":"publish","type":"product","link":"https:\/\/dev2.pallasdesign.ee\/fi\/uniriepu-pupu\/","title":{"rendered":"Uniriepu Pupu (Starry Night)"},"content":{"rendered":"<h2>Uniriepu<\/h2>\n<p>Pupu &#8211; Blankie-kokoelma. Pehmolelu Clovis Bramptonilla on harmaa samettinen vartalo, suuret kuviolliset rypytetyt korvat, suuret mustat silm\u00e4t ja yst\u00e4v\u00e4llinen hymy. <\/p>\n<p><a href=\"https:\/\/dev2.pallasdesign.ee\/fi\/unirievut\/\"><b>Kaikki unirieppumme l\u00f6yd\u00e4t t\u00e4\u00e4lt\u00e4<\/b><\/a><\/p>\n<h2>Tuotetiedot<\/h2>\n<ul>\n<li>Virallinen Cubbies vauvan uniriepumalli<\/li>\n<li>Rakkaudella k\u00e4sity\u00f6n\u00e4 valmistettu<\/li>\n<li>Personoi sit\u00e4 erilaisilla kirjailluilla kuvioilla.<\/li>\n<li>Konepest\u00e4v\u00e4<\/li>\n<li>Turvallinen kaikenik\u00e4isille<\/li>\n<li>Mitat: 40x40cm<\/li>\n<li>Huom! Brodeeraus n\u00e4kyy tuotteen takapuolella (lis\u00e4palveluna tilattavissa) <\/li>\n<li>Toimitustapa: Toimitus l\u00e4himp\u00e4\u00e4n pakettiautomaattiin<\/li>\n<\/ul>\n","protected":false},"excerpt":{"rendered":"<p>Unipeitto kirjontaan Cubbies Sensory Bunny Blankie Clovis &#8211; Starry Night<\/p>\n<p>Jos sinulla on oma idea, miten haluaisit suunnitella jonkin pehmolelun lahjaksi, ota meihin yhteytt\u00e4 \u2013 Me kirjomme ajatuksesi todeksi!<\/p>\n","protected":false},"featured_media":11223,"template":"","meta":[],"product_brand":[],"product_cat":[762,760,799,800,804,805,809,952,767,771,772,773,774,775],"product_tag":[992],"class_list":{"0":"post-21152","1":"product","2":"type-product","3":"status-publish","4":"has-post-thumbnail","6":"product_cat-unirievut","7":"product_cat-pehmolelut","8":"product_cat-vauvatuotteet","9":"product_cat-vauvalahja","10":"product_cat-ristiaislahja","11":"product_cat-nimiaislahjat","12":"product_cat-lastentuotteet","13":"product_cat-cubbies-fi","14":"product_cat-pehmopuput","15":"product_cat-unilelu","16":"product_cat-elainlelut","17":"product_cat-pehmolelu-nimella","18":"product_cat-pehmot","19":"product_cat-pehmeat-lelut","20":"product_tag-janis","21":"no-featured-image-padding","22":"sales-flash-overlay","23":"woocommerce-text-align-center","24":"woocommerce-image-align-center","25":"do-quantity-buttons","27":"first","28":"instock","29":"taxable","30":"shipping-taxable","31":"purchasable","32":"product-type-simple"},"_links":{"self":[{"href":"https:\/\/dev2.pallasdesign.ee\/fi\/wp-json\/wp\/v2\/product\/21152","targetHints":{"allow":["GET"]}}],"collection":[{"href":"https:\/\/dev2.pallasdesign.ee\/fi\/wp-json\/wp\/v2\/product"}],"about":[{"href":"https:\/\/dev2.pallasdesign.ee\/fi\/wp-json\/wp\/v2\/types\/product"}],"wp:featuredmedia":[{"embeddable":true,"href":"https:\/\/dev2.pallasdesign.ee\/fi\/wp-json\/wp\/v2\/media\/11223"}],"wp:attachment":[{"href":"https:\/\/dev2.pallasdesign.ee\/fi\/wp-json\/wp\/v2\/media?parent=21152"}],"wp:term":[{"taxonomy":"product_brand","embeddable":true,"href":"https:\/\/dev2.pallasdesign.ee\/fi\/wp-json\/wp\/v2\/product_brand?post=21152"},{"taxonomy":"product_cat","embeddable":true,"href":"https:\/\/dev2.pallasdesign.ee\/fi\/wp-json\/wp\/v2\/product_cat?post=21152"},{"taxonomy":"product_tag","embeddable":true,"href":"https:\/\/dev2.pallasdesign.ee\/fi\/wp-json\/wp\/v2\/product_tag?post=21152"}],"curies":[{"name":"wp","href":"https:\/\/api.w.org\/{rel}","templated":true}]}}