{"id":21155,"date":"2025-03-08T20:48:27","date_gmt":"2025-03-08T18:48:27","guid":{"rendered":"https:\/\/dev2.pallasdesign.ee\/kasitoopood\/maaratlemata\/suuri-ruskea-apinapeitto\/"},"modified":"2025-11-21T07:28:49","modified_gmt":"2025-11-21T05:28:49","slug":"unipeitto-pojalle-suuri-ruskea-apinapeitto","status":"publish","type":"product","link":"https:\/\/dev2.pallasdesign.ee\/fi\/unipeitto-pojalle-suuri-ruskea-apinapeitto\/","title":{"rendered":"Suuri ruskea apinapeitto"},"content":{"rendered":"<h2>Unipeitto pojalle &#8211; Suuri ruskea apinapeitto<\/h2>\n<p>Shimmyn vartalo on p\u00f6rr\u00f6inen ja ruskea, sill\u00e4 on pienet korvat, pienet mustat silm\u00e4t ja ovela hymy.<\/p>\n<p><a href=\"https:\/\/dev2.pallasdesign.ee\/fi\/unipeitot\/\"><b>Tutustu kaikkiin unipeittoihimme t\u00e4\u00e4ll\u00e4<\/b><\/a><\/p>\n<h2>Tuotetiedot<\/h2>\n<ul>\n<li>Virallinen Cubbies vauvan unipeitto<\/li>\n<li>Rakkaudella k\u00e4sity\u00f6n\u00e4 valmistettu<\/li>\n<li>Personoi sit\u00e4 erilaisilla kirjailluilla kuvioilla.<\/li>\n<li>Konepest\u00e4v\u00e4<\/li>\n<li>Turvallinen kaikenik\u00e4isille<\/li>\n<li>Mitat: 86x70cm<\/li>\n<li>Toimitustapa: Toimitus l\u00e4himp\u00e4\u00e4n pakettiautomaattiin<\/li>\n<\/ul>\n","protected":false},"excerpt":{"rendered":"<p>Unipeitto pojalle Cubbies Monkey Blanket Shimmy &#8211; uniriepu lapselle lahjaksi ja kirjonnalla koristeluun.<\/p>\n<p>HUOM! Oletuksena kirjomme peiton yksiv\u00e4riselle puolelle, apinan viereen, peiton kulmaan vinottain.  Jos haluatte kirjonnan muuhun kohtaan, kirjoittakaa se tilauksen huomautuksiin tai ottakaa meihin yhteytt\u00e4.<\/p>\n","protected":false},"featured_media":15217,"template":"","meta":[],"product_brand":[],"product_cat":[763,760,799,800,804,805,809,952,771,772,773,774,775],"product_tag":[974],"class_list":{"0":"post-21155","1":"product","2":"type-product","3":"status-publish","4":"has-post-thumbnail","6":"product_cat-unipeitot","7":"product_cat-pehmolelut","8":"product_cat-vauvatuotteet","9":"product_cat-vauvalahja","10":"product_cat-ristiaislahja","11":"product_cat-nimiaislahjat","12":"product_cat-lastentuotteet","13":"product_cat-cubbies-fi","14":"product_cat-unilelu","15":"product_cat-elainlelut","16":"product_cat-pehmolelu-nimella","17":"product_cat-pehmot","18":"product_cat-pehmeat-lelut","19":"product_tag-apina","20":"no-featured-image-padding","21":"sales-flash-overlay","22":"woocommerce-text-align-center","23":"woocommerce-image-align-center","24":"do-quantity-buttons","26":"first","27":"instock","28":"taxable","29":"shipping-taxable","30":"purchasable","31":"product-type-simple"},"_links":{"self":[{"href":"https:\/\/dev2.pallasdesign.ee\/fi\/wp-json\/wp\/v2\/product\/21155","targetHints":{"allow":["GET"]}}],"collection":[{"href":"https:\/\/dev2.pallasdesign.ee\/fi\/wp-json\/wp\/v2\/product"}],"about":[{"href":"https:\/\/dev2.pallasdesign.ee\/fi\/wp-json\/wp\/v2\/types\/product"}],"wp:featuredmedia":[{"embeddable":true,"href":"https:\/\/dev2.pallasdesign.ee\/fi\/wp-json\/wp\/v2\/media\/15217"}],"wp:attachment":[{"href":"https:\/\/dev2.pallasdesign.ee\/fi\/wp-json\/wp\/v2\/media?parent=21155"}],"wp:term":[{"taxonomy":"product_brand","embeddable":true,"href":"https:\/\/dev2.pallasdesign.ee\/fi\/wp-json\/wp\/v2\/product_brand?post=21155"},{"taxonomy":"product_cat","embeddable":true,"href":"https:\/\/dev2.pallasdesign.ee\/fi\/wp-json\/wp\/v2\/product_cat?post=21155"},{"taxonomy":"product_tag","embeddable":true,"href":"https:\/\/dev2.pallasdesign.ee\/fi\/wp-json\/wp\/v2\/product_tag?post=21155"}],"curies":[{"name":"wp","href":"https:\/\/api.w.org\/{rel}","templated":true}]}}