{"id":21156,"date":"2025-03-08T20:30:24","date_gmt":"2025-03-08T18:30:24","guid":{"rendered":"https:\/\/dev2.pallasdesign.ee\/kasitoopood\/maaratlemata\/suuri-violetti-yksisarvispeitto\/"},"modified":"2025-11-21T07:30:33","modified_gmt":"2025-11-21T05:30:33","slug":"unipeitto-tytolle-suuri-violetti-yksisarvispeitto","status":"publish","type":"product","link":"https:\/\/dev2.pallasdesign.ee\/fi\/unipeitto-tytolle-suuri-violetti-yksisarvispeitto\/","title":{"rendered":"Suuri violetti yksisarvispeitto"},"content":{"rendered":"<h2>Unipeitto tyt\u00f6lle &#8211; Suuri violetti yksisarvispeitto<\/h2>\n<p>Starflowerilla on laventelinv\u00e4rinen p\u00f6rr\u00f6inen vartalo, kiilt\u00e4v\u00e4 sarvi, kauniit siniset silm\u00e4t ja yksityiskohtainen kuono.<\/p>\n<p><a href=\"https:\/\/dev2.pallasdesign.ee\/fi\/unipeitot\/\"><b>Tutustu kaikkiin unipeittoihimme t\u00e4\u00e4ll\u00e4<\/b><\/a><\/p>\n<h2>Tuotetiedot<\/h2>\n<ul>\n<li>Virallinen Cubbies vauvan unipeitto<\/li>\n<li>Rakkaudella k\u00e4sity\u00f6n\u00e4 valmistettu<\/li>\n<li>Personoi sit\u00e4 erilaisilla kirjailluilla kuvioilla.<\/li>\n<li>Konepest\u00e4v\u00e4<\/li>\n<li>Turvallinen kaikenik\u00e4isille<\/li>\n<li>Mitat: 86x70cm<\/li>\n<li>Toimitustapa: Toimitus l\u00e4himp\u00e4\u00e4n pakettiautomaattiin<\/li>\n<\/ul>\n","protected":false},"excerpt":{"rendered":"<p>Unipeitto tyt\u00f6lle Cubbies Lavender Unicorn Blanket Starflower &#8211; uniriepu lapselle lahjaksi ja kirjonnalla koristeluun.<\/p>\n<p>HUOM! Oletuksena brodeeraamme peiton yksiv\u00e4riselle puolelle yksisarvisen viereen peiton kulmaan vinosti.  Jos haluatte kirjonnan muuhun kohtaan, kirjoittakaa se tilauksen huomautuksiin tai ottakaa meihin yhteytt\u00e4.<\/p>\n","protected":false},"featured_media":15221,"template":"","meta":[],"product_brand":[],"product_cat":[763,760,799,800,804,805,809,952,771,772,773,774,775],"product_tag":[1061],"class_list":{"0":"post-21156","1":"product","2":"type-product","3":"status-publish","4":"has-post-thumbnail","6":"product_cat-unipeitot","7":"product_cat-pehmolelut","8":"product_cat-vauvatuotteet","9":"product_cat-vauvalahja","10":"product_cat-ristiaislahja","11":"product_cat-nimiaislahjat","12":"product_cat-lastentuotteet","13":"product_cat-cubbies-fi","14":"product_cat-unilelu","15":"product_cat-elainlelut","16":"product_cat-pehmolelu-nimella","17":"product_cat-pehmot","18":"product_cat-pehmeat-lelut","19":"product_tag-yksisarvinen","20":"no-featured-image-padding","21":"sales-flash-overlay","22":"woocommerce-text-align-center","23":"woocommerce-image-align-center","24":"do-quantity-buttons","26":"first","27":"instock","28":"taxable","29":"shipping-taxable","30":"purchasable","31":"product-type-simple"},"_links":{"self":[{"href":"https:\/\/dev2.pallasdesign.ee\/fi\/wp-json\/wp\/v2\/product\/21156","targetHints":{"allow":["GET"]}}],"collection":[{"href":"https:\/\/dev2.pallasdesign.ee\/fi\/wp-json\/wp\/v2\/product"}],"about":[{"href":"https:\/\/dev2.pallasdesign.ee\/fi\/wp-json\/wp\/v2\/types\/product"}],"wp:featuredmedia":[{"embeddable":true,"href":"https:\/\/dev2.pallasdesign.ee\/fi\/wp-json\/wp\/v2\/media\/15221"}],"wp:attachment":[{"href":"https:\/\/dev2.pallasdesign.ee\/fi\/wp-json\/wp\/v2\/media?parent=21156"}],"wp:term":[{"taxonomy":"product_brand","embeddable":true,"href":"https:\/\/dev2.pallasdesign.ee\/fi\/wp-json\/wp\/v2\/product_brand?post=21156"},{"taxonomy":"product_cat","embeddable":true,"href":"https:\/\/dev2.pallasdesign.ee\/fi\/wp-json\/wp\/v2\/product_cat?post=21156"},{"taxonomy":"product_tag","embeddable":true,"href":"https:\/\/dev2.pallasdesign.ee\/fi\/wp-json\/wp\/v2\/product_tag?post=21156"}],"curies":[{"name":"wp","href":"https:\/\/api.w.org\/{rel}","templated":true}]}}