{"id":21165,"date":"2024-03-07T17:38:22","date_gmt":"2024-03-07T15:38:22","guid":{"rendered":"https:\/\/dev2.pallasdesign.ee\/kasitoopood\/maaratlemata\/nukke-merenneito\/"},"modified":"2025-11-22T16:34:26","modified_gmt":"2025-11-22T14:34:26","slug":"nukke-merenneito","status":"publish","type":"product","link":"https:\/\/dev2.pallasdesign.ee\/fi\/nukke-merenneito\/","title":{"rendered":"Nukke Merenneito"},"content":{"rendered":"<h2>Nukke merenneito<\/h2>\n<p><a href=\"https:\/\/dev2.pallasdesign.ee\/fi\/pehmonuket\/\"><b>Tutustu kaikkiin pehmonukkeihimme t\u00e4\u00e4ll\u00e4<\/b><\/a><\/p>\n<h2>Tuotetiedot<\/h2>\n<ul>\n<li>Virallinen Cubbies-nukkemalli<\/li>\n<li>Rakkaudella k\u00e4sity\u00f6n\u00e4 valmistettu<\/li>\n<li>Konepest\u00e4v\u00e4<\/li>\n<li>Turvallinen kaikenik\u00e4isille<\/li>\n<li>Mitat: Pituus 50 cm<\/li>\n<li>Toimitustapa: Toimitus l\u00e4himp\u00e4\u00e4n pakettiautomaattiin<\/li>\n<\/ul>\n","protected":false},"excerpt":{"rendered":"<p>Cubbies Mermaid Rag Doll Marina &#8211; pehmonukke lapselle lahjaksi ja kirjonnalla personointiin.<\/p>\n<p>T\u00e4m\u00e4n nuken myymme ilman kirjontaa. Halutessasi nuken pyrst\u00f6ev\u00e4\u00e4n on mahdollista kirjailla lapsen nimi. <\/p>\n","protected":false},"featured_media":12081,"template":"","meta":[],"product_brand":[],"product_cat":[765,760,799,800,804,805,809,952,766,771,774,775],"product_tag":[],"class_list":{"0":"post-21165","1":"product","2":"type-product","3":"status-publish","4":"has-post-thumbnail","6":"product_cat-pehmonuket","7":"product_cat-pehmolelut","8":"product_cat-vauvatuotteet","9":"product_cat-vauvalahja","10":"product_cat-ristiaislahja","11":"product_cat-nimiaislahjat","12":"product_cat-lastentuotteet","13":"product_cat-cubbies-fi","14":"product_cat-nuket","15":"product_cat-unilelu","16":"product_cat-pehmot","17":"product_cat-pehmeat-lelut","18":"no-featured-image-padding","19":"sales-flash-overlay","20":"woocommerce-text-align-center","21":"woocommerce-image-align-center","22":"do-quantity-buttons","24":"first","25":"outofstock","26":"taxable","27":"shipping-taxable","28":"purchasable","29":"product-type-simple"},"_links":{"self":[{"href":"https:\/\/dev2.pallasdesign.ee\/fi\/wp-json\/wp\/v2\/product\/21165","targetHints":{"allow":["GET"]}}],"collection":[{"href":"https:\/\/dev2.pallasdesign.ee\/fi\/wp-json\/wp\/v2\/product"}],"about":[{"href":"https:\/\/dev2.pallasdesign.ee\/fi\/wp-json\/wp\/v2\/types\/product"}],"wp:featuredmedia":[{"embeddable":true,"href":"https:\/\/dev2.pallasdesign.ee\/fi\/wp-json\/wp\/v2\/media\/12081"}],"wp:attachment":[{"href":"https:\/\/dev2.pallasdesign.ee\/fi\/wp-json\/wp\/v2\/media?parent=21165"}],"wp:term":[{"taxonomy":"product_brand","embeddable":true,"href":"https:\/\/dev2.pallasdesign.ee\/fi\/wp-json\/wp\/v2\/product_brand?post=21165"},{"taxonomy":"product_cat","embeddable":true,"href":"https:\/\/dev2.pallasdesign.ee\/fi\/wp-json\/wp\/v2\/product_cat?post=21165"},{"taxonomy":"product_tag","embeddable":true,"href":"https:\/\/dev2.pallasdesign.ee\/fi\/wp-json\/wp\/v2\/product_tag?post=21165"}],"curies":[{"name":"wp","href":"https:\/\/api.w.org\/{rel}","templated":true}]}}