{"id":21166,"date":"2024-03-07T17:34:29","date_gmt":"2024-03-07T15:34:29","guid":{"rendered":"https:\/\/dev2.pallasdesign.ee\/kasitoopood\/maaratlemata\/vaaleahiuksinen-nukke-baleriina\/"},"modified":"2026-02-11T09:04:07","modified_gmt":"2026-02-11T07:04:07","slug":"vaaleahiuksinen-nukke-baleriina","status":"publish","type":"product","link":"https:\/\/dev2.pallasdesign.ee\/fi\/vaaleahiuksinen-nukke\/","title":{"rendered":"Vaaleahiuksinen nukke Balleriina"},"content":{"rendered":"<h2>Vaaleahiuksinen nukke Balleriina<\/h2>\n<p><a href=\"https:\/\/dev2.pallasdesign.ee\/fi\/pehmonuket\/\"><b>Tutustu kaikkiin pehmonukkeihimme t\u00e4\u00e4ll\u00e4<\/b><\/a><\/p>\n<h2>Tuotetiedot<\/h2>\n<ul>\n<li>Virallinen Cubbies-nukkemalli<\/li>\n<li>Rakkaudella k\u00e4sity\u00f6n\u00e4 valmistettu<\/li>\n<li>Konepest\u00e4v\u00e4<\/li>\n<li>Turvallinen kaikenik\u00e4isille<\/li>\n<li>Mitat: istuma-asennossa 27 cm (kokonaispituus 48 cm)<\/li>\n<li>Toimitustapa: Toimitus l\u00e4himp\u00e4\u00e4n pakettiautomaattiin<\/li>\n<\/ul>\n","protected":false},"excerpt":{"rendered":"<p>Cubbies Blonde Ballerina Rag Doll &#8211; pehmonukke lapselle lahjaksi ja kirjonnalla personointiin.<\/p>\n<p>Myymme t\u00e4t\u00e4 nukkea ilman kirjontaa. Halutessasi nuken hameeseen on mahdollista kirjailla lapsen nimi. <\/p>\n","protected":false},"featured_media":12079,"template":"","meta":[],"product_brand":[],"product_cat":[765,760,799,800,804,805,809,952,766,771,774,775],"product_tag":[977],"class_list":{"0":"post-21166","1":"product","2":"type-product","3":"status-publish","4":"has-post-thumbnail","6":"product_cat-pehmonuket","7":"product_cat-pehmolelut","8":"product_cat-vauvatuotteet","9":"product_cat-vauvalahja","10":"product_cat-ristiaislahja","11":"product_cat-nimiaislahjat","12":"product_cat-lastentuotteet","13":"product_cat-cubbies-fi","14":"product_cat-nuket","15":"product_cat-unilelu","16":"product_cat-pehmot","17":"product_cat-pehmeat-lelut","18":"product_tag-ballerina","19":"no-featured-image-padding","20":"sales-flash-overlay","21":"woocommerce-text-align-center","22":"woocommerce-image-align-center","23":"do-quantity-buttons","25":"first","26":"instock","27":"taxable","28":"shipping-taxable","29":"purchasable","30":"product-type-simple"},"_links":{"self":[{"href":"https:\/\/dev2.pallasdesign.ee\/fi\/wp-json\/wp\/v2\/product\/21166","targetHints":{"allow":["GET"]}}],"collection":[{"href":"https:\/\/dev2.pallasdesign.ee\/fi\/wp-json\/wp\/v2\/product"}],"about":[{"href":"https:\/\/dev2.pallasdesign.ee\/fi\/wp-json\/wp\/v2\/types\/product"}],"wp:featuredmedia":[{"embeddable":true,"href":"https:\/\/dev2.pallasdesign.ee\/fi\/wp-json\/wp\/v2\/media\/12079"}],"wp:attachment":[{"href":"https:\/\/dev2.pallasdesign.ee\/fi\/wp-json\/wp\/v2\/media?parent=21166"}],"wp:term":[{"taxonomy":"product_brand","embeddable":true,"href":"https:\/\/dev2.pallasdesign.ee\/fi\/wp-json\/wp\/v2\/product_brand?post=21166"},{"taxonomy":"product_cat","embeddable":true,"href":"https:\/\/dev2.pallasdesign.ee\/fi\/wp-json\/wp\/v2\/product_cat?post=21166"},{"taxonomy":"product_tag","embeddable":true,"href":"https:\/\/dev2.pallasdesign.ee\/fi\/wp-json\/wp\/v2\/product_tag?post=21166"}],"curies":[{"name":"wp","href":"https:\/\/api.w.org\/{rel}","templated":true}]}}