{"id":21168,"date":"2024-03-07T16:32:25","date_gmt":"2024-03-07T14:32:25","guid":{"rendered":"https:\/\/dev2.pallasdesign.ee\/kasitoopood\/maaratlemata\/nukke-joutsenbaleriina\/"},"modified":"2026-02-11T09:06:40","modified_gmt":"2026-02-11T07:06:40","slug":"nukke-joutsenbaleriina","status":"publish","type":"product","link":"https:\/\/dev2.pallasdesign.ee\/fi\/nukke-joutsen\/","title":{"rendered":"Nukke Joutsenballeriina"},"content":{"rendered":"<h2>Nukke joutsenballeriina<\/h2>\n<p>Yleinen lahja \u2013 t\u00e4t\u00e4 nukkea ei ole tarkoitettu brodeerauksella koristeltavaksi<\/p>\n<p><a href=\"https:\/\/dev2.pallasdesign.ee\/fi\/pehmonuket\/\"><b>Tutustu kaikkiin pehmonukkeihimme t\u00e4\u00e4ll\u00e4<\/b><\/a><\/p>\n<h2>Tuotetiedot<\/h2>\n<ul>\n<li>Virallinen Cubbies-nukkemalli<\/li>\n<li>Rakkaudella k\u00e4sity\u00f6n\u00e4 valmistettu<\/li>\n<li>Konepest\u00e4v\u00e4<\/li>\n<li>Turvallinen kaikenik\u00e4isille<\/li>\n<li>Mitat: istuma-asennossa 27 cm (kokonaispituus 48 cm)<\/li>\n<li>Toimitustapa: Toimitus l\u00e4himp\u00e4\u00e4n pakettiautomaattiin<\/li>\n<\/ul>\n","protected":false},"excerpt":{"rendered":"<p>Cubbies Swan Ballerina &#8211; pehmonukke lahjaksi.<\/p>\n<p>T\u00e4t\u00e4 nukkea myymme ilman kirjontaa<\/p>\n","protected":false},"featured_media":12075,"template":"","meta":[],"product_brand":[],"product_cat":[765,760,799,800,804,805,809,952,766,771,772,774,775],"product_tag":[977,1016,1015],"class_list":{"0":"post-21168","1":"product","2":"type-product","3":"status-publish","4":"has-post-thumbnail","6":"product_cat-pehmonuket","7":"product_cat-pehmolelut","8":"product_cat-vauvatuotteet","9":"product_cat-vauvalahja","10":"product_cat-ristiaislahja","11":"product_cat-nimiaislahjat","12":"product_cat-lastentuotteet","13":"product_cat-cubbies-fi","14":"product_cat-nuket","15":"product_cat-unilelu","16":"product_cat-elainlelut","17":"product_cat-pehmot","18":"product_cat-pehmeat-lelut","19":"product_tag-ballerina","20":"product_tag-joutsen","21":"product_tag-lintu","22":"no-featured-image-padding","23":"sales-flash-overlay","24":"woocommerce-text-align-center","25":"woocommerce-image-align-center","26":"do-quantity-buttons","28":"first","29":"instock","30":"taxable","31":"shipping-taxable","32":"purchasable","33":"product-type-simple"},"_links":{"self":[{"href":"https:\/\/dev2.pallasdesign.ee\/fi\/wp-json\/wp\/v2\/product\/21168","targetHints":{"allow":["GET"]}}],"collection":[{"href":"https:\/\/dev2.pallasdesign.ee\/fi\/wp-json\/wp\/v2\/product"}],"about":[{"href":"https:\/\/dev2.pallasdesign.ee\/fi\/wp-json\/wp\/v2\/types\/product"}],"wp:featuredmedia":[{"embeddable":true,"href":"https:\/\/dev2.pallasdesign.ee\/fi\/wp-json\/wp\/v2\/media\/12075"}],"wp:attachment":[{"href":"https:\/\/dev2.pallasdesign.ee\/fi\/wp-json\/wp\/v2\/media?parent=21168"}],"wp:term":[{"taxonomy":"product_brand","embeddable":true,"href":"https:\/\/dev2.pallasdesign.ee\/fi\/wp-json\/wp\/v2\/product_brand?post=21168"},{"taxonomy":"product_cat","embeddable":true,"href":"https:\/\/dev2.pallasdesign.ee\/fi\/wp-json\/wp\/v2\/product_cat?post=21168"},{"taxonomy":"product_tag","embeddable":true,"href":"https:\/\/dev2.pallasdesign.ee\/fi\/wp-json\/wp\/v2\/product_tag?post=21168"}],"curies":[{"name":"wp","href":"https:\/\/api.w.org\/{rel}","templated":true}]}}