{"id":21172,"date":"2023-12-03T13:11:53","date_gmt":"2023-12-03T11:11:53","guid":{"rendered":"https:\/\/dev2.pallasdesign.ee\/kasitoopood\/maaratlemata\/suuri-valkoinen-joulusukka-pollolla\/"},"modified":"2025-11-22T23:51:07","modified_gmt":"2025-11-22T21:51:07","slug":"joulusukka-omalla-nimella","status":"publish","type":"product","link":"https:\/\/dev2.pallasdesign.ee\/fi\/joulusukka-omalla-nimella\/","title":{"rendered":"Suuri valkoinen joulusukka p\u00f6ll\u00f6ll\u00e4"},"content":{"rendered":"<h2>Joulusukka omalla nimell\u00e4<\/h2>\n<p>Suuri valkoinen joulusukka p\u00f6ll\u00f6ll\u00e4 &#8211; Seasonal-kokoelma. Valkoisessa joulusukassa, jossa on vino pohjaosa, on p\u00f6ll\u00f6applikaatiokirjonta ja kaunis punainen koristemansetti. <\/p>\n<p><a href=\"https:\/\/dev2.pallasdesign.ee\/fi\/joulusukat\/\"><b>Tutustu joulusukkiemme valikoimaan t\u00e4\u00e4ll\u00e4<\/b><\/a><\/p>\n<h2>Tuotetiedot<\/h2>\n<ul>\n<li>Virallinen Cubbies-joulusukan design<\/li>\n<li>Rakkaudella k\u00e4sity\u00f6n\u00e4 valmistettu<\/li>\n<li>Personoi sit\u00e4 erilaisilla kirjailluilla kuvioilla.<\/li>\n<li>Konepest\u00e4v\u00e4<\/li>\n<li>Turvallinen kaikenik\u00e4isille<\/li>\n<li>Pituus varpaista mansetin yl\u00e4osaan 47 cm<\/li>\n<li>Jalkan pituus 32 cm<\/li>\n<li>Mansetti 25&#215;12 cm<\/li>\n<li>Toimitustapa: Toimitus l\u00e4himp\u00e4\u00e4n pakettiautomaattiin<\/li>\n<\/ul>\n","protected":false},"excerpt":{"rendered":"<p>Joulusukka omalla nimell\u00e4 &#8211; Valkoinen, p\u00f6ll\u00f6ll\u00e4 varustettu sukka Cubbies White Owl Stocking &#8211; suuri kirjailtu tonttusukka lahjaksi ja nimen kirjomiseen.<\/p>\n<p>T\u00e4h\u00e4n joulusukkaan on applikaatiotekniikalla kirjailtu ruskea p\u00f6ll\u00f6 punaisella kimaltavalla hatulla.<\/p>\n<p>Kyseess\u00e4 on valmiiksi ommeltu tuote, mink\u00e4 vuoksi kirjonta-alueen suurin mahdollinen leveys on 15cm<\/p>\n","protected":false},"featured_media":11269,"template":"","meta":[],"product_brand":[],"product_cat":[825,803,809,813,952,826,827,828],"product_tag":[973,995],"class_list":{"0":"post-21172","1":"product","2":"type-product","3":"status-publish","4":"has-post-thumbnail","6":"product_cat-joulusukat","7":"product_cat-joululahjat","8":"product_cat-lastentuotteet","9":"product_cat-brodeeratut-tuotteet","10":"product_cat-cubbies-fi","11":"product_cat-joululahjasukat","12":"product_cat-joulusukat-nimella","13":"product_cat-tonttusukat","14":"product_tag-adventti","15":"product_tag-joulu","16":"no-featured-image-padding","17":"sales-flash-overlay","18":"woocommerce-text-align-center","19":"woocommerce-image-align-center","20":"do-quantity-buttons","22":"first","23":"instock","24":"taxable","25":"shipping-taxable","26":"purchasable","27":"product-type-simple"},"_links":{"self":[{"href":"https:\/\/dev2.pallasdesign.ee\/fi\/wp-json\/wp\/v2\/product\/21172","targetHints":{"allow":["GET"]}}],"collection":[{"href":"https:\/\/dev2.pallasdesign.ee\/fi\/wp-json\/wp\/v2\/product"}],"about":[{"href":"https:\/\/dev2.pallasdesign.ee\/fi\/wp-json\/wp\/v2\/types\/product"}],"wp:featuredmedia":[{"embeddable":true,"href":"https:\/\/dev2.pallasdesign.ee\/fi\/wp-json\/wp\/v2\/media\/11269"}],"wp:attachment":[{"href":"https:\/\/dev2.pallasdesign.ee\/fi\/wp-json\/wp\/v2\/media?parent=21172"}],"wp:term":[{"taxonomy":"product_brand","embeddable":true,"href":"https:\/\/dev2.pallasdesign.ee\/fi\/wp-json\/wp\/v2\/product_brand?post=21172"},{"taxonomy":"product_cat","embeddable":true,"href":"https:\/\/dev2.pallasdesign.ee\/fi\/wp-json\/wp\/v2\/product_cat?post=21172"},{"taxonomy":"product_tag","embeddable":true,"href":"https:\/\/dev2.pallasdesign.ee\/fi\/wp-json\/wp\/v2\/product_tag?post=21172"}],"curies":[{"name":"wp","href":"https:\/\/api.w.org\/{rel}","templated":true}]}}