{"id":21173,"date":"2023-12-03T13:09:02","date_gmt":"2023-12-03T11:09:02","guid":{"rendered":"https:\/\/dev2.pallasdesign.ee\/kasitoopood\/maaratlemata\/suuri-vihrea-joulusukka-joulupukilla\/"},"modified":"2025-11-22T23:51:52","modified_gmt":"2025-11-22T21:51:52","slug":"tonttusukka","status":"publish","type":"product","link":"https:\/\/dev2.pallasdesign.ee\/fi\/tonttusukka\/","title":{"rendered":"Suuri vihre\u00e4 joulusukka joulupukilla"},"content":{"rendered":"<h2>Tonttusukka<\/h2>\n<p>Suuri vihre\u00e4 joulusukka joulupukilla \u2013 Seasonal-kokoelma. T\u00e4ss\u00e4 vihre\u00e4ss\u00e4 Joulusukassa on vino pohjaosa, joulupukin applikaatiokirjonta ja kaunis kimalteleva punainen mansetti. <\/p>\n<p><a href=\"https:\/\/dev2.pallasdesign.ee\/fi\/joulusukat\/\"><b>Tutustu joulusukkiemme valikoimaan t\u00e4\u00e4ll\u00e4<\/b><\/a><\/p>\n<h2>Tuotetiedot<\/h2>\n<ul>\n<li>Virallinen Cubbies-joulusukan design<\/li>\n<li>Rakkaudella k\u00e4sity\u00f6n\u00e4 valmistettu<\/li>\n<li>Personoi sit\u00e4 erilaisilla kirjailluilla kuvioilla.<\/li>\n<li>Konepest\u00e4v\u00e4<\/li>\n<li>Turvallinen kaikenik\u00e4isille<\/li>\n<li>Pituus varpaista mansetin yl\u00e4osaan 47 cm<\/li>\n<li>Jalkan pituus 32 cm<\/li>\n<li>Mansetti 25&#215;12 cm<\/li>\n<li>Toimitustapa: Toimitus l\u00e4himp\u00e4\u00e4n pakettiautomaattiin<\/li>\n<\/ul>\n","protected":false},"excerpt":{"rendered":"<p>Vihre\u00e4 Tonttusukka &#8211; joulupukkisukka Cubbies Green Santa Stocking &#8211; suuri kirjailtu Joulusukka lahjaksi ja nimen brodeeraamiseen.<\/p>\n<p>T\u00e4h\u00e4n Joulusukkaan on applikaatiotekniikalla kirjailtu punaisella kimaltavalla hatulla ja valkoisella parralla varustettu joulupukki.<\/p>\n<p>Kyseess\u00e4 on valmiiksi ommeltu tuote, mink\u00e4 vuoksi kirjailualueen suurin mahdollinen leveys on 15 cm.<\/p>\n","protected":false},"featured_media":11267,"template":"","meta":[],"product_brand":[],"product_cat":[825,803,809,813,952,826,827,828],"product_tag":[973,995],"class_list":{"0":"post-21173","1":"product","2":"type-product","3":"status-publish","4":"has-post-thumbnail","6":"product_cat-joulusukat","7":"product_cat-joululahjat","8":"product_cat-lastentuotteet","9":"product_cat-brodeeratut-tuotteet","10":"product_cat-cubbies-fi","11":"product_cat-joululahjasukat","12":"product_cat-joulusukat-nimella","13":"product_cat-tonttusukat","14":"product_tag-adventti","15":"product_tag-joulu","16":"no-featured-image-padding","17":"sales-flash-overlay","18":"woocommerce-text-align-center","19":"woocommerce-image-align-center","20":"do-quantity-buttons","22":"first","23":"instock","24":"taxable","25":"shipping-taxable","26":"purchasable","27":"product-type-simple"},"_links":{"self":[{"href":"https:\/\/dev2.pallasdesign.ee\/fi\/wp-json\/wp\/v2\/product\/21173","targetHints":{"allow":["GET"]}}],"collection":[{"href":"https:\/\/dev2.pallasdesign.ee\/fi\/wp-json\/wp\/v2\/product"}],"about":[{"href":"https:\/\/dev2.pallasdesign.ee\/fi\/wp-json\/wp\/v2\/types\/product"}],"wp:featuredmedia":[{"embeddable":true,"href":"https:\/\/dev2.pallasdesign.ee\/fi\/wp-json\/wp\/v2\/media\/11267"}],"wp:attachment":[{"href":"https:\/\/dev2.pallasdesign.ee\/fi\/wp-json\/wp\/v2\/media?parent=21173"}],"wp:term":[{"taxonomy":"product_brand","embeddable":true,"href":"https:\/\/dev2.pallasdesign.ee\/fi\/wp-json\/wp\/v2\/product_brand?post=21173"},{"taxonomy":"product_cat","embeddable":true,"href":"https:\/\/dev2.pallasdesign.ee\/fi\/wp-json\/wp\/v2\/product_cat?post=21173"},{"taxonomy":"product_tag","embeddable":true,"href":"https:\/\/dev2.pallasdesign.ee\/fi\/wp-json\/wp\/v2\/product_tag?post=21173"}],"curies":[{"name":"wp","href":"https:\/\/api.w.org\/{rel}","templated":true}]}}