{"id":21175,"date":"2023-12-03T12:00:52","date_gmt":"2023-12-03T10:00:52","guid":{"rendered":"https:\/\/dev2.pallasdesign.ee\/kasitoopood\/maaratlemata\/erittain-suuri-punainen-joulusukka\/"},"modified":"2025-11-22T23:53:35","modified_gmt":"2025-11-22T21:53:35","slug":"nimikoitu-joululahjasukka","status":"publish","type":"product","link":"https:\/\/dev2.pallasdesign.ee\/fi\/nimikoitu-joululahjasukka\/","title":{"rendered":"Eritt\u00e4in suuri punainen Joulusukka"},"content":{"rendered":"<h2>Nimikoitu joululahjasukka<\/h2>\n<p>Eritt\u00e4in suuri punainen Joulusukka &#8211; Seasonal-kokoelma. Eritt\u00e4in suurikokoinen Joulusukka. Suorapohjaisessa punaisessa Joulusukassa on kaunis valkoinen mansetti.  <\/p>\n<p><a href=\"https:\/\/dev2.pallasdesign.ee\/fi\/joulusukat\/\"><b>Tutustu joulusukkiemme valikoimaan t\u00e4\u00e4ll\u00e4<\/b><\/a><\/p>\n<h2>Tuotetiedot<\/h2>\n<ul>\n<li>Virallinen Cubbies-joulusukan design<\/li>\n<li>Rakkaudella k\u00e4sity\u00f6n\u00e4 valmistettu<\/li>\n<li>Personoi sit\u00e4 erilaisilla kirjailluilla kuvioilla.<\/li>\n<li>Konepest\u00e4v\u00e4<\/li>\n<li>Turvallinen kaikenik\u00e4isille<\/li>\n<li>Varren kokonaispituus 57 cm<\/li>\n<li>Jalkater\u00e4n pituus 27 cm<\/li>\n<li>Mansetti 23&#215;15 cm<\/li>\n<li>Toimitustapa: Toimitus l\u00e4himp\u00e4\u00e4n pakettiautomaattiin<\/li>\n<\/ul>\n","protected":false},"excerpt":{"rendered":"<p>Nimikoitu Joululahjasukka &#8211; Punainen sukka Cubbies Red Stocking &#8211; Straight Toe &#8211; eritt\u00e4in suuri Joulusukka lahjaksi ja kirjonnalla personointiin.<\/p>\n<p>Kyseess\u00e4 on valmiiksi ommeltu tuote, mink\u00e4 vuoksi kirjonta-alueen suurin mahdollinen leveys on 13 cm.<\/p>\n","protected":false},"featured_media":11275,"template":"","meta":[],"product_brand":[],"product_cat":[825,803,809,952,826,827,828],"product_tag":[973,995],"class_list":{"0":"post-21175","1":"product","2":"type-product","3":"status-publish","4":"has-post-thumbnail","6":"product_cat-joulusukat","7":"product_cat-joululahjat","8":"product_cat-lastentuotteet","9":"product_cat-cubbies-fi","10":"product_cat-joululahjasukat","11":"product_cat-joulusukat-nimella","12":"product_cat-tonttusukat","13":"product_tag-adventti","14":"product_tag-joulu","15":"no-featured-image-padding","16":"sales-flash-overlay","17":"woocommerce-text-align-center","18":"woocommerce-image-align-center","19":"do-quantity-buttons","21":"first","22":"instock","23":"taxable","24":"shipping-taxable","25":"purchasable","26":"product-type-simple"},"_links":{"self":[{"href":"https:\/\/dev2.pallasdesign.ee\/fi\/wp-json\/wp\/v2\/product\/21175","targetHints":{"allow":["GET"]}}],"collection":[{"href":"https:\/\/dev2.pallasdesign.ee\/fi\/wp-json\/wp\/v2\/product"}],"about":[{"href":"https:\/\/dev2.pallasdesign.ee\/fi\/wp-json\/wp\/v2\/types\/product"}],"wp:featuredmedia":[{"embeddable":true,"href":"https:\/\/dev2.pallasdesign.ee\/fi\/wp-json\/wp\/v2\/media\/11275"}],"wp:attachment":[{"href":"https:\/\/dev2.pallasdesign.ee\/fi\/wp-json\/wp\/v2\/media?parent=21175"}],"wp:term":[{"taxonomy":"product_brand","embeddable":true,"href":"https:\/\/dev2.pallasdesign.ee\/fi\/wp-json\/wp\/v2\/product_brand?post=21175"},{"taxonomy":"product_cat","embeddable":true,"href":"https:\/\/dev2.pallasdesign.ee\/fi\/wp-json\/wp\/v2\/product_cat?post=21175"},{"taxonomy":"product_tag","embeddable":true,"href":"https:\/\/dev2.pallasdesign.ee\/fi\/wp-json\/wp\/v2\/product_tag?post=21175"}],"curies":[{"name":"wp","href":"https:\/\/api.w.org\/{rel}","templated":true}]}}