{"id":21245,"date":"2025-03-18T18:50:53","date_gmt":"2025-03-18T16:50:53","guid":{"rendered":"https:\/\/dev2.pallasdesign.ee\/kasitoopood\/maaratlemata\/paahineet\/"},"modified":"2025-11-17T07:59:42","modified_gmt":"2025-11-17T05:59:42","slug":"paahine","status":"publish","type":"product","link":"https:\/\/dev2.pallasdesign.ee\/fi\/paahine\/","title":{"rendered":"P\u00e4\u00e4hineet"},"content":{"rendered":"<h2 style=\"margin-bottom: 50px;\">Talvihatut, bucket-hatut ja bandanat brodeerauksella<\/h2>\n<p>Brodeerattujen p\u00e4\u00e4hineiden tilaamiseksi toimi seuraavasti:<\/p>\n<ul>\n<li>Valitse luettelosta sopiva tuote (malli, v\u00e4ri, koko) ja ilmoita meille tarvittava m\u00e4\u00e4r\u00e4.<\/li>\n<\/ul>\n<div style=\"display: flex; flex-wrap: wrap; justify-content: center; gap: 10px;\">\n<div style=\"display: flex; flex-direction: column; justify-content: center;\"><div class=\"_df_thumb \" id=\"df_9958\"  _slug=\"karlowsky-kataloog\" data-title=\"karlowsky-kataloog\" wpoptions=\"true\" thumb=\"https:\/\/dev2.pallasdesign.ee\/wp-content\/uploads\/2025\/02\/karlowsky-kataloog.jpg\" thumbtype=\"\" data-page=\"84\" >Karlowsky kataloog<\/div><script class=\"df-shortcode-script\" nowprocket type=\"application\/javascript\">window.option_df_9958 = {\"outline\":[],\"backgroundColor\":\"rgb(255,255,255)\",\"autoEnableOutline\":\"false\",\"autoEnableThumbnail\":\"false\",\"overwritePDFOutline\":\"false\",\"enableDownload\":\"false\",\"direction\":\"1\",\"pageSize\":\"0\",\"pageMode\":\"1\",\"singlePageMode\":\"2\",\"soundEnable\":\"false\",\"source\":\"https:\\\/\\\/dev2.pallasdesign.ee\\\/wp-content\\\/uploads\\\/2025\\\/02\\\/karlowsky-kataloog.pdf\",\"wpOptions\":\"true\"}; if(window.DFLIP && window.DFLIP.parseBooks){window.DFLIP.parseBooks();}<\/script><\/p>\n<p style=\"text-align: center;\">Karlowsky-p\u00e4\u00e4hineet s. 164\u2013171<\/p>\n<\/div>\n<div style=\"display: flex; flex-direction: column; justify-content: center;\"><div class=\"_df_thumb \" id=\"df_9960\"  _slug=\"malfini-kataloog\" data-title=\"malfini-kataloog\" wpoptions=\"true\" thumb=\"https:\/\/dev2.pallasdesign.ee\/wp-content\/uploads\/2025\/02\/malfini-kataloog.jpg\" thumbtype=\"\" data-page=\"177\" >Malfini kataloog<\/div><script class=\"df-shortcode-script\" nowprocket type=\"application\/javascript\">window.option_df_9960 = {\"outline\":[],\"backgroundColor\":\"rgb(255,255,255)\",\"autoEnableOutline\":\"false\",\"autoEnableThumbnail\":\"false\",\"overwritePDFOutline\":\"false\",\"enableDownload\":\"false\",\"direction\":\"1\",\"pageSize\":\"0\",\"soundEnable\":\"false\",\"source\":\"https:\\\/\\\/dev2.pallasdesign.ee\\\/wp-content\\\/uploads\\\/2025\\\/02\\\/malfini-kataloog.pdf\",\"wpOptions\":\"true\"}; if(window.DFLIP && window.DFLIP.parseBooks){window.DFLIP.parseBooks();}<\/script><\/p>\n<p style=\"text-align: center;\">Malfini-p\u00e4\u00e4hineet s. 174\u2013181<\/p>\n<\/div>\n<\/div>\n<ul>\n<li>Hintapyynn\u00f6n yhteyteen liit\u00e4th\u00e4n kuvan designista (logo, kuvio, teksti tms.), jonka haluat brodeerattavan tuotteisiin.<\/li>\n<li>Suunnittelun olisi suositeltavaa olla tehty vektorimuodossa ja tallennettu PDF-muotoon.<\/li>\n<\/ul>\n<p><b>Tuotteiden tilausaika on enint\u00e4\u00e4n 2 viikkoa ennakkomaksun saapumisesta.<\/b><\/p>\n<p><b>Tuotteiden kirjonta suoritetaan 2\u20133 viikon kuluessa siit\u00e4, kun tuotteet ovat saapuneet Pallas Designin varastoon.<\/b><\/p>\n<ul>\n<li>Konekirjontapalvelussa studiollamme k\u00e4yt\u00e4mme 10-neulaisia Brother PR1055X -kirjontakoneita, jotka soveltuvat pienten ja keskisuurten tuote-erien valmistukseen.<\/li>\n<li>T\u00f6idemme suunnittelussa k\u00e4yt\u00e4mme erilaisia ammattimaisia brodeerausohjelmistoja.<\/li>\n<li>K\u00e4yt\u00e4mme konekirjonnassa ainoastaan laadukkaita Madeira- ja Gunold-merkkien lankoja, joita on valikoimassamme yli 100 eri s\u00e4vy\u00e4. Mik\u00e4li sopivaa lankas\u00e4vy\u00e4 ei kuitenkaan l\u00f6ydy, voimme tilata tarvittavat langat valmistajan v\u00e4rikartan mukaan. <\/li>\n<\/ul>\n<p><\/br><\/p>\n<h2>P\u00e4\u00e4hineiden myynti<\/h2>\n<p>Myymme p\u00e4\u00e4hineit\u00e4 my\u00f6s ilman konekirjontaa. Ota meihin yhteytt\u00e4, jos olet kiinnostunut. <\/p>\n<p style=\"margin-top: 50px;\"><a href=\"https:\/\/dev2.pallasdesign.ee\/fi\/tyovaatteet\/\"><b>Tutustu t\u00e4\u00e4ll\u00e4 Pallas Designin tarjoamiin ty\u00f6vaatteisiin ja mainostuotteisiin<\/b><\/a><\/p>\n","protected":false},"excerpt":{"rendered":"<p>Tarjoamme laadukkaita p\u00e4\u00e4hineit\u00e4 Karlowsky- ja Malfini-tuotemerkeilt\u00e4, jotka voidaan personoida konekirjonnalla.<\/p>\n<p>Ohjelmoimme yrityksesi logon tai muun kuvion pohjalta tikkitiedoston ja teemme tuotteisiin tarkan ja korkealaatuisen kirjonnan.<\/p>\n<p>Konekirjonta on kest\u00e4v\u00e4 ja antaa edustavan ulkon\u00e4\u00f6n, joka auttaa br\u00e4ndi\u00e4si erottumaan edukseen.<\/p>\n","protected":false},"featured_media":15275,"template":"","meta":[],"product_brand":[],"product_cat":[759,753,758,746,754,748,747,756,757,755,749,745],"product_tag":[],"class_list":{"0":"post-21245","1":"product","2":"type-product","3":"status-publish","4":"has-post-thumbnail","6":"product_cat-tyovaatteet","7":"product_cat-ammattivaatteet","8":"product_cat-ammattiasut","9":"product_cat-yrityslahjat","10":"product_cat-yritystuotteet","11":"product_cat-logotuotteet","12":"product_cat-mainoslahjat","13":"product_cat-mainosvaatteet","14":"product_cat-mainosasut","15":"product_cat-mainostuotteet","16":"product_cat-tyoasut","17":"product_cat-liikelahjat","18":"no-featured-image-padding","19":"sales-flash-overlay","20":"woocommerce-text-align-center","21":"woocommerce-image-align-center","22":"do-quantity-buttons","24":"first","25":"onbackorder","26":"taxable","27":"shipping-taxable","28":"product-type-simple"},"_links":{"self":[{"href":"https:\/\/dev2.pallasdesign.ee\/fi\/wp-json\/wp\/v2\/product\/21245","targetHints":{"allow":["GET"]}}],"collection":[{"href":"https:\/\/dev2.pallasdesign.ee\/fi\/wp-json\/wp\/v2\/product"}],"about":[{"href":"https:\/\/dev2.pallasdesign.ee\/fi\/wp-json\/wp\/v2\/types\/product"}],"wp:featuredmedia":[{"embeddable":true,"href":"https:\/\/dev2.pallasdesign.ee\/fi\/wp-json\/wp\/v2\/media\/15275"}],"wp:attachment":[{"href":"https:\/\/dev2.pallasdesign.ee\/fi\/wp-json\/wp\/v2\/media?parent=21245"}],"wp:term":[{"taxonomy":"product_brand","embeddable":true,"href":"https:\/\/dev2.pallasdesign.ee\/fi\/wp-json\/wp\/v2\/product_brand?post=21245"},{"taxonomy":"product_cat","embeddable":true,"href":"https:\/\/dev2.pallasdesign.ee\/fi\/wp-json\/wp\/v2\/product_cat?post=21245"},{"taxonomy":"product_tag","embeddable":true,"href":"https:\/\/dev2.pallasdesign.ee\/fi\/wp-json\/wp\/v2\/product_tag?post=21245"}],"curies":[{"name":"wp","href":"https:\/\/api.w.org\/{rel}","templated":true}]}}