{"id":21417,"date":"2023-12-15T10:07:56","date_gmt":"2023-12-15T08:07:56","guid":{"rendered":"https:\/\/dev2.pallasdesign.ee\/kasitoopood\/maaratlemata\/haakortti-ihanat-haat\/"},"modified":"2025-11-23T16:14:13","modified_gmt":"2025-11-23T14:14:13","slug":"haakortti-ihanat-haat","status":"publish","type":"product","link":"https:\/\/dev2.pallasdesign.ee\/fi\/haakortti-ihanat-haat\/","title":{"rendered":"H\u00e4\u00e4kortti \u201cIHANAT H\u00c4\u00c4T\u201d"},"content":{"rendered":"<h2>H\u00e4\u00e4kortti turkoosinsinisill\u00e4 ruusuilla<\/h2>\n<p>Samppanjans\u00e4vyinen k\u00e4sity\u00f6kortti on koristeltu runsailla kukilla. T\u00e4m\u00e4 kaunis, harmonisen s\u00e4vyinen kortti on koristeltu k\u00e4sin tehdyill\u00e4 ja v\u00e4rj\u00e4tyill\u00e4 kukilla. Korttiin on mahdollista lis\u00e4t\u00e4 rahatasku.<br \/>\nKortin sis\u00e4sivut ja takakansi ovat kermanv\u00e4riset.  <\/p>\n<p><a href=\"https:\/\/dev2.pallasdesign.ee\/fi\/kasintehdyt-kortit\/\"><b>Tutustu Pallas Designin k\u00e4sintehtyjen korttien valikoimaan t\u00e4\u00e4ll\u00e4<\/b><\/a><\/p>\n<h2>Tuotetiedot<\/h2>\n<ul>\n<li>Tavaramerkki: PALLAS DESIGN<\/li>\n<li>Tuotetyyppi: H\u00e4\u00e4kortti<\/li>\n<li>Mitat: 210\u00d7105 mm<\/li>\n<li>Valmistettu design-k\u00e4sity\u00f6n\u00e4<\/li>\n<li>Paketointu ylelliseen, ikkunalliseen metallinhohtoiseen tilavuuskuoreen<\/li>\n<li>Toimitustapa: Toimitus l\u00e4himp\u00e4\u00e4n pakettiautomaattiin<\/li>\n<\/ul>\n","protected":false},"excerpt":{"rendered":"<p>Turkoosinsinisin ruusuin koristeltu h\u00e4\u00e4kortti on ylellisesti somistettu kortti, joka on ihastuttavan kaunis tapa v\u00e4litt\u00e4\u00e4 omat l\u00e4mpim\u00e4t toivotukset. Herkk\u00e4 ja ilmava, lumoavasti s\u00e4dehtiv\u00e4 ja upeas\u00e4vyinen k\u00e4sity\u00f6kortti on luotu h\u00e4\u00e4parille. T\u00e4ss\u00e4 kortissa on vieh\u00e4tyst\u00e4, aitoa eleganssia ja ainutlaatuista omaleimaisuutta \u2013 se muistuttaa h\u00e4\u00e4paria siit\u00e4 erityisest\u00e4 p\u00e4iv\u00e4st\u00e4, joka oli t\u00e4ynn\u00e4 aitoja tunteita.  <\/p>\n","protected":false},"featured_media":12041,"template":"","meta":[],"product_brand":[],"product_cat":[874,870,962,872,873,875,876,877,880,894,923],"product_tag":[1035,1046],"class_list":{"0":"post-21417","1":"product","2":"type-product","3":"status-publish","4":"has-post-thumbnail","6":"product_cat-haakortit","7":"product_cat-kasintehdyt-kortit","8":"product_cat-pallas-design-fi","9":"product_cat-kasintehdyt-kortit-tallinnassa","10":"product_cat-kasintehtyjen-korttien-valmistus","11":"product_cat-haakortti","12":"product_cat-kasintehdyt-haakortit","13":"product_cat-haapaivakortit","14":"product_cat-onnittelukortti-haaparille","15":"product_cat-setelitaskuhaakortti","16":"product_cat-haat","17":"product_tag-haapari","18":"product_tag-ruusu","19":"no-featured-image-padding","20":"sales-flash-overlay","21":"woocommerce-text-align-center","22":"woocommerce-image-align-center","23":"do-quantity-buttons","25":"first","26":"instock","27":"sold-individually","28":"taxable","29":"shipping-taxable","30":"purchasable","31":"product-type-simple"},"_links":{"self":[{"href":"https:\/\/dev2.pallasdesign.ee\/fi\/wp-json\/wp\/v2\/product\/21417","targetHints":{"allow":["GET"]}}],"collection":[{"href":"https:\/\/dev2.pallasdesign.ee\/fi\/wp-json\/wp\/v2\/product"}],"about":[{"href":"https:\/\/dev2.pallasdesign.ee\/fi\/wp-json\/wp\/v2\/types\/product"}],"wp:featuredmedia":[{"embeddable":true,"href":"https:\/\/dev2.pallasdesign.ee\/fi\/wp-json\/wp\/v2\/media\/12041"}],"wp:attachment":[{"href":"https:\/\/dev2.pallasdesign.ee\/fi\/wp-json\/wp\/v2\/media?parent=21417"}],"wp:term":[{"taxonomy":"product_brand","embeddable":true,"href":"https:\/\/dev2.pallasdesign.ee\/fi\/wp-json\/wp\/v2\/product_brand?post=21417"},{"taxonomy":"product_cat","embeddable":true,"href":"https:\/\/dev2.pallasdesign.ee\/fi\/wp-json\/wp\/v2\/product_cat?post=21417"},{"taxonomy":"product_tag","embeddable":true,"href":"https:\/\/dev2.pallasdesign.ee\/fi\/wp-json\/wp\/v2\/product_tag?post=21417"}],"curies":[{"name":"wp","href":"https:\/\/api.w.org\/{rel}","templated":true}]}}