{"id":21433,"date":"2023-12-14T20:44:20","date_gmt":"2023-12-14T18:44:20","guid":{"rendered":"https:\/\/dev2.pallasdesign.ee\/kasitoopood\/maaratlemata\/haakortti-pinkit-magnoliat\/"},"modified":"2025-11-23T16:13:21","modified_gmt":"2025-11-23T14:13:21","slug":"haakortti-pinkit-magnoliat","status":"publish","type":"product","link":"https:\/\/dev2.pallasdesign.ee\/fi\/haakortti-pinkit-magnoliat\/","title":{"rendered":"H\u00e4\u00e4kortti \u201cPINKIT MAGNOLIAT\u201d"},"content":{"rendered":"<h2>H\u00e4\u00e4kortti \u201cPinkit magnoliat\u201d<\/h2>\n<p>Valkoinen, kauniisti s\u00e4dehtiv kortti, joka on koristeltu valkoisella metallisella k\u00e4sity\u00f6paperilla, johon on pr\u00e4ss\u00e4ttyn\u00e4 kaunis kuvio. Kortissa on h\u00e4\u00e4parin siluetti sek\u00e4 kultaiset, kuumapreeglaustekniikalla tehdyt kukat, jotka on viel\u00e4 k\u00e4sin v\u00e4rj\u00e4tty. Kortti on kaksipuolinen, ja siihen on halutessa mahdollista lis\u00e4t\u00e4 setelitasku.<br \/>\nKortin sis\u00e4sivut ja takakansi ovat valkoiset.<\/p>\n<p><a href=\"https:\/\/dev2.pallasdesign.ee\/fi\/haakortit\/\"><b>Pallas Designin h\u00e4\u00e4korttivalikoimaan voit tutustua t\u00e4\u00e4ll\u00e4.<\/b><\/a><\/p>\n<h2>Tuotetiedot<\/h2>\n<ul>\n<li>Tavaramerkki: PALLAS DESIGN<\/li>\n<li>Tuotetyyppi: H\u00e4\u00e4kortti<\/li>\n<li>Mitat: 150x148mm<\/li>\n<li>Valmistettu design-k\u00e4sity\u00f6n\u00e4<\/li>\n<li>Paketointu ylelliseen, ikkunalliseen metallinhohtoiseen tilavuuskuoreen<\/li>\n<li>Toimitustapa: Toimitus l\u00e4himp\u00e4\u00e4n pakettiautomaattiin<\/li>\n<\/ul>\n","protected":false},"excerpt":{"rendered":"<p>H\u00e4\u00e4kortti \u201dPinkit magnoliat\u201d on koristeltu pastellis\u00e4vyisill\u00e4, k\u00e4sin v\u00e4rj\u00e4tyill\u00e4 kukilla. J\u00e4\u00e4kristallimainen, hohtava kiilto tekee k\u00e4sintehdyst\u00e4 kortista ylellisen ja katseenvangitsevan. Kukkien kultaiset \u00e4\u00e4riviivat on tehty kuumapreeglaustekniikalla, mik\u00e4 antaa kortille juhlavasti kultahehkuisen ilmeen. T\u00e4m\u00e4 erityisi\u00e4 ja kauniita hetki\u00e4 mieleen palauttava kortti on upea muisto h\u00e4\u00e4parille heid\u00e4n ihanasta h\u00e4\u00e4p\u00e4iv\u00e4st\u00e4\u00e4n.    <\/p>\n","protected":false},"featured_media":11861,"template":"","meta":[],"product_brand":[],"product_cat":[874,870,962,872,873,875,876,877,880,894,923],"product_tag":[1035,1018],"class_list":{"0":"post-21433","1":"product","2":"type-product","3":"status-publish","4":"has-post-thumbnail","6":"product_cat-haakortit","7":"product_cat-kasintehdyt-kortit","8":"product_cat-pallas-design-fi","9":"product_cat-kasintehdyt-kortit-tallinnassa","10":"product_cat-kasintehtyjen-korttien-valmistus","11":"product_cat-haakortti","12":"product_cat-kasintehdyt-haakortit","13":"product_cat-haapaivakortit","14":"product_cat-onnittelukortti-haaparille","15":"product_cat-setelitaskuhaakortti","16":"product_cat-haat","17":"product_tag-haapari","18":"product_tag-magnolia","19":"no-featured-image-padding","20":"sales-flash-overlay","21":"woocommerce-text-align-center","22":"woocommerce-image-align-center","23":"do-quantity-buttons","25":"first","26":"instock","27":"sold-individually","28":"taxable","29":"shipping-taxable","30":"purchasable","31":"product-type-simple"},"_links":{"self":[{"href":"https:\/\/dev2.pallasdesign.ee\/fi\/wp-json\/wp\/v2\/product\/21433","targetHints":{"allow":["GET"]}}],"collection":[{"href":"https:\/\/dev2.pallasdesign.ee\/fi\/wp-json\/wp\/v2\/product"}],"about":[{"href":"https:\/\/dev2.pallasdesign.ee\/fi\/wp-json\/wp\/v2\/types\/product"}],"wp:featuredmedia":[{"embeddable":true,"href":"https:\/\/dev2.pallasdesign.ee\/fi\/wp-json\/wp\/v2\/media\/11861"}],"wp:attachment":[{"href":"https:\/\/dev2.pallasdesign.ee\/fi\/wp-json\/wp\/v2\/media?parent=21433"}],"wp:term":[{"taxonomy":"product_brand","embeddable":true,"href":"https:\/\/dev2.pallasdesign.ee\/fi\/wp-json\/wp\/v2\/product_brand?post=21433"},{"taxonomy":"product_cat","embeddable":true,"href":"https:\/\/dev2.pallasdesign.ee\/fi\/wp-json\/wp\/v2\/product_cat?post=21433"},{"taxonomy":"product_tag","embeddable":true,"href":"https:\/\/dev2.pallasdesign.ee\/fi\/wp-json\/wp\/v2\/product_tag?post=21433"}],"curies":[{"name":"wp","href":"https:\/\/api.w.org\/{rel}","templated":true}]}}