{"id":21435,"date":"2023-12-14T20:30:28","date_gmt":"2023-12-14T18:30:28","guid":{"rendered":"https:\/\/dev2.pallasdesign.ee\/kasitoopood\/maaratlemata\/haakortti-elegantit-keltaiset-kukat\/"},"modified":"2025-11-23T16:03:36","modified_gmt":"2025-11-23T14:03:36","slug":"haakortti-elegantit-keltaiset-kukat","status":"publish","type":"product","link":"https:\/\/dev2.pallasdesign.ee\/fi\/haakortti-elegantit-keltaiset-kukat\/","title":{"rendered":"H\u00e4\u00e4kortti \u201dELEGANTIT KELTAISET KUKAT\u201d"},"content":{"rendered":"<h2>H\u00e4\u00e4kortti h\u00e4\u00e4parin kuvalla<\/h2>\n<p>Valkoiselle kartongille tehty kortti on somistettu taustalla olevilla pastellisen vanharoosalla ja valkoisella metallisella k\u00e4sity\u00f6paperilla. Taustaa koristaa kukkakuvioinen pr\u00e4ssikuvio. N\u00e4ytt\u00e4v\u00e4, h\u00e4\u00e4parin kuvalla varustettu kortti on koristeltu runsailla k\u00e4sintehdyill\u00e4, keltaisen s\u00e4vyisill\u00e4 kukilla, joita korostavat Mulberry-ruusunuppukoristeet. Halutessa korttiin voidaan lis\u00e4t\u00e4 rahatasku.<br \/>\nKortin sis\u00e4sivut ja takakansi ovat valkoiset.   <\/p>\n<p><a href=\"https:\/\/dev2.pallasdesign.ee\/fi\/haakortit\/\"><b>Pallas Designin h\u00e4\u00e4korttivalikoimaan voit tutustua t\u00e4\u00e4ll\u00e4.<\/b><\/a><\/p>\n<h2>Tuotetiedot<\/h2>\n<ul>\n<li>Tavaramerkki: PALLAS DESIGN<\/li>\n<li>Tuotetyyppi: H\u00e4\u00e4kortti<\/li>\n<li>Mitat: 150x148mm<\/li>\n<li>Valmistettu design-k\u00e4sity\u00f6n\u00e4<\/li>\n<li>Paketointu ylelliseen, ikkunalliseen metallinhohtoiseen tilavuuskuoreen<\/li>\n<li>Toimitustapa: Toimitus l\u00e4himp\u00e4\u00e4n pakettiautomaattiin<\/li>\n<\/ul>\n","protected":false},"excerpt":{"rendered":"<p>N\u00e4ytt\u00e4v\u00e4, h\u00e4\u00e4parin kuvalla varustettu h\u00e4\u00e4kortti on koristeltu runsailla keltaisen s\u00e4vyisill\u00e4 kukilla, joiden taustana on vanharoosa, kohokuvioitu kukkakuvio. T\u00e4m\u00e4 upea, k\u00e4sintehty h\u00e4\u00e4kortti erottuu edukseen erityisen designinsa ansiosta. Kaunis kortti on erinomainen lahja h\u00e4\u00e4parille heid\u00e4n unohtumattomasta h\u00e4\u00e4p\u00e4iv\u00e4st\u00e4\u00e4n. Miksei my\u00f6s tuomaan ripauksen romantiikkaa arkeen tai lahjaksi rakkaalle h\u00e4\u00e4p\u00e4iv\u00e4n kunniaksi?   <\/p>\n","protected":false},"featured_media":11837,"template":"","meta":[],"product_brand":[],"product_cat":[874,870,962,872,873,875,876,877,880,894,923],"product_tag":[1035,1014,1046],"class_list":{"0":"post-21435","1":"product","2":"type-product","3":"status-publish","4":"has-post-thumbnail","6":"product_cat-haakortit","7":"product_cat-kasintehdyt-kortit","8":"product_cat-pallas-design-fi","9":"product_cat-kasintehdyt-kortit-tallinnassa","10":"product_cat-kasintehtyjen-korttien-valmistus","11":"product_cat-haakortti","12":"product_cat-kasintehdyt-haakortit","13":"product_cat-haapaivakortit","14":"product_cat-onnittelukortti-haaparille","15":"product_cat-setelitaskuhaakortti","16":"product_cat-haat","17":"product_tag-haapari","18":"product_tag-kukka","19":"product_tag-ruusu","20":"no-featured-image-padding","21":"sales-flash-overlay","22":"woocommerce-text-align-center","23":"woocommerce-image-align-center","24":"do-quantity-buttons","26":"first","27":"instock","28":"sold-individually","29":"taxable","30":"shipping-taxable","31":"purchasable","32":"product-type-simple"},"_links":{"self":[{"href":"https:\/\/dev2.pallasdesign.ee\/fi\/wp-json\/wp\/v2\/product\/21435","targetHints":{"allow":["GET"]}}],"collection":[{"href":"https:\/\/dev2.pallasdesign.ee\/fi\/wp-json\/wp\/v2\/product"}],"about":[{"href":"https:\/\/dev2.pallasdesign.ee\/fi\/wp-json\/wp\/v2\/types\/product"}],"wp:featuredmedia":[{"embeddable":true,"href":"https:\/\/dev2.pallasdesign.ee\/fi\/wp-json\/wp\/v2\/media\/11837"}],"wp:attachment":[{"href":"https:\/\/dev2.pallasdesign.ee\/fi\/wp-json\/wp\/v2\/media?parent=21435"}],"wp:term":[{"taxonomy":"product_brand","embeddable":true,"href":"https:\/\/dev2.pallasdesign.ee\/fi\/wp-json\/wp\/v2\/product_brand?post=21435"},{"taxonomy":"product_cat","embeddable":true,"href":"https:\/\/dev2.pallasdesign.ee\/fi\/wp-json\/wp\/v2\/product_cat?post=21435"},{"taxonomy":"product_tag","embeddable":true,"href":"https:\/\/dev2.pallasdesign.ee\/fi\/wp-json\/wp\/v2\/product_tag?post=21435"}],"curies":[{"name":"wp","href":"https:\/\/api.w.org\/{rel}","templated":true}]}}