{"id":21438,"date":"2023-12-14T14:10:27","date_gmt":"2023-12-14T12:10:27","guid":{"rendered":"https:\/\/dev2.pallasdesign.ee\/kasitoopood\/maaratlemata\/haakortti-ylellinen-orkidea\/"},"modified":"2025-11-23T16:05:26","modified_gmt":"2025-11-23T14:05:26","slug":"haakortti-ylellinen-orkidea","status":"publish","type":"product","link":"https:\/\/dev2.pallasdesign.ee\/fi\/haakortti-ylellinen-orkidea\/","title":{"rendered":"H\u00e4\u00e4kortti \u201dYLELLINEN ORKIDEA\u201d"},"content":{"rendered":"<h2>H\u00e4\u00e4kortti orkidealla<\/h2>\n<p>Helevalkoinen kortti on kehystetty oliivins\u00e4vyisell\u00e4, vihert\u00e4v\u00e4ll\u00e4 metallisella k\u00e4sity\u00f6paperilla, jota koristavat pitsim\u00e4iset paperikuviot, kultaiset sormukset ja hennon s\u00e4vyiset kukat. Kortin helmen\u00e4 on ylellinen ja kaunis orkidea, joka on k\u00e4sin v\u00e4rj\u00e4tty. Kauniit kukat kortissa on valmistettu k\u00e4sity\u00f6n\u00e4. Halutessa korttiin voidaan lis\u00e4t\u00e4 rahatasku.<br \/>\nKortin sis\u00e4sivut ja takakansi ovat valkoiset.   <\/p>\n<p><a href=\"https:\/\/dev2.pallasdesign.ee\/fi\/kasintehdyt-kortit\/\"><b>Tutustu Pallas Designin k\u00e4sintehtyjen korttien valikoimaan t\u00e4\u00e4ll\u00e4<\/b><\/a> <\/p>\n<h2>Tuotetiedot<\/h2>\n<ul>\n<li>Tavaramerkki: PALLAS DESIGN<\/li>\n<li>Tuotetyyppi: H\u00e4\u00e4kortti<\/li>\n<li>Mitat: 210\u00d7105 mm<\/li>\n<li>Valmistettu design-k\u00e4sity\u00f6n\u00e4<\/li>\n<li>Paketointu ylelliseen, ikkunalliseen metallinhohtoiseen tilavuuskuoreen<\/li>\n<li>Toimitustapa: Toimitus l\u00e4himp\u00e4\u00e4n pakettiautomaattiin<\/li>\n<\/ul>\n","protected":false},"excerpt":{"rendered":"<p>Ainutlaatuinen, ylellinen ja kaunis orkidealla koristeltu h\u00e4\u00e4kortti her\u00e4tt\u00e4\u00e4 taatusti kaikkien vieraiden huomion. Hele\u00e4ll\u00e4, kevyesti kimaltavalla taustalla on kauniita kukkia, jotka ilahduttavat h\u00e4\u00e4paria ja ovat sidottu ihastuttavaan kimppuun. Onhan olemassa kukkia, jotka ovat el\u00e4m\u00e4ss\u00e4 niin merkityksellisi\u00e4, ett\u00e4 niiden muisto saisi s\u00e4ily\u00e4 vuosien ajan. Korttiin kirjoitetut l\u00e4mpim\u00e4t toivotukset ja k\u00e4sintehdyt kukat palauttavat hell\u00e4sti mieleen h\u00e4\u00e4parin unohtumattoman p\u00e4iv\u00e4n.   <\/p>\n","protected":false},"featured_media":11789,"template":"","meta":[],"product_brand":[],"product_cat":[874,870,962,872,873,875,876,877,880,894,923],"product_tag":[1014,1027,1046,1051],"class_list":{"0":"post-21438","1":"product","2":"type-product","3":"status-publish","4":"has-post-thumbnail","6":"product_cat-haakortit","7":"product_cat-kasintehdyt-kortit","8":"product_cat-pallas-design-fi","9":"product_cat-kasintehdyt-kortit-tallinnassa","10":"product_cat-kasintehtyjen-korttien-valmistus","11":"product_cat-haakortti","12":"product_cat-kasintehdyt-haakortit","13":"product_cat-haapaivakortit","14":"product_cat-onnittelukortti-haaparille","15":"product_cat-setelitaskuhaakortti","16":"product_cat-haat","17":"product_tag-kukka","18":"product_tag-orkidea","19":"product_tag-ruusu","20":"product_tag-sormus-fi","21":"no-featured-image-padding","22":"sales-flash-overlay","23":"woocommerce-text-align-center","24":"woocommerce-image-align-center","25":"do-quantity-buttons","27":"first","28":"instock","29":"sold-individually","30":"taxable","31":"shipping-taxable","32":"purchasable","33":"product-type-simple"},"_links":{"self":[{"href":"https:\/\/dev2.pallasdesign.ee\/fi\/wp-json\/wp\/v2\/product\/21438","targetHints":{"allow":["GET"]}}],"collection":[{"href":"https:\/\/dev2.pallasdesign.ee\/fi\/wp-json\/wp\/v2\/product"}],"about":[{"href":"https:\/\/dev2.pallasdesign.ee\/fi\/wp-json\/wp\/v2\/types\/product"}],"wp:featuredmedia":[{"embeddable":true,"href":"https:\/\/dev2.pallasdesign.ee\/fi\/wp-json\/wp\/v2\/media\/11789"}],"wp:attachment":[{"href":"https:\/\/dev2.pallasdesign.ee\/fi\/wp-json\/wp\/v2\/media?parent=21438"}],"wp:term":[{"taxonomy":"product_brand","embeddable":true,"href":"https:\/\/dev2.pallasdesign.ee\/fi\/wp-json\/wp\/v2\/product_brand?post=21438"},{"taxonomy":"product_cat","embeddable":true,"href":"https:\/\/dev2.pallasdesign.ee\/fi\/wp-json\/wp\/v2\/product_cat?post=21438"},{"taxonomy":"product_tag","embeddable":true,"href":"https:\/\/dev2.pallasdesign.ee\/fi\/wp-json\/wp\/v2\/product_tag?post=21438"}],"curies":[{"name":"wp","href":"https:\/\/api.w.org\/{rel}","templated":true}]}}