{"id":21439,"date":"2023-12-14T14:00:45","date_gmt":"2023-12-14T12:00:45","guid":{"rendered":"https:\/\/dev2.pallasdesign.ee\/kasitoopood\/maaratlemata\/haakortti-teille-kahdelle\/"},"modified":"2025-11-23T16:12:31","modified_gmt":"2025-11-23T14:12:31","slug":"haakortti-teille-kahdelle","status":"publish","type":"product","link":"https:\/\/dev2.pallasdesign.ee\/fi\/haakortti-teille-kahdelle\/","title":{"rendered":"H\u00e4\u00e4kortti \u201dTEILLE KAHDELLE\u201d"},"content":{"rendered":"<h2>H\u00e4\u00e4kortti Teille kahdelle<\/h2>\n<p>Valkoiselle kartongille tehdyss\u00e4 kortissa on k\u00e4ytetty paperipitsi\u00e4, kultaisia helmi\u00e4 sek\u00e4 keltaisia, valkoisia ja kermanv\u00e4risi\u00e4 ruusuja. Keltaiset ruusut on k\u00e4sin v\u00e4rj\u00e4tty. Halutessa korttiin voidaan lis\u00e4t\u00e4 rahatasku.<br \/>\nKortin sis\u00e4sivut ja takakansi ovat valkoiset.  <\/p>\n<p><a href=\"https:\/\/dev2.pallasdesign.ee\/fi\/haakortit\/\"><b>Pallas Designin h\u00e4\u00e4korttivalikoimaan voit tutustua t\u00e4\u00e4ll\u00e4.<\/b><\/a><\/p>\n<h2>Tuotetiedot<\/h2>\n<ul>\n<li>Tavaramerkki: PALLAS DESIGN<\/li>\n<li>Tuotetyyppi: H\u00e4\u00e4kortti<\/li>\n<li>Mitat: 150x148mm<\/li>\n<li>Valmistettu design-k\u00e4sity\u00f6n\u00e4<\/li>\n<li>Paketointu ylelliseen, ikkunalliseen metallinhohtoiseen tilavuuskuoreen<\/li>\n<li>Toimitustapa: Toimitus l\u00e4himp\u00e4\u00e4n pakettiautomaattiin<\/li>\n<\/ul>\n","protected":false},"excerpt":{"rendered":"<p>\u201dTeille kahdelle\u201d -tekstill\u00e4 varustettu h\u00e4\u00e4kortti v\u00e4litt\u00e4\u00e4 antajansa syd\u00e4melliset onnentoivotukset h\u00e4\u00e4parille. T\u00e4m\u00e4 kultaisella hohteella, keltaisilla ja valkoisilla ruusuilla ylellisesti koristeltu h\u00e4\u00e4kortti on hurmaava ja n\u00e4ytt\u00e4v\u00e4. Hieno pitsikuvio ja kultaiset helmet tuovat k\u00e4sintehtyyn korttiin lis\u00e4\u00e4 n\u00e4ytt\u00e4vyytt\u00e4, s\u00e4ihkett\u00e4 ja arvokkuutta.  <\/p>\n","protected":false},"featured_media":11765,"template":"","meta":[],"product_brand":[],"product_cat":[874,870,962,872,873,875,876,877,880,894,923],"product_tag":[1035,1046],"class_list":{"0":"post-21439","1":"product","2":"type-product","3":"status-publish","4":"has-post-thumbnail","6":"product_cat-haakortit","7":"product_cat-kasintehdyt-kortit","8":"product_cat-pallas-design-fi","9":"product_cat-kasintehdyt-kortit-tallinnassa","10":"product_cat-kasintehtyjen-korttien-valmistus","11":"product_cat-haakortti","12":"product_cat-kasintehdyt-haakortit","13":"product_cat-haapaivakortit","14":"product_cat-onnittelukortti-haaparille","15":"product_cat-setelitaskuhaakortti","16":"product_cat-haat","17":"product_tag-haapari","18":"product_tag-ruusu","19":"no-featured-image-padding","20":"sales-flash-overlay","21":"woocommerce-text-align-center","22":"woocommerce-image-align-center","23":"do-quantity-buttons","25":"first","26":"instock","27":"sold-individually","28":"taxable","29":"shipping-taxable","30":"purchasable","31":"product-type-simple"},"_links":{"self":[{"href":"https:\/\/dev2.pallasdesign.ee\/fi\/wp-json\/wp\/v2\/product\/21439","targetHints":{"allow":["GET"]}}],"collection":[{"href":"https:\/\/dev2.pallasdesign.ee\/fi\/wp-json\/wp\/v2\/product"}],"about":[{"href":"https:\/\/dev2.pallasdesign.ee\/fi\/wp-json\/wp\/v2\/types\/product"}],"wp:featuredmedia":[{"embeddable":true,"href":"https:\/\/dev2.pallasdesign.ee\/fi\/wp-json\/wp\/v2\/media\/11765"}],"wp:attachment":[{"href":"https:\/\/dev2.pallasdesign.ee\/fi\/wp-json\/wp\/v2\/media?parent=21439"}],"wp:term":[{"taxonomy":"product_brand","embeddable":true,"href":"https:\/\/dev2.pallasdesign.ee\/fi\/wp-json\/wp\/v2\/product_brand?post=21439"},{"taxonomy":"product_cat","embeddable":true,"href":"https:\/\/dev2.pallasdesign.ee\/fi\/wp-json\/wp\/v2\/product_cat?post=21439"},{"taxonomy":"product_tag","embeddable":true,"href":"https:\/\/dev2.pallasdesign.ee\/fi\/wp-json\/wp\/v2\/product_tag?post=21439"}],"curies":[{"name":"wp","href":"https:\/\/api.w.org\/{rel}","templated":true}]}}