{"id":21440,"date":"2023-12-14T13:15:56","date_gmt":"2023-12-14T11:15:56","guid":{"rendered":"https:\/\/dev2.pallasdesign.ee\/kasitoopood\/maaratlemata\/haakortti-kauniita-hetkia\/"},"modified":"2025-11-23T16:12:01","modified_gmt":"2025-11-23T14:12:01","slug":"haakortti-kauniita-hetkia","status":"publish","type":"product","link":"https:\/\/dev2.pallasdesign.ee\/fi\/haakortti-kauniita-hetkia\/","title":{"rendered":"H\u00e4\u00e4kortti \u201dKAUNIITA HETKI\u00c4\u201d"},"content":{"rendered":"<h2>H\u00e4\u00e4kortti punaisella taustalla<\/h2>\n<p>Valkoiselle pohjalle tehty kortti on somistettu punaisella metallisella k\u00e4sity\u00f6paperilla ja punaharmaas\u00e4vyisell\u00e4 kuviopaperilla. Kortissa on k\u00e4sin valmistettuja valkoisia ja punaisia ruusuja, ja v\u00e4rin tuomiseksi on lis\u00e4tty my\u00f6s muutamia Mulberry-kukkia. Kortin kulmia koristavat hopeiset puolihelmet. Korttiin on mahdollista lis\u00e4t\u00e4 rahatasku.<br \/>\nKortin sis\u00e4sivut ja takakansi ovat valkoiset.    <\/p>\n<p><a href=\"https:\/\/dev2.pallasdesign.ee\/fi\/haakortit\/\"><b>Pallas Designin h\u00e4\u00e4korttivalikoimaan voit tutustua t\u00e4\u00e4ll\u00e4.<\/b><\/a><\/p>\n<h2>Tuotetiedot<\/h2>\n<ul>\n<li>Tavaramerkki: PALLAS DESIGN<\/li>\n<li>Tuotetyyppi: H\u00e4\u00e4kortti<\/li>\n<li>Mitat: 150x148mm<\/li>\n<li>Valmistettu design-k\u00e4sity\u00f6n\u00e4<\/li>\n<li>Paketointu ylelliseen, ikkunalliseen metallinhohtoiseen tilavuuskuoreen<\/li>\n<li>Toimitustapa: Toimitus l\u00e4himp\u00e4\u00e4n pakettiautomaattiin<\/li>\n<\/ul>\n","protected":false},"excerpt":{"rendered":"<p>Rohkean tummanpunaisella taustalla varustettu h\u00e4\u00e4kortti on upea valinta erityiselle h\u00e4\u00e4parille. T\u00e4m\u00e4 k\u00e4sintehty kortti on ajaton ja klassinen, koristeltu punaisin ja valkoisin ruusuin. Kirkkaans\u00e4vyinen kortti on kaunis lahja ja muisto h\u00e4\u00e4parille heid\u00e4n unohtumattomasta h\u00e4\u00e4p\u00e4iv\u00e4st\u00e4\u00e4n. Erityisen l\u00e4mmin lahja rakkaalle ihmiselle! Punainen on l\u00e4mmin ja voimakas v\u00e4ri!    <\/p>\n","protected":false},"featured_media":11753,"template":"","meta":[],"product_brand":[],"product_cat":[874,870,962,872,873,875,876,877,880,894,923],"product_tag":[1035,1046],"class_list":{"0":"post-21440","1":"product","2":"type-product","3":"status-publish","4":"has-post-thumbnail","6":"product_cat-haakortit","7":"product_cat-kasintehdyt-kortit","8":"product_cat-pallas-design-fi","9":"product_cat-kasintehdyt-kortit-tallinnassa","10":"product_cat-kasintehtyjen-korttien-valmistus","11":"product_cat-haakortti","12":"product_cat-kasintehdyt-haakortit","13":"product_cat-haapaivakortit","14":"product_cat-onnittelukortti-haaparille","15":"product_cat-setelitaskuhaakortti","16":"product_cat-haat","17":"product_tag-haapari","18":"product_tag-ruusu","19":"no-featured-image-padding","20":"sales-flash-overlay","21":"woocommerce-text-align-center","22":"woocommerce-image-align-center","23":"do-quantity-buttons","25":"first","26":"instock","27":"sold-individually","28":"taxable","29":"shipping-taxable","30":"purchasable","31":"product-type-simple"},"_links":{"self":[{"href":"https:\/\/dev2.pallasdesign.ee\/fi\/wp-json\/wp\/v2\/product\/21440","targetHints":{"allow":["GET"]}}],"collection":[{"href":"https:\/\/dev2.pallasdesign.ee\/fi\/wp-json\/wp\/v2\/product"}],"about":[{"href":"https:\/\/dev2.pallasdesign.ee\/fi\/wp-json\/wp\/v2\/types\/product"}],"wp:featuredmedia":[{"embeddable":true,"href":"https:\/\/dev2.pallasdesign.ee\/fi\/wp-json\/wp\/v2\/media\/11753"}],"wp:attachment":[{"href":"https:\/\/dev2.pallasdesign.ee\/fi\/wp-json\/wp\/v2\/media?parent=21440"}],"wp:term":[{"taxonomy":"product_brand","embeddable":true,"href":"https:\/\/dev2.pallasdesign.ee\/fi\/wp-json\/wp\/v2\/product_brand?post=21440"},{"taxonomy":"product_cat","embeddable":true,"href":"https:\/\/dev2.pallasdesign.ee\/fi\/wp-json\/wp\/v2\/product_cat?post=21440"},{"taxonomy":"product_tag","embeddable":true,"href":"https:\/\/dev2.pallasdesign.ee\/fi\/wp-json\/wp\/v2\/product_tag?post=21440"}],"curies":[{"name":"wp","href":"https:\/\/api.w.org\/{rel}","templated":true}]}}