{"id":21441,"date":"2023-12-14T13:06:57","date_gmt":"2023-12-14T11:06:57","guid":{"rendered":"https:\/\/dev2.pallasdesign.ee\/kasitoopood\/maaratlemata\/haakortti-kermansavyinen-kimppu\/"},"modified":"2025-11-23T16:15:38","modified_gmt":"2025-11-23T14:15:38","slug":"haakortti-kermansavyinen-kimppu","status":"publish","type":"product","link":"https:\/\/dev2.pallasdesign.ee\/fi\/haakortti-kermansavyinen-kimppu\/","title":{"rendered":"H\u00e4\u00e4kortti \u201dKERMANS\u00c4VYINEN KIMPPU\u201d"},"content":{"rendered":"<h2>H\u00e4\u00e4kortti kermanv\u00e4risill\u00e4 ruusuilla<\/h2>\n<p>Valkoiselle kartongille tehdyss\u00e4 kortissa on ruskea kehys ja valkoisesta metallisesta k\u00e4sity\u00f6paperista tehty, kohokuvioitu tausta. Korttia koristavat keltaiset, kermanv\u00e4riset ja valkoiset ruusut. Kortissa on k\u00e4ytetty pitsi\u00e4, helmi\u00e4, glitteri\u00e4 sek\u00e4 k\u00e4sin virkattuja elementtej\u00e4. Halutessa korttiin voidaan lis\u00e4t\u00e4 rahatasku.<br \/>\nKortin sis\u00e4sivut ja takakansi ovat valkoiset.   <\/p>\n<p><a href=\"https:\/\/dev2.pallasdesign.ee\/fi\/haakortit\/\"><b>Pallas Designin h\u00e4\u00e4korttivalikoimaan voit tutustua t\u00e4\u00e4ll\u00e4.<\/b><\/a><\/p>\n<h2>Tuotetiedot<\/h2>\n<ul>\n<li>Tavaramerkki: PALLAS DESIGN<\/li>\n<li>Tuotetyyppi: H\u00e4\u00e4kortti<\/li>\n<li>Mitat: 210\u00d7105 mm<\/li>\n<li>Valmistettu design-k\u00e4sity\u00f6n\u00e4<\/li>\n<li>Paketointu ylelliseen, ikkunalliseen metallinhohtoiseen tilavuuskuoreen<\/li>\n<li>Toimitustapa: Toimitus l\u00e4himp\u00e4\u00e4n pakettiautomaattiin<\/li>\n<\/ul>\n","protected":false},"excerpt":{"rendered":"<p>Kermanv\u00e4risin ruusuin koristeltu h\u00e4\u00e4kortti on ajaton ja sopii lahjaksi mihin tahansa h\u00e4ihin. Upeat, ylelliset ja elegantit kukat on valmistettu k\u00e4sity\u00f6n\u00e4. Runsaskukkaisen ja lumoavan hele\u00e4n kauniin h\u00e4\u00e4kortin h\u00e4\u00e4pari s\u00e4ilytt\u00e4\u00e4 rakkaana muistona heid\u00e4n ihanista hetkist\u00e4\u00e4n.  <\/p>\n","protected":false},"featured_media":11729,"template":"","meta":[],"product_brand":[],"product_cat":[874,870,962,872,873,875,876,877,880,894,923],"product_tag":[1035,1046],"class_list":{"0":"post-21441","1":"product","2":"type-product","3":"status-publish","4":"has-post-thumbnail","6":"product_cat-haakortit","7":"product_cat-kasintehdyt-kortit","8":"product_cat-pallas-design-fi","9":"product_cat-kasintehdyt-kortit-tallinnassa","10":"product_cat-kasintehtyjen-korttien-valmistus","11":"product_cat-haakortti","12":"product_cat-kasintehdyt-haakortit","13":"product_cat-haapaivakortit","14":"product_cat-onnittelukortti-haaparille","15":"product_cat-setelitaskuhaakortti","16":"product_cat-haat","17":"product_tag-haapari","18":"product_tag-ruusu","19":"no-featured-image-padding","20":"sales-flash-overlay","21":"woocommerce-text-align-center","22":"woocommerce-image-align-center","23":"do-quantity-buttons","25":"first","26":"instock","27":"sold-individually","28":"taxable","29":"shipping-taxable","30":"purchasable","31":"product-type-simple"},"_links":{"self":[{"href":"https:\/\/dev2.pallasdesign.ee\/fi\/wp-json\/wp\/v2\/product\/21441","targetHints":{"allow":["GET"]}}],"collection":[{"href":"https:\/\/dev2.pallasdesign.ee\/fi\/wp-json\/wp\/v2\/product"}],"about":[{"href":"https:\/\/dev2.pallasdesign.ee\/fi\/wp-json\/wp\/v2\/types\/product"}],"wp:featuredmedia":[{"embeddable":true,"href":"https:\/\/dev2.pallasdesign.ee\/fi\/wp-json\/wp\/v2\/media\/11729"}],"wp:attachment":[{"href":"https:\/\/dev2.pallasdesign.ee\/fi\/wp-json\/wp\/v2\/media?parent=21441"}],"wp:term":[{"taxonomy":"product_brand","embeddable":true,"href":"https:\/\/dev2.pallasdesign.ee\/fi\/wp-json\/wp\/v2\/product_brand?post=21441"},{"taxonomy":"product_cat","embeddable":true,"href":"https:\/\/dev2.pallasdesign.ee\/fi\/wp-json\/wp\/v2\/product_cat?post=21441"},{"taxonomy":"product_tag","embeddable":true,"href":"https:\/\/dev2.pallasdesign.ee\/fi\/wp-json\/wp\/v2\/product_tag?post=21441"}],"curies":[{"name":"wp","href":"https:\/\/api.w.org\/{rel}","templated":true}]}}