{"id":21442,"date":"2023-12-14T11:25:01","date_gmt":"2023-12-14T09:25:01","guid":{"rendered":"https:\/\/dev2.pallasdesign.ee\/kasitoopood\/maaratlemata\/haakortti-yhdessa-kanssasi\/"},"modified":"2025-11-23T16:17:33","modified_gmt":"2025-11-23T14:17:33","slug":"haakortti-yhdessa-kanssasi","status":"publish","type":"product","link":"https:\/\/dev2.pallasdesign.ee\/fi\/haakortti-yhdessa-kanssasi\/","title":{"rendered":"H\u00e4\u00e4kortti \u201dYHDESS\u00c4 KANSSASI\u201d"},"content":{"rendered":"<h2>H\u00e4\u00e4kortti orkideoilla<\/h2>\n<p>Kermanv\u00e4risest\u00e4 kartongista tehty k\u00e4sintehty kortti on koristeltu k\u00e4sity\u00f6paperista tehdyill\u00e4 liloilla ruusuilla ja foamiraanista k\u00e4sin valmistetuilla orkideoilla sek\u00e4 erilaisilla pitsim\u00e4isill\u00e4 ja virkatuilla yksityiskohdilla. Korttiin on lis\u00e4tty glitteri\u00e4 ja s\u00e4ihkett\u00e4. Kortin sis\u00e4\u00e4n on mahdollista lis\u00e4t\u00e4 rahatasku.<br \/>\nKortin sis\u00e4sivut ja takakansi ovat kermanv\u00e4riset.  <\/p>\n<p><a href=\"https:\/\/dev2.pallasdesign.ee\/fi\/kasintehdyt-kortit\/\"><b>Tutustu Pallas Designin k\u00e4sintehtyjen korttien valikoimaan t\u00e4\u00e4ll\u00e4<\/b><\/a><\/p>\n<h2>Tuotetiedot<\/h2>\n<ul>\n<li>Tavaramerkki: PALLAS DESIGN<\/li>\n<li>Tuotetyyppi: H\u00e4\u00e4kortti<\/li>\n<li>Mitat: 210\u00d7105 mm<\/li>\n<li>Valmistettu design-k\u00e4sity\u00f6n\u00e4<\/li>\n<li>Paketointu ylelliseen, ikkunalliseen metallinhohtoiseen tilavuuskuoreen<\/li>\n<li>Toimitustapa: Toimitus l\u00e4himp\u00e4\u00e4n pakettiautomaattiin<\/li>\n<\/ul>\n","protected":false},"excerpt":{"rendered":"<p>Ylellisen elegantti, liilanv\u00e4risill\u00e4 ruusuilla ja kauniilla orkideoilla koristeltu h\u00e4\u00e4kortti on valmistettu k\u00e4sity\u00f6n\u00e4. Kauniilla kukilla somistettu kortti j\u00e4\u00e4 h\u00e4\u00e4parille rakkaaksi muistoksi el\u00e4m\u00e4n t\u00e4rke\u00e4st\u00e4 hetkest\u00e4. Tunnetta ei aina voi pukea pelkkiin sanoihin \u2013 sit\u00e4 voi ilmaista my\u00f6s kauniiden, k\u00e4sin tehtyjen korttien kautta, jotka erottuvat erityisell\u00e4 designillaan ja toteutuksellaan. T\u00e4m\u00e4 kortti on upea lahja vastanaineille, jotta sinun l\u00e4mmin toivotuksesi kulkisi heid\u00e4n mukanaan koko el\u00e4m\u00e4n. Sanat, jotka on kirjoitettu, s\u00e4ilyv\u00e4t\u2026 ja t\u00e4m\u00e4 kaunis orkideoilla koristeltu k\u00e4sintehty kortti vahvistaa l\u00e4mpim\u00e4n viestin entisest\u00e4\u00e4n.    <\/p>\n","protected":false},"featured_media":11693,"template":"","meta":[],"product_brand":[],"product_cat":[874,870,962,872,873,875,876,877,880,894,923],"product_tag":[1035,1027,1046],"class_list":{"0":"post-21442","1":"product","2":"type-product","3":"status-publish","4":"has-post-thumbnail","6":"product_cat-haakortit","7":"product_cat-kasintehdyt-kortit","8":"product_cat-pallas-design-fi","9":"product_cat-kasintehdyt-kortit-tallinnassa","10":"product_cat-kasintehtyjen-korttien-valmistus","11":"product_cat-haakortti","12":"product_cat-kasintehdyt-haakortit","13":"product_cat-haapaivakortit","14":"product_cat-onnittelukortti-haaparille","15":"product_cat-setelitaskuhaakortti","16":"product_cat-haat","17":"product_tag-haapari","18":"product_tag-orkidea","19":"product_tag-ruusu","20":"no-featured-image-padding","21":"sales-flash-overlay","22":"woocommerce-text-align-center","23":"woocommerce-image-align-center","24":"do-quantity-buttons","26":"first","27":"instock","28":"sold-individually","29":"taxable","30":"shipping-taxable","31":"purchasable","32":"product-type-simple"},"_links":{"self":[{"href":"https:\/\/dev2.pallasdesign.ee\/fi\/wp-json\/wp\/v2\/product\/21442","targetHints":{"allow":["GET"]}}],"collection":[{"href":"https:\/\/dev2.pallasdesign.ee\/fi\/wp-json\/wp\/v2\/product"}],"about":[{"href":"https:\/\/dev2.pallasdesign.ee\/fi\/wp-json\/wp\/v2\/types\/product"}],"wp:featuredmedia":[{"embeddable":true,"href":"https:\/\/dev2.pallasdesign.ee\/fi\/wp-json\/wp\/v2\/media\/11693"}],"wp:attachment":[{"href":"https:\/\/dev2.pallasdesign.ee\/fi\/wp-json\/wp\/v2\/media?parent=21442"}],"wp:term":[{"taxonomy":"product_brand","embeddable":true,"href":"https:\/\/dev2.pallasdesign.ee\/fi\/wp-json\/wp\/v2\/product_brand?post=21442"},{"taxonomy":"product_cat","embeddable":true,"href":"https:\/\/dev2.pallasdesign.ee\/fi\/wp-json\/wp\/v2\/product_cat?post=21442"},{"taxonomy":"product_tag","embeddable":true,"href":"https:\/\/dev2.pallasdesign.ee\/fi\/wp-json\/wp\/v2\/product_tag?post=21442"}],"curies":[{"name":"wp","href":"https:\/\/api.w.org\/{rel}","templated":true}]}}