{"id":21443,"date":"2023-12-14T11:19:18","date_gmt":"2023-12-14T09:19:18","guid":{"rendered":"https:\/\/dev2.pallasdesign.ee\/kasitoopood\/maaratlemata\/haakortti-meidan-haapaivamme\/"},"modified":"2025-11-23T16:18:28","modified_gmt":"2025-11-23T14:18:28","slug":"haakortti-meidan-haapaivamme","status":"publish","type":"product","link":"https:\/\/dev2.pallasdesign.ee\/fi\/haakortti-meidan-haapaivamme\/","title":{"rendered":"H\u00e4\u00e4kortti \u201dMEID\u00c4N H\u00c4\u00c4P\u00c4IV\u00c4MME\u201d"},"content":{"rendered":"<h2>H\u00e4\u00e4kortti valkoisin ruusuin<\/h2>\n<p>H\u00e4\u00e4kortti valkoisin ruusuin \u2013 valkoisesta kartongista tehty k\u00e4sintehty kortti, jota koristavat k\u00e4sity\u00f6paperista ja foamiraanista k\u00e4sin valmistetut kukat. Kortissa on k\u00e4ytetty kaunista, kukkakuvioista kohopainotekniikkaa, pitsim\u00e4ist\u00e4 taustaelementti\u00e4 sek\u00e4 metallisesta k\u00e4sity\u00f6paperista tehty\u00e4 h\u00e4\u00e4parin siluettia. Korttiin on lis\u00e4tty my\u00f6s k\u00e4sin virkattu pieni koriste-elementti, hopeisia kivi\u00e4 sek\u00e4 hieman glitteri\u00e4. Kortin sis\u00e4\u00e4n on mahdollista lis\u00e4t\u00e4 rahatasku. K\u00e4sintehty kortti suljetaan valkoisella nauhalla.<br \/>\nKortin sis\u00e4sivut ja takakansi ovat valkoiset.   <\/p>\n<p><a href=\"https:\/\/dev2.pallasdesign.ee\/fi\/kasintehdyt-kortit\/\"><b>Tutustu Pallas Designin k\u00e4sintehtyjen korttien valikoimaan t\u00e4\u00e4ll\u00e4<\/b><\/a><\/p>\n<h2>Tuotetiedot<\/h2>\n<ul>\n<li>Tavaramerkki: PALLAS DESIGN<\/li>\n<li>Tuotetyyppi: H\u00e4\u00e4kortti<\/li>\n<li>Mitat: 210\u00d7105 mm<\/li>\n<li>Valmistettu design-k\u00e4sity\u00f6n\u00e4<\/li>\n<li>Paketointu ylelliseen, ikkunalliseen metallinhohtoiseen tilavuuskuoreen<\/li>\n<li>Toimitustapa: Toimitus l\u00e4himp\u00e4\u00e4n pakettiautomaattiin<\/li>\n<\/ul>\n","protected":false},"excerpt":{"rendered":"<p>Elegantti, valkoisin ruusuin koristeltu h\u00e4\u00e4kortti \u201dMeid\u00e4n h\u00e4\u00e4p\u00e4iv\u00e4mme\u201d on valmistettu k\u00e4sity\u00f6n\u00e4. T\u00e4m\u00e4 kaunis, runsaskukkainen kortti j\u00e4\u00e4 h\u00e4\u00e4parille rakkaaksi muistoksi heid\u00e4n ihanasta h\u00e4\u00e4p\u00e4iv\u00e4st\u00e4\u00e4n. Tunne ei mahdu aina pelkkiin sanoihin \u2013 sit\u00e4 t\u00e4ytyy ilmaista my\u00f6s fyysisiss\u00e4 esineiss\u00e4. Ja viel\u00e4 parempi on, kun kauniit sanat voidaan pukea kauniiseen esineeseen. T\u00e4m\u00e4 kortti on upea lahja vastanaineille, jotta sinun l\u00e4mmin toivotuksesi kulkisi heid\u00e4n mukanaan koko el\u00e4m\u00e4n. Samalla t\u00e4llainen runsas ja romanttinen k\u00e4sintehty kortti sopii t\u00e4ydellisesti my\u00f6s rakkaimmalle h\u00e4\u00e4p\u00e4iv\u00e4n tai vuosip\u00e4iv\u00e4n kunniaksi. Sanat, jotka kirjoitetaan, s\u00e4ilyv\u00e4t \u2013 ja juuri teille suunniteltu kortti on ainutlaatuinen.      <\/p>\n","protected":false},"featured_media":11681,"template":"","meta":[],"product_brand":[],"product_cat":[874,870,962,872,873,875,876,877,880,894,923],"product_tag":[1035,1046],"class_list":{"0":"post-21443","1":"product","2":"type-product","3":"status-publish","4":"has-post-thumbnail","6":"product_cat-haakortit","7":"product_cat-kasintehdyt-kortit","8":"product_cat-pallas-design-fi","9":"product_cat-kasintehdyt-kortit-tallinnassa","10":"product_cat-kasintehtyjen-korttien-valmistus","11":"product_cat-haakortti","12":"product_cat-kasintehdyt-haakortit","13":"product_cat-haapaivakortit","14":"product_cat-onnittelukortti-haaparille","15":"product_cat-setelitaskuhaakortti","16":"product_cat-haat","17":"product_tag-haapari","18":"product_tag-ruusu","19":"no-featured-image-padding","20":"sales-flash-overlay","21":"woocommerce-text-align-center","22":"woocommerce-image-align-center","23":"do-quantity-buttons","25":"first","26":"instock","27":"sold-individually","28":"taxable","29":"shipping-taxable","30":"purchasable","31":"product-type-simple"},"_links":{"self":[{"href":"https:\/\/dev2.pallasdesign.ee\/fi\/wp-json\/wp\/v2\/product\/21443","targetHints":{"allow":["GET"]}}],"collection":[{"href":"https:\/\/dev2.pallasdesign.ee\/fi\/wp-json\/wp\/v2\/product"}],"about":[{"href":"https:\/\/dev2.pallasdesign.ee\/fi\/wp-json\/wp\/v2\/types\/product"}],"wp:featuredmedia":[{"embeddable":true,"href":"https:\/\/dev2.pallasdesign.ee\/fi\/wp-json\/wp\/v2\/media\/11681"}],"wp:attachment":[{"href":"https:\/\/dev2.pallasdesign.ee\/fi\/wp-json\/wp\/v2\/media?parent=21443"}],"wp:term":[{"taxonomy":"product_brand","embeddable":true,"href":"https:\/\/dev2.pallasdesign.ee\/fi\/wp-json\/wp\/v2\/product_brand?post=21443"},{"taxonomy":"product_cat","embeddable":true,"href":"https:\/\/dev2.pallasdesign.ee\/fi\/wp-json\/wp\/v2\/product_cat?post=21443"},{"taxonomy":"product_tag","embeddable":true,"href":"https:\/\/dev2.pallasdesign.ee\/fi\/wp-json\/wp\/v2\/product_tag?post=21443"}],"curies":[{"name":"wp","href":"https:\/\/api.w.org\/{rel}","templated":true}]}}