{"id":21444,"date":"2023-12-14T11:11:31","date_gmt":"2023-12-14T09:11:31","guid":{"rendered":"https:\/\/dev2.pallasdesign.ee\/kasitoopood\/maaratlemata\/haakortti-elegantti-liila-syreeni\/"},"modified":"2025-11-23T16:20:02","modified_gmt":"2025-11-23T14:20:02","slug":"haakortti-syreeneilla","status":"publish","type":"product","link":"https:\/\/dev2.pallasdesign.ee\/fi\/haakortti-syreeneilla\/","title":{"rendered":"H\u00e4\u00e4kortti \u201dELEGANTTI LIILA SYREENI\u201d"},"content":{"rendered":"<h2>H\u00e4\u00e4kortti syreeneill\u00e4<\/h2>\n<p>Kermanv\u00e4risest\u00e4 kartongista tehty k\u00e4sintehty kortti on koristeltu k\u00e4sity\u00f6paperista ja foamiraanista k\u00e4sin valmistetuilla kukilla sek\u00e4 h\u00e4\u00e4aiheisilla yksityiskohdilla. Kortin sis\u00e4ll\u00e4 on rahatasku. K\u00e4sintehty kortti suljetaan nauhalla.<br \/>\nKortin sis\u00e4sivut ja takakansi ovat kermanv\u00e4riset.  <\/p>\n<p><a href=\"https:\/\/dev2.pallasdesign.ee\/fi\/kasintehdyt-kortit\/\"><b>Tutustu Pallas Designin k\u00e4sintehtyjen korttien valikoimaan t\u00e4\u00e4ll\u00e4<\/b><\/a><\/p>\n<h2>Tuotetiedot<\/h2>\n<ul>\n<li>Tavaramerkki: PALLAS DESIGN<\/li>\n<li>Tuotetyyppi: H\u00e4\u00e4kortti<\/li>\n<li>Mitat: 210\u00d7105 mm<\/li>\n<li>Valmistettu design-k\u00e4sity\u00f6n\u00e4<\/li>\n<li>Paketointu ylelliseen, ikkunalliseen metallinhohtoiseen tilavuuskuoreen<\/li>\n<li>Toimitustapa: Toimitus l\u00e4himp\u00e4\u00e4n pakettiautomaattiin<\/li>\n<\/ul>\n","protected":false},"excerpt":{"rendered":"<p>Kaunis ja s\u00e4dehtiv, eleganteissa liloissa s\u00e4vyiss\u00e4 oleva ruusuilla ja syreeneill\u00e4 koristeltu h\u00e4\u00e4kortti on valmistettu k\u00e4sity\u00f6n\u00e4 ja j\u00e4\u00e4 h\u00e4\u00e4parille rakkaaksi muistoksi heid\u00e4n ihanasta h\u00e4\u00e4p\u00e4iv\u00e4st\u00e4\u00e4n. Viel\u00e4kin parempi on, kun kauniit sanat voidaan pukea kauniiseen korttiin \u2013 se on upea lahja vastanaineille, jotta sinun l\u00e4mmin toivotuksesi kulkisi heid\u00e4n mukanaan koko el\u00e4m\u00e4n. Miksei t\u00e4t\u00e4 voisi antaa my\u00f6s kaikkein rakkaimmalle vuosip\u00e4iv\u00e4n kunniaksi? Sanat, jotka kirjoitetaan, s\u00e4ilyv\u00e4t \u2013 ja t\u00e4m\u00e4 kaunis, ylellinen, syreeneill\u00e4 koristeltu h\u00e4\u00e4kortti on ainutlaatuinen ja verraton.   <\/p>\n","protected":false},"featured_media":11669,"template":"","meta":[],"product_brand":[],"product_cat":[874,870,962,872,873,875,876,877,880,894,923],"product_tag":[1048],"class_list":{"0":"post-21444","1":"product","2":"type-product","3":"status-publish","4":"has-post-thumbnail","6":"product_cat-haakortit","7":"product_cat-kasintehdyt-kortit","8":"product_cat-pallas-design-fi","9":"product_cat-kasintehdyt-kortit-tallinnassa","10":"product_cat-kasintehtyjen-korttien-valmistus","11":"product_cat-haakortti","12":"product_cat-kasintehdyt-haakortit","13":"product_cat-haapaivakortit","14":"product_cat-onnittelukortti-haaparille","15":"product_cat-setelitaskuhaakortti","16":"product_cat-haat","17":"product_tag-syreeni","18":"no-featured-image-padding","19":"sales-flash-overlay","20":"woocommerce-text-align-center","21":"woocommerce-image-align-center","22":"do-quantity-buttons","24":"first","25":"instock","26":"sold-individually","27":"taxable","28":"shipping-taxable","29":"purchasable","30":"product-type-simple"},"_links":{"self":[{"href":"https:\/\/dev2.pallasdesign.ee\/fi\/wp-json\/wp\/v2\/product\/21444","targetHints":{"allow":["GET"]}}],"collection":[{"href":"https:\/\/dev2.pallasdesign.ee\/fi\/wp-json\/wp\/v2\/product"}],"about":[{"href":"https:\/\/dev2.pallasdesign.ee\/fi\/wp-json\/wp\/v2\/types\/product"}],"wp:featuredmedia":[{"embeddable":true,"href":"https:\/\/dev2.pallasdesign.ee\/fi\/wp-json\/wp\/v2\/media\/11669"}],"wp:attachment":[{"href":"https:\/\/dev2.pallasdesign.ee\/fi\/wp-json\/wp\/v2\/media?parent=21444"}],"wp:term":[{"taxonomy":"product_brand","embeddable":true,"href":"https:\/\/dev2.pallasdesign.ee\/fi\/wp-json\/wp\/v2\/product_brand?post=21444"},{"taxonomy":"product_cat","embeddable":true,"href":"https:\/\/dev2.pallasdesign.ee\/fi\/wp-json\/wp\/v2\/product_cat?post=21444"},{"taxonomy":"product_tag","embeddable":true,"href":"https:\/\/dev2.pallasdesign.ee\/fi\/wp-json\/wp\/v2\/product_tag?post=21444"}],"curies":[{"name":"wp","href":"https:\/\/api.w.org\/{rel}","templated":true}]}}