{"id":21445,"date":"2023-12-14T11:05:58","date_gmt":"2023-12-14T09:05:58","guid":{"rendered":"https:\/\/dev2.pallasdesign.ee\/kasitoopood\/maaratlemata\/haakortti-vaaleanpunaiset-kukat\/"},"modified":"2025-11-23T16:20:48","modified_gmt":"2025-11-23T14:20:48","slug":"haakortti-vaaleanpunaiset-kukat","status":"publish","type":"product","link":"https:\/\/dev2.pallasdesign.ee\/fi\/haakortti-vaaleanpunaiset-kukat\/","title":{"rendered":"H\u00e4\u00e4kortti \u201dVAALEANPUNAISET KUKAT\u201d"},"content":{"rendered":"<h2>H\u00e4\u00e4kortti vaaleanpunaisilla kukilla<\/h2>\n<p>Valkoisesta kartongista tehty k\u00e4sintehty kortti on koristeltu k\u00e4sity\u00f6paperista ja foamiraanista k\u00e4sin tehdyill\u00e4 kukilla sek\u00e4 h\u00e4\u00e4aiheisilla yksityiskohdilla. Kortin sis\u00e4\u00e4n on mahdollista lis\u00e4t\u00e4 setelitasku.<br \/>\nKortin sis\u00e4sivut ja takakansi ovat valkoiset.<\/p>\n<p><a href=\"https:\/\/dev2.pallasdesign.ee\/fi\/kasintehdyt-kortit\/\"><b>Tutustu Pallas Designin k\u00e4sintehtyjen korttien valikoimaan t\u00e4\u00e4ll\u00e4<\/b><\/a><\/p>\n<h2>Tuotetiedot<\/h2>\n<ul>\n<li>Tavaramerkki: PALLAS DESIGN<\/li>\n<li>Tuotetyyppi: H\u00e4\u00e4kortti<\/li>\n<li>Mitat: 210\u00d7105 mm<\/li>\n<li>Valmistettu design-k\u00e4sity\u00f6n\u00e4<\/li>\n<li>Paketointu ylelliseen, ikkunalliseen metallinhohtoiseen tilavuuskuoreen<\/li>\n<li>Toimitustapa: Toimitus l\u00e4himp\u00e4\u00e4n pakettiautomaattiin<\/li>\n<\/ul>\n","protected":false},"excerpt":{"rendered":"<p>Kaunis, vaaleanpunaisilla kukilla koristeltu h\u00e4\u00e4kortti on valmistettu k\u00e4sity\u00f6n\u00e4. T\u00e4m\u00e4 ihastuttavilla pioneilla ja ruusuilla somistettu kortti j\u00e4\u00e4 h\u00e4\u00e4parille rakkaaksi muistoksi heid\u00e4n ihanasta p\u00e4iv\u00e4st\u00e4. Ja viel\u00e4 parempi on, kun kauniit sanat voidaan pukea kauniiseen esineeseen. T\u00e4m\u00e4 kortti on upea lahja vastanaineille, jotta sinun l\u00e4mmin toivotuksesi kulkisi heid\u00e4n mukanaan koko el\u00e4m\u00e4n. Miksei sit\u00e4 voisi antaa my\u00f6s kaikkein rakkaimmalle h\u00e4\u00e4p\u00e4iv\u00e4n tai vuosip\u00e4iv\u00e4n kunniaksi? Sanat, jotka kirjoitetaan, s\u00e4ilyv\u00e4t \u2013 ja kaunis k\u00e4sintehty kortti vahvistaa niit\u00e4 entisest\u00e4\u00e4n.     <\/p>\n","protected":false},"featured_media":11657,"template":"","meta":[],"product_brand":[],"product_cat":[874,870,962,872,873,875,876,877,880,894,923],"product_tag":[1033,1046],"class_list":{"0":"post-21445","1":"product","2":"type-product","3":"status-publish","4":"has-post-thumbnail","6":"product_cat-haakortit","7":"product_cat-kasintehdyt-kortit","8":"product_cat-pallas-design-fi","9":"product_cat-kasintehdyt-kortit-tallinnassa","10":"product_cat-kasintehtyjen-korttien-valmistus","11":"product_cat-haakortti","12":"product_cat-kasintehdyt-haakortit","13":"product_cat-haapaivakortit","14":"product_cat-onnittelukortti-haaparille","15":"product_cat-setelitaskuhaakortti","16":"product_cat-haat","17":"product_tag-pioni","18":"product_tag-ruusu","19":"no-featured-image-padding","20":"sales-flash-overlay","21":"woocommerce-text-align-center","22":"woocommerce-image-align-center","23":"do-quantity-buttons","25":"first","26":"instock","27":"sold-individually","28":"taxable","29":"shipping-taxable","30":"purchasable","31":"product-type-simple"},"_links":{"self":[{"href":"https:\/\/dev2.pallasdesign.ee\/fi\/wp-json\/wp\/v2\/product\/21445","targetHints":{"allow":["GET"]}}],"collection":[{"href":"https:\/\/dev2.pallasdesign.ee\/fi\/wp-json\/wp\/v2\/product"}],"about":[{"href":"https:\/\/dev2.pallasdesign.ee\/fi\/wp-json\/wp\/v2\/types\/product"}],"wp:featuredmedia":[{"embeddable":true,"href":"https:\/\/dev2.pallasdesign.ee\/fi\/wp-json\/wp\/v2\/media\/11657"}],"wp:attachment":[{"href":"https:\/\/dev2.pallasdesign.ee\/fi\/wp-json\/wp\/v2\/media?parent=21445"}],"wp:term":[{"taxonomy":"product_brand","embeddable":true,"href":"https:\/\/dev2.pallasdesign.ee\/fi\/wp-json\/wp\/v2\/product_brand?post=21445"},{"taxonomy":"product_cat","embeddable":true,"href":"https:\/\/dev2.pallasdesign.ee\/fi\/wp-json\/wp\/v2\/product_cat?post=21445"},{"taxonomy":"product_tag","embeddable":true,"href":"https:\/\/dev2.pallasdesign.ee\/fi\/wp-json\/wp\/v2\/product_tag?post=21445"}],"curies":[{"name":"wp","href":"https:\/\/api.w.org\/{rel}","templated":true}]}}