{"id":21447,"date":"2023-12-08T19:12:31","date_gmt":"2023-12-08T17:12:31","guid":{"rendered":"https:\/\/dev2.pallasdesign.ee\/kasitoopood\/maaratlemata\/vauvakutsukortti-kaksospojat\/"},"modified":"2025-11-23T16:21:40","modified_gmt":"2025-11-23T14:21:40","slug":"vauvakutsukortti-kaksospojat","status":"publish","type":"product","link":"https:\/\/dev2.pallasdesign.ee\/fi\/vauvakutsukortti-kaksospojat\/","title":{"rendered":"Vauvakutsukortti \u201dKAKSOSPOJAT\u201d"},"content":{"rendered":"<h2>Vauvakutsukortti kaksospojat<\/h2>\n<p>Valkoisesta kartongista tehty kortti on koristeltu tummansinisell\u00e4, vaaleansinisell\u00e4 ja kuviollisella design-paperilla sek\u00e4 valkoisella metallisella k\u00e4sity\u00f6paperilla. Kortissa on kuva kaksospojista, ja sit\u00e4 somistavat k\u00e4sin valmistetut ja v\u00e4rj\u00e4tyt upeat siniset kukat. Korttiin on lis\u00e4tty my\u00f6s hieman kultas\u00e4vyisi\u00e4 pienempi\u00e4 kukkia. N\u00e4ytt\u00e4vyytt\u00e4 t\u00e4ydent\u00e4v\u00e4t Mulberryn siniset ruusut.<br \/>\nKortin sis\u00e4sivut ja takakansi ovat valkoiset.   <\/p>\n<p><a href=\"https:\/\/dev2.pallasdesign.ee\/fi\/vauvakutsukortit\/\"><b>Pallas Designin vauvakutsukorttien valikoimaan voit tutustua t\u00e4\u00e4ll\u00e4.<\/b><\/a><\/p>\n<h2>Tuotetiedot<\/h2>\n<ul>\n<li>Tavaramerkki: PALLAS DESIGN<\/li>\n<li>Tuotetyyppi: Vauvakutsukortti<\/li>\n<li>Mitat: 150x148mm<\/li>\n<li>Valmistettu design-k\u00e4sity\u00f6n\u00e4<\/li>\n<li>Paketointu ylelliseen, ikkunalliseen metallinhohtoiseen tilavuuskuoreen<\/li>\n<li>Toimitustapa: Toimitus l\u00e4himp\u00e4\u00e4n pakettiautomaattiin<\/li>\n<\/ul>\n","protected":false},"excerpt":{"rendered":"<p>Vauvakutsukortti Kaksospojat on valmistettu perinteisiss\u00e4 sinisiss\u00e4 s\u00e4vyiss\u00e4 ja koristeltu k\u00e4sin tehdyill\u00e4 kukilla. T\u00e4m\u00e4 klassisensinisiss\u00e4 s\u00e4vyiss\u00e4 ihastuttavan kaunis vauvakutsukortti on kaunis tapa v\u00e4litt\u00e4\u00e4 omat l\u00e4mpim\u00e4t toivotukset ja on suloinen lis\u00e4 jokaiseen lahjaan. El\u00e4m\u00e4n t\u00e4rkein hetki ansaitsee kaikkein kauneimman k\u00e4sintehdyn kortin! Erityinen kortti kahden pojan syntym\u00e4n kunniaksi. \u201dJotkut hetket el\u00e4m\u00e4ss\u00e4 ovat kauniimpia kuin toiset \u2014 jotkut niist\u00e4 ovat aivan erityisen kauniita!\u201d    <\/p>\n","protected":false},"featured_media":11569,"template":"","meta":[],"product_brand":[],"product_cat":[882,870,962,872,873],"product_tag":[1014,1046],"class_list":{"0":"post-21447","1":"product","2":"type-product","3":"status-publish","4":"has-post-thumbnail","6":"product_cat-vauvakutsukortit","7":"product_cat-kasintehdyt-kortit","8":"product_cat-pallas-design-fi","9":"product_cat-kasintehdyt-kortit-tallinnassa","10":"product_cat-kasintehtyjen-korttien-valmistus","11":"product_tag-kukka","12":"product_tag-ruusu","13":"no-featured-image-padding","14":"sales-flash-overlay","15":"woocommerce-text-align-center","16":"woocommerce-image-align-center","17":"do-quantity-buttons","19":"first","20":"instock","21":"sold-individually","22":"taxable","23":"shipping-taxable","24":"purchasable","25":"product-type-simple"},"_links":{"self":[{"href":"https:\/\/dev2.pallasdesign.ee\/fi\/wp-json\/wp\/v2\/product\/21447","targetHints":{"allow":["GET"]}}],"collection":[{"href":"https:\/\/dev2.pallasdesign.ee\/fi\/wp-json\/wp\/v2\/product"}],"about":[{"href":"https:\/\/dev2.pallasdesign.ee\/fi\/wp-json\/wp\/v2\/types\/product"}],"wp:featuredmedia":[{"embeddable":true,"href":"https:\/\/dev2.pallasdesign.ee\/fi\/wp-json\/wp\/v2\/media\/11569"}],"wp:attachment":[{"href":"https:\/\/dev2.pallasdesign.ee\/fi\/wp-json\/wp\/v2\/media?parent=21447"}],"wp:term":[{"taxonomy":"product_brand","embeddable":true,"href":"https:\/\/dev2.pallasdesign.ee\/fi\/wp-json\/wp\/v2\/product_brand?post=21447"},{"taxonomy":"product_cat","embeddable":true,"href":"https:\/\/dev2.pallasdesign.ee\/fi\/wp-json\/wp\/v2\/product_cat?post=21447"},{"taxonomy":"product_tag","embeddable":true,"href":"https:\/\/dev2.pallasdesign.ee\/fi\/wp-json\/wp\/v2\/product_tag?post=21447"}],"curies":[{"name":"wp","href":"https:\/\/api.w.org\/{rel}","templated":true}]}}