{"id":21448,"date":"2023-12-08T19:06:40","date_gmt":"2023-12-08T17:06:40","guid":{"rendered":"https:\/\/dev2.pallasdesign.ee\/kasitoopood\/maaratlemata\/vauvakutsukortti-tytto-ja-poika\/"},"modified":"2025-11-23T16:22:06","modified_gmt":"2025-11-23T14:22:06","slug":"vauvakutsukortti-tytto-ja-poika","status":"publish","type":"product","link":"https:\/\/dev2.pallasdesign.ee\/fi\/vauvakutsukortti-tytto-ja-poika\/","title":{"rendered":"Vauvakutsukortti &#8221;TYTT\u00d6 JA POIKA&#8221;"},"content":{"rendered":"<h2>Vauvakutsukortti kaksosille<\/h2>\n<p>Valkoinen, kauniisti loistava kortti, jota koristaa tummansininen ja vaaleanpunainen kuviollinen design-paperi sek\u00e4 valkoinen metallinen k\u00e4sity\u00f6paperi. Kortissa on kuva kaksosista, ja koristeina on kauniita, k\u00e4sin valmistettuja ja maalattuja kukkia.<br \/>\nKortin sis\u00e4osat ja takakansi ovat valkoiset. <\/p>\n<p><a href=\"https:\/\/dev2.pallasdesign.ee\/fi\/vauvakutsukortit\/\"><b>Pallas Designin vauvakutsukorttien valikoimaan voit tutustua t\u00e4\u00e4ll\u00e4.<\/b><\/a><\/p>\n<h2>Tuotetiedot<\/h2>\n<ul>\n<li>Tavaramerkki: PALLAS DESIGN<\/li>\n<li>Tuotetyyppi: Vauvakutsukortti<\/li>\n<li>Mitat: 150x148mm<\/li>\n<li>Valmistettu design-k\u00e4sity\u00f6n\u00e4<\/li>\n<li>Paketointu ylelliseen, ikkunalliseen metallinhohtoiseen tilavuuskuoreen<\/li>\n<li>Toimitustapa: Toimitus l\u00e4himp\u00e4\u00e4n pakettiautomaattiin<\/li>\n<\/ul>\n","protected":false},"excerpt":{"rendered":"<p>Vauvakutsukortti kaksosille on suunniteltu vaaleanpunaisissa ja sinisiss\u00e4 s\u00e4vyiss\u00e4, ja sit\u00e4 koristavat suloiset k\u00e4sintehdyt kukat. T\u00e4m\u00e4 persoonallinen k\u00e4sity\u00f6kortti hurmaa ajattomalla muotoilullaan \u2013 sit\u00e4 on mahdoton olla huomaamatta! V\u00e4rien lumo ja kukkien runsas valikoima tekev\u00e4t kortista upean kokonaisuuden. Ylellinen kortti tyt\u00f6n ja pojan syntym\u00e4n juhlistamiseen.   <\/p>\n","protected":false},"featured_media":11557,"template":"","meta":[],"product_brand":[],"product_cat":[882,870,962,872,873],"product_tag":[1014],"class_list":{"0":"post-21448","1":"product","2":"type-product","3":"status-publish","4":"has-post-thumbnail","6":"product_cat-vauvakutsukortit","7":"product_cat-kasintehdyt-kortit","8":"product_cat-pallas-design-fi","9":"product_cat-kasintehdyt-kortit-tallinnassa","10":"product_cat-kasintehtyjen-korttien-valmistus","11":"product_tag-kukka","12":"no-featured-image-padding","13":"sales-flash-overlay","14":"woocommerce-text-align-center","15":"woocommerce-image-align-center","16":"do-quantity-buttons","18":"first","19":"instock","20":"sold-individually","21":"taxable","22":"shipping-taxable","23":"purchasable","24":"product-type-simple"},"_links":{"self":[{"href":"https:\/\/dev2.pallasdesign.ee\/fi\/wp-json\/wp\/v2\/product\/21448","targetHints":{"allow":["GET"]}}],"collection":[{"href":"https:\/\/dev2.pallasdesign.ee\/fi\/wp-json\/wp\/v2\/product"}],"about":[{"href":"https:\/\/dev2.pallasdesign.ee\/fi\/wp-json\/wp\/v2\/types\/product"}],"wp:featuredmedia":[{"embeddable":true,"href":"https:\/\/dev2.pallasdesign.ee\/fi\/wp-json\/wp\/v2\/media\/11557"}],"wp:attachment":[{"href":"https:\/\/dev2.pallasdesign.ee\/fi\/wp-json\/wp\/v2\/media?parent=21448"}],"wp:term":[{"taxonomy":"product_brand","embeddable":true,"href":"https:\/\/dev2.pallasdesign.ee\/fi\/wp-json\/wp\/v2\/product_brand?post=21448"},{"taxonomy":"product_cat","embeddable":true,"href":"https:\/\/dev2.pallasdesign.ee\/fi\/wp-json\/wp\/v2\/product_cat?post=21448"},{"taxonomy":"product_tag","embeddable":true,"href":"https:\/\/dev2.pallasdesign.ee\/fi\/wp-json\/wp\/v2\/product_tag?post=21448"}],"curies":[{"name":"wp","href":"https:\/\/api.w.org\/{rel}","templated":true}]}}