{"id":21449,"date":"2023-12-08T18:53:13","date_gmt":"2023-12-08T16:53:13","guid":{"rendered":"https:\/\/dev2.pallasdesign.ee\/kasitoopood\/maaratlemata\/vauvakutsukortti-tahti-on-syntynyt\/"},"modified":"2025-11-23T16:22:32","modified_gmt":"2025-11-23T14:22:32","slug":"vauvakutsukortti-tahti-on-syntynyt","status":"publish","type":"product","link":"https:\/\/dev2.pallasdesign.ee\/fi\/vauvakutsukortti-tahti-on-syntynyt\/","title":{"rendered":"Vauvakutsukortti &#8221;T\u00c4HTI ON SYNTYNYT&#8221;"},"content":{"rendered":"<h2>Vauvakutsukortti pojalle<\/h2>\n<p>K\u00e4sintehty valkoinen kartonkikortti, jossa on k\u00e4ytetty laadukkaita design- ja metallisia k\u00e4sity\u00f6papereita. Korttia koristavat k\u00e4sin valmistetut ja maalatut kukat, joita t\u00e4ydent\u00e4v\u00e4t aksentiksi lis\u00e4tyt Mulberryn turkoosinsiniset ruusut.<br \/>\nKortin sis\u00e4sivut ja takakansi ovat valkoiset. <\/p>\n<p><a href=\"https:\/\/dev2.pallasdesign.ee\/fi\/vauvakutsukortit\/\"><b>Pallas Designin vauvakutsukorttien valikoimaan voit tutustua t\u00e4\u00e4ll\u00e4.<\/b><\/a><\/p>\n<h2>Tuotetiedot<\/h2>\n<ul>\n<li>Tavaramerkki: PALLAS DESIGN<\/li>\n<li>Tuotetyyppi: Vauvakutsukortti<\/li>\n<li>Mitat: 150x148mm<\/li>\n<li>Valmistettu design-k\u00e4sity\u00f6n\u00e4<\/li>\n<li>Paketointu ylelliseen, ikkunalliseen metallinhohtoiseen tilavuuskuoreen<\/li>\n<li>Toimitustapa: Toimitus l\u00e4himp\u00e4\u00e4n pakettiautomaattiin<\/li>\n<\/ul>\n","protected":false},"excerpt":{"rendered":"<p>Vauvakutsukortti pojalle on valmistettu perinteisiss\u00e4 sinisen ja vihre\u00e4n s\u00e4vyiss\u00e4. Korttia koristavat upeat, k\u00e4sin tehdyt ja maalatut kukat. T\u00e4m\u00e4 hurmaava katseenvangitsija on suloinen vauvakutsukortti pikkupojan syntym\u00e4n juhlistamiseen. Lapsen syntym\u00e4 on erityinen hetki, ja k\u00e4sintehdyt kortit ovat ihana lis\u00e4 jokaiseen lahjaan.<br \/>Laadukas kortti vauvapojan syntym\u00e4\u00e4n.     <\/p>\n","protected":false},"featured_media":11545,"template":"","meta":[],"product_brand":[],"product_cat":[882,870,962,872,873],"product_tag":[1014,1046],"class_list":{"0":"post-21449","1":"product","2":"type-product","3":"status-publish","4":"has-post-thumbnail","6":"product_cat-vauvakutsukortit","7":"product_cat-kasintehdyt-kortit","8":"product_cat-pallas-design-fi","9":"product_cat-kasintehdyt-kortit-tallinnassa","10":"product_cat-kasintehtyjen-korttien-valmistus","11":"product_tag-kukka","12":"product_tag-ruusu","13":"no-featured-image-padding","14":"sales-flash-overlay","15":"woocommerce-text-align-center","16":"woocommerce-image-align-center","17":"do-quantity-buttons","19":"first","20":"instock","21":"sold-individually","22":"taxable","23":"shipping-taxable","24":"purchasable","25":"product-type-simple"},"_links":{"self":[{"href":"https:\/\/dev2.pallasdesign.ee\/fi\/wp-json\/wp\/v2\/product\/21449","targetHints":{"allow":["GET"]}}],"collection":[{"href":"https:\/\/dev2.pallasdesign.ee\/fi\/wp-json\/wp\/v2\/product"}],"about":[{"href":"https:\/\/dev2.pallasdesign.ee\/fi\/wp-json\/wp\/v2\/types\/product"}],"wp:featuredmedia":[{"embeddable":true,"href":"https:\/\/dev2.pallasdesign.ee\/fi\/wp-json\/wp\/v2\/media\/11545"}],"wp:attachment":[{"href":"https:\/\/dev2.pallasdesign.ee\/fi\/wp-json\/wp\/v2\/media?parent=21449"}],"wp:term":[{"taxonomy":"product_brand","embeddable":true,"href":"https:\/\/dev2.pallasdesign.ee\/fi\/wp-json\/wp\/v2\/product_brand?post=21449"},{"taxonomy":"product_cat","embeddable":true,"href":"https:\/\/dev2.pallasdesign.ee\/fi\/wp-json\/wp\/v2\/product_cat?post=21449"},{"taxonomy":"product_tag","embeddable":true,"href":"https:\/\/dev2.pallasdesign.ee\/fi\/wp-json\/wp\/v2\/product_tag?post=21449"}],"curies":[{"name":"wp","href":"https:\/\/api.w.org\/{rel}","templated":true}]}}