{"id":21450,"date":"2023-12-08T18:28:57","date_gmt":"2023-12-08T16:28:57","guid":{"rendered":"https:\/\/dev2.pallasdesign.ee\/kasitoopood\/maaratlemata\/joulukortti-hopeinen-luksus-joulutahtien-kanssa\/"},"modified":"2025-11-23T16:23:09","modified_gmt":"2025-11-23T14:23:09","slug":"joulukortti-hopeinen-luksus-joulutahtien-kanssa","status":"publish","type":"product","link":"https:\/\/dev2.pallasdesign.ee\/fi\/joulukortti-hopeinen-luksus-joulutahtien-kanssa\/","title":{"rendered":"Joulukortti &#8221;HOPEINEN LUKSUS JOULUT\u00c4HTIEN KANSSA&#8221;"},"content":{"rendered":"<h2>Hopeinen luksus joulut\u00e4htien kanssa joulukortti<\/h2>\n<p>Valkoiselle kartongille tehty kortti, jota koristavat erilaiset jouluteemaiset k\u00e4sity\u00f6paperileikkaukset sek\u00e4 k\u00e4sin valmistetut joulut\u00e4hdet. Kortin taustalla on k\u00e4ytetty koristelutekniikkaa, jossa leimasimen, kohojauheen ja kuumailmapuhaltimen avulla on luotu kaunis hopeinen lumihiutaletehoste. Kortissa on k\u00e4ytetty my\u00f6s lumi- ja kristalliefektej\u00e4, jotka tuovat siihen viel\u00e4 enemm\u00e4n s\u00e4ihkett\u00e4.<x id=\"gid_0\"><\/x>Kortin sis\u00e4sivut ja takakansi ovat valkoiset. Korttiin on mahdollista lis\u00e4t\u00e4 setelitasku.   <\/p>\n<p><a href=\"https:\/\/dev2.pallasdesign.ee\/fi\/joulukortit\/\"><b>Pallas Designin joulukorttivalikoimaan voit tutustua t\u00e4\u00e4ll\u00e4<\/b><\/a><\/p>\n<h2>Tuotetiedot<\/h2>\n<ul>\n<li>Tavaramerkki: PALLAS DESIGN<\/li>\n<li>Tuotetyyppi: Joulukortti<\/li>\n<li>Mitat: 210\u00d7105 mm<\/li>\n<li>Valmistettu design-k\u00e4sity\u00f6n\u00e4<\/li>\n<li>Paketointu ylelliseen, ikkunalliseen metallinhohtoiseen tilavuuskuoreen<\/li>\n<li>Toimitustapa: Toimitus l\u00e4himp\u00e4\u00e4n pakettiautomaattiin<\/li>\n<\/ul>\n","protected":false},"excerpt":{"rendered":"<p>Ylellisen kaunis, jouluinen kortti.<br \/>\nJoulukortti &#8221;Hopeinen luksus joulut\u00e4htien kanssa&#8221; on kaunis talvi- ja jouluaiheinen k\u00e4sintehty kortti, joka sopii t\u00e4ydellisesti joululahjojen seuraksi. Kortti on ylellinen ja t\u00e4ynn\u00e4 s\u00e4ihkyvi\u00e4, runsaita koristeita. Taustalla on rakenteellinen kuvio, jossa on k\u00e4ytetty kuuma-embossaus-koristelutekniikkaa.  <\/p>\n","protected":false},"featured_media":12133,"template":"","meta":[],"product_brand":[],"product_cat":[888,870,962,872,873],"product_tag":[973,995,996],"class_list":{"0":"post-21450","1":"product","2":"type-product","3":"status-publish","4":"has-post-thumbnail","6":"product_cat-joulukortit","7":"product_cat-kasintehdyt-kortit","8":"product_cat-pallas-design-fi","9":"product_cat-kasintehdyt-kortit-tallinnassa","10":"product_cat-kasintehtyjen-korttien-valmistus","11":"product_tag-adventti","12":"product_tag-joulu","13":"product_tag-joulutahti","14":"no-featured-image-padding","15":"sales-flash-overlay","16":"woocommerce-text-align-center","17":"woocommerce-image-align-center","18":"do-quantity-buttons","20":"first","21":"instock","22":"sold-individually","23":"taxable","24":"shipping-taxable","25":"purchasable","26":"product-type-simple"},"_links":{"self":[{"href":"https:\/\/dev2.pallasdesign.ee\/fi\/wp-json\/wp\/v2\/product\/21450","targetHints":{"allow":["GET"]}}],"collection":[{"href":"https:\/\/dev2.pallasdesign.ee\/fi\/wp-json\/wp\/v2\/product"}],"about":[{"href":"https:\/\/dev2.pallasdesign.ee\/fi\/wp-json\/wp\/v2\/types\/product"}],"wp:featuredmedia":[{"embeddable":true,"href":"https:\/\/dev2.pallasdesign.ee\/fi\/wp-json\/wp\/v2\/media\/12133"}],"wp:attachment":[{"href":"https:\/\/dev2.pallasdesign.ee\/fi\/wp-json\/wp\/v2\/media?parent=21450"}],"wp:term":[{"taxonomy":"product_brand","embeddable":true,"href":"https:\/\/dev2.pallasdesign.ee\/fi\/wp-json\/wp\/v2\/product_brand?post=21450"},{"taxonomy":"product_cat","embeddable":true,"href":"https:\/\/dev2.pallasdesign.ee\/fi\/wp-json\/wp\/v2\/product_cat?post=21450"},{"taxonomy":"product_tag","embeddable":true,"href":"https:\/\/dev2.pallasdesign.ee\/fi\/wp-json\/wp\/v2\/product_tag?post=21450"}],"curies":[{"name":"wp","href":"https:\/\/api.w.org\/{rel}","templated":true}]}}