{"id":21451,"date":"2023-12-08T18:17:41","date_gmt":"2023-12-08T16:17:41","guid":{"rendered":"https:\/\/dev2.pallasdesign.ee\/kasitoopood\/maaratlemata\/joulukortti-talvi-illan-lumiset-talot\/"},"modified":"2025-11-23T16:23:48","modified_gmt":"2025-11-23T14:23:48","slug":"joulukortti-talvi-illan-lumiset-talot","status":"publish","type":"product","link":"https:\/\/dev2.pallasdesign.ee\/fi\/joulukortti-talvi-illan-lumiset-talot\/","title":{"rendered":"Joulukortti &#8221;TALVI-ILLAN LUMISET TALOT&#8221;"},"content":{"rendered":"<h2>Talvi-illan lumiset talot joulukortti<\/h2>\n<p>Valkoiselle kartongille tehty kortti, jota koristavat erilaiset jouluteemaiset k\u00e4sity\u00f6paperileikkaukset sek\u00e4 k\u00e4sin valmistettu joulut\u00e4hti. Kortin pinnalla on paikoitellen k\u00e4ytetty lumiefekti\u00e4, joka lis\u00e4\u00e4 siihen s\u00e4ihkett\u00e4 ja kimallusta.<x id=\"gid_0\"><\/x>Kortin sis\u00e4sivut ja takakansi ovat valkoiset. Korttiin on mahdollista lis\u00e4t\u00e4 rahalokero.  <\/p>\n<p><a href=\"https:\/\/dev2.pallasdesign.ee\/fi\/joulukortit\/\"><b>Pallas Designin joulukorttivalikoimaan voit tutustua t\u00e4\u00e4ll\u00e4<\/b><\/a><\/p>\n<h2>Tuotetiedot<\/h2>\n<ul>\n<li>Tavaramerkki: PALLAS DESIGN<\/li>\n<li>Tuotetyyppi: Joulukortti<\/li>\n<li>Mitat: 210\u00d7105 mm<\/li>\n<li>Valmistettu design-k\u00e4sity\u00f6n\u00e4<\/li>\n<li>Paketointu ylelliseen, ikkunalliseen metallinhohtoiseen tilavuuskuoreen<\/li>\n<li>Toimitustapa: Toimitus l\u00e4himp\u00e4\u00e4n pakettiautomaattiin<\/li>\n<\/ul>\n","protected":false},"excerpt":{"rendered":"<p>Joulukortti &#8221;Talvi-illan lumiset talot&#8221; on kaunis talvi- ja jouluaiheinen k\u00e4sintehty kortti, joka sopii t\u00e4ydellisesti joululahjojen seuraksi. Kortti on ylellinen ja t\u00e4ynn\u00e4 s\u00e4ihkyvi\u00e4, runsaita koristeita. Taustalla on rakenteellinen kuvio, joka on k\u00e4sin maalattu.  <\/p>\n","protected":false},"featured_media":12125,"template":"","meta":[],"product_brand":[],"product_cat":[888,870,962,872,873],"product_tag":[973,995,996],"class_list":{"0":"post-21451","1":"product","2":"type-product","3":"status-publish","4":"has-post-thumbnail","6":"product_cat-joulukortit","7":"product_cat-kasintehdyt-kortit","8":"product_cat-pallas-design-fi","9":"product_cat-kasintehdyt-kortit-tallinnassa","10":"product_cat-kasintehtyjen-korttien-valmistus","11":"product_tag-adventti","12":"product_tag-joulu","13":"product_tag-joulutahti","14":"no-featured-image-padding","15":"sales-flash-overlay","16":"woocommerce-text-align-center","17":"woocommerce-image-align-center","18":"do-quantity-buttons","20":"first","21":"instock","22":"sold-individually","23":"taxable","24":"shipping-taxable","25":"purchasable","26":"product-type-simple"},"_links":{"self":[{"href":"https:\/\/dev2.pallasdesign.ee\/fi\/wp-json\/wp\/v2\/product\/21451","targetHints":{"allow":["GET"]}}],"collection":[{"href":"https:\/\/dev2.pallasdesign.ee\/fi\/wp-json\/wp\/v2\/product"}],"about":[{"href":"https:\/\/dev2.pallasdesign.ee\/fi\/wp-json\/wp\/v2\/types\/product"}],"wp:featuredmedia":[{"embeddable":true,"href":"https:\/\/dev2.pallasdesign.ee\/fi\/wp-json\/wp\/v2\/media\/12125"}],"wp:attachment":[{"href":"https:\/\/dev2.pallasdesign.ee\/fi\/wp-json\/wp\/v2\/media?parent=21451"}],"wp:term":[{"taxonomy":"product_brand","embeddable":true,"href":"https:\/\/dev2.pallasdesign.ee\/fi\/wp-json\/wp\/v2\/product_brand?post=21451"},{"taxonomy":"product_cat","embeddable":true,"href":"https:\/\/dev2.pallasdesign.ee\/fi\/wp-json\/wp\/v2\/product_cat?post=21451"},{"taxonomy":"product_tag","embeddable":true,"href":"https:\/\/dev2.pallasdesign.ee\/fi\/wp-json\/wp\/v2\/product_tag?post=21451"}],"curies":[{"name":"wp","href":"https:\/\/api.w.org\/{rel}","templated":true}]}}