{"id":21452,"date":"2023-12-08T17:57:29","date_gmt":"2023-12-08T15:57:29","guid":{"rendered":"https:\/\/dev2.pallasdesign.ee\/kasitoopood\/maaratlemata\/kasintehty-kortti-hyvaa-uutta-vuotta\/"},"modified":"2025-11-23T16:24:17","modified_gmt":"2025-11-23T14:24:17","slug":"kasintehty-kortti-hyvaa-uutta-vuotta","status":"publish","type":"product","link":"https:\/\/dev2.pallasdesign.ee\/fi\/kasintehty-kortti-hyvaa-uutta-vuotta\/","title":{"rendered":"K\u00e4sintehty kortti &#8221;HYV\u00c4\u00c4 UUTTA VUOTTA&#8221;"},"content":{"rendered":"<h2>&#8221;Hyv\u00e4\u00e4 uutta vuotta!&#8221; k\u00e4sintehty kortti<\/h2>\n<p>Ylellisesti koristeltu k\u00e4sintehty kortti on valmistettu valkoisesta kartongista, design-paperista ja metallisesta k\u00e4sity\u00f6paperista.<br \/>\nKukat kortilla on valmistettu k\u00e4sity\u00f6n\u00e4. Kortin sis\u00e4sivut ja takakansi ovat valkoiset. Korttiin on mahdollista lis\u00e4t\u00e4 setelitasku.<\/p>\n<p><a href=\"https:\/\/dev2.pallasdesign.ee\/fi\/joulukortit\/\"><b>Pallas Designin joulukorttivalikoimaan voit tutustua t\u00e4\u00e4ll\u00e4<\/b><\/a><\/p>\n<h2>Tuotetiedot<\/h2>\n<ul>\n<li>Tavaramerkki: PALLAS DESIGN<\/li>\n<li>Tuotetyyppi: Joulukortti<\/li>\n<li>Mitat: 150x148mm<\/li>\n<li>Valmistettu design-k\u00e4sity\u00f6n\u00e4<\/li>\n<li>Paketointu ylelliseen, ikkunalliseen metallinhohtoiseen tilavuuskuoreen<\/li>\n<li>Toimitustapa: Toimitus l\u00e4himp\u00e4\u00e4n pakettiautomaattiin<\/li>\n<\/ul>\n","protected":false},"excerpt":{"rendered":"<p>\u201cHyv\u00e4\u00e4 uutta vuotta!\u201d k\u00e4sintehty kortti jouluun ja vuodenvaihteeseen. Kortissa on 3D-tekstiefekti. Kaunis talvi- ja jouluaiheinen k\u00e4sity\u00f6kortti, joka sopii erinomaisesti lahjan seuraksi. Korttia koristavat runsaat, k\u00e4sin valmistetut joulut\u00e4hdet. Yll\u00e4t\u00e4 rakas ihminen kauniilla k\u00e4sintehdyll\u00e4 kortilla!    <\/p>\n","protected":false},"featured_media":12115,"template":"","meta":[],"product_brand":[],"product_cat":[888,870,962,872,873],"product_tag":[973,995,996],"class_list":{"0":"post-21452","1":"product","2":"type-product","3":"status-publish","4":"has-post-thumbnail","6":"product_cat-joulukortit","7":"product_cat-kasintehdyt-kortit","8":"product_cat-pallas-design-fi","9":"product_cat-kasintehdyt-kortit-tallinnassa","10":"product_cat-kasintehtyjen-korttien-valmistus","11":"product_tag-adventti","12":"product_tag-joulu","13":"product_tag-joulutahti","14":"no-featured-image-padding","15":"sales-flash-overlay","16":"woocommerce-text-align-center","17":"woocommerce-image-align-center","18":"do-quantity-buttons","20":"first","21":"instock","22":"sold-individually","23":"taxable","24":"shipping-taxable","25":"purchasable","26":"product-type-simple"},"_links":{"self":[{"href":"https:\/\/dev2.pallasdesign.ee\/fi\/wp-json\/wp\/v2\/product\/21452","targetHints":{"allow":["GET"]}}],"collection":[{"href":"https:\/\/dev2.pallasdesign.ee\/fi\/wp-json\/wp\/v2\/product"}],"about":[{"href":"https:\/\/dev2.pallasdesign.ee\/fi\/wp-json\/wp\/v2\/types\/product"}],"wp:featuredmedia":[{"embeddable":true,"href":"https:\/\/dev2.pallasdesign.ee\/fi\/wp-json\/wp\/v2\/media\/12115"}],"wp:attachment":[{"href":"https:\/\/dev2.pallasdesign.ee\/fi\/wp-json\/wp\/v2\/media?parent=21452"}],"wp:term":[{"taxonomy":"product_brand","embeddable":true,"href":"https:\/\/dev2.pallasdesign.ee\/fi\/wp-json\/wp\/v2\/product_brand?post=21452"},{"taxonomy":"product_cat","embeddable":true,"href":"https:\/\/dev2.pallasdesign.ee\/fi\/wp-json\/wp\/v2\/product_cat?post=21452"},{"taxonomy":"product_tag","embeddable":true,"href":"https:\/\/dev2.pallasdesign.ee\/fi\/wp-json\/wp\/v2\/product_tag?post=21452"}],"curies":[{"name":"wp","href":"https:\/\/api.w.org\/{rel}","templated":true}]}}